{"id":27350,"date":"2024-10-05T13:27:04","date_gmt":"2024-10-05T11:27:04","guid":{"rendered":"https:\/\/herbastore.sk\/produkty\/nezarazene\/gels-viewvita\/"},"modified":"2024-10-06T22:46:18","modified_gmt":"2024-10-06T20:46:18","slug":"gels-viewvita","status":"publish","type":"product","link":"https:\/\/herbastore.sk\/cs\/produkty\/vitaminy-a-mineraly\/gels-viewvita\/","title":{"rendered":"Gels ViewVita"},"content":{"rendered":"<h2>Herbalife Gels ViewVita \u017ev\u00fdkac\u00ed gelov\u00e9 tablety \u2013 podpora zraku<\/h2>\n<p> Podpo\u0159te sv\u016fj zrak bez n\u00e1mahy s Herbalife Gels ViewVita. ViewVita je lahodn\u00fd gelov\u00fd dopln\u011bk s luteinem a zeaxantinem, kter\u00e9 zvy\u0161uj\u00ed optickou hustotu makul\u00e1rn\u00edho pigmentu s\u00edtnice (MPOD), co\u017e m\u016f\u017ee pomoci chr\u00e1nit va\u0161e o\u010di p\u0159ed potenci\u00e1ln\u011b \u0161kodliv\u00fdm modr\u00fdm sv\u011btlem, pomoci udr\u017eet zdrav\u00ed o\u010d\u00ed b\u011bhem st\u00e1rnut\u00ed a poskytnout o\u010d\u00edm nutri\u010dn\u00ed podporu. Kognitivn\u00ed v\u00fdhody jsou tak\u00e9 pozorov\u00e1ny, v\u010detn\u011b zlep\u0161en\u00e9 rychlosti vizu\u00e1ln\u00edho zpracov\u00e1n\u00ed, prostorov\u00e9 pam\u011bti, komplexn\u00ed pozornosti, a kognitivn\u00ed flexibility. ViewVita obsahuje vitam\u00edn A, zinek a DHA, kter\u00e9 p\u0159isp\u00edvaj\u00ed k udr\u017een\u00ed norm\u00e1ln\u00edho zraku.* Herbalife Gels ViewVita obsahuje p\u0159\u00edrodn\u00ed barviva a p\u0159\u00edchut\u011b. Dopln\u011bk stravy, kter\u00e9mu m\u016f\u017eete d\u016fv\u011b\u0159ovat. D\u00edky p\u0159\u00edjemn\u00e9 chuti a form\u00e1tu \u017ev\u00fdkac\u00edho gelu jsou dokonal\u00fdm dopl\u0148kem va\u0161\u00ed ka\u017edodenn\u00ed rutiny. <em>*P\u0159\u00edzniv\u00e9ho \u00fa\u010dinku je dosa\u017eeno p\u0159i denn\u00edm p\u0159\u00edjmu 250 mg DHA.<\/em><\/p>\n<h2>Efekty a vlastnosti<\/h2>\n<ul>\n<li class=\"bullet-checkmark\">Obsahuje lutein a zeaxantin<\/li>\n<li class=\"bullet-checkmark\">Obsahuje vitam\u00edn A, kter\u00fd p\u0159isp\u00edv\u00e1 k norm\u00e1ln\u00edmu zraku<\/li>\n<li class=\"bullet-checkmark\">Obsahuje DHA, kter\u00e1 p\u0159isp\u00edv\u00e1 k norm\u00e1ln\u00edmu zraku a norm\u00e1ln\u00ed funkci mozku<\/li>\n<li class=\"bullet-checkmark\">Obsahuje zinek, kter\u00fd p\u0159isp\u00edv\u00e1 k norm\u00e1ln\u00edmu zraku, chr\u00e1n\u00ed bu\u0148ky p\u0159ed oxidativn\u00edm stresem a podporuje norm\u00e1ln\u00ed metabolismus vitaminu A<\/li>\n<li class=\"bullet-checkmark\">M\u00e1 lahodnou chu\u0165 bobul\u00ed a citrusov\u00fdch plod\u016f<\/li>\n<li class=\"bullet-checkmark\">Je bez cukru<\/li>\n<li class=\"bullet-checkmark\">Je bezlepkov\u00fd<\/li>\n<li class=\"bullet-checkmark\">Obsahuje p\u0159\u00edrodn\u00ed barviva a aromata<\/li>\n<li class=\"bullet-checkmark\">Dod\u00e1v\u00e1 se v balen\u00ed po 30 \u017ev\u00fdkac\u00edch gelov\u00fdch tablet\u00e1ch<\/li>\n<\/ul>\n<h2>D\u00e1vkov\u00e1n\u00ed<\/h2>\n<p> U\u017e\u00edvejte jednu \u017ev\u00fdkac\u00ed gelovou tabletu denn\u011b. Pou\u017e\u00edvejte tento produkt v r\u00e1mci vyv\u00e1\u017een\u00e9 a pestr\u00e9 stravy jako sou\u010d\u00e1st zdrav\u00e9ho aktivn\u00edho \u017eivotn\u00edho stylu.  <a href=\"https:\/\/herbastore.sk\/wp-content\/uploads\/2024\/10\/Herbalife-Gels-ViewVita-vyzivova-hodnota.png\"><img loading=\"lazy\" decoding=\"async\" class=\"aligncenter wp-image-27335 size-full\" src=\"https:\/\/herbastore.sk\/wp-content\/uploads\/2024\/10\/Herbalife-Gels-ViewVita-vyzivova-hodnota.png\" alt=\"Herbalife Gels ViewVita nutri\u010dn\u00ed hodnota\" width=\"700\" height=\"394\" srcset=\"https:\/\/herbastore.sk\/wp-content\/uploads\/2024\/10\/Herbalife-Gels-ViewVita-vyzivova-hodnota.png 700w, https:\/\/herbastore.sk\/wp-content\/uploads\/2024\/10\/Herbalife-Gels-ViewVita-vyzivova-hodnota-267x150.png 267w, https:\/\/herbastore.sk\/wp-content\/uploads\/2024\/10\/Herbalife-Gels-ViewVita-vyzivova-hodnota-534x301.png 534w\" sizes=\"auto, (max-width: 700px) 100vw, 700px\" \/><\/a><\/p>\n<p style=\"text-align: center;\"><em>Nutri\u010dn\u00ed hodnota &#8211; Herbalife Gels ViewVita<\/em><\/p>\n","protected":false},"excerpt":{"rendered":"<p>30 gelov\u00fdch tablet <\/p>\n<div class=\"is-divider divider clearfix\"><\/div>\n<p>  Lahodn\u00fd, \u017ev\u00fdkac\u00ed gelov\u00fd dopln\u011bk stravy ur\u010den\u00fd k podpo\u0159e zraku.<\/p>\n","protected":false},"featured_media":27317,"comment_status":"open","ping_status":"closed","template":"","meta":{"inline_featured_image":false},"product_brand":[],"product_cat":[187],"product_tag":[],"class_list":{"0":"post-27350","1":"product","2":"type-product","3":"status-publish","4":"has-post-thumbnail","6":"product_cat-vitaminy-a-mineraly","8":"first","9":"instock","10":"taxable","11":"shipping-taxable","12":"purchasable","13":"product-type-simple"},"yoast_head":"<!-- This site is optimized with the Yoast SEO plugin v26.8 - https:\/\/yoast.com\/product\/yoast-seo-wordpress\/ -->\n<title>Herbalife Gels ViewVita 30 gelov\u00fdch tablet - herbastore<\/title>\n<meta name=\"description\" content=\"Herbalife Gels ViewVita je lahodn\u00fd, \u017ev\u00fdkac\u00ed gelov\u00fd dopln\u011bk ur\u010den\u00fd k podpo\u0159e va\u0161eho zraku.\" \/>\n<meta name=\"robots\" content=\"index, follow, max-snippet:-1, max-image-preview:large, max-video-preview:-1\" \/>\n<link rel=\"canonical\" href=\"https:\/\/herbastore.sk\/cs\/produkty\/vitaminy-a-mineraly\/gels-viewvita\/\" \/>\n<meta property=\"og:locale\" content=\"cs_CZ\" \/>\n<meta property=\"og:type\" content=\"article\" \/>\n<meta property=\"og:title\" content=\"Herbalife Gels ViewVita 30 gelov\u00fdch tablet - herbastore\" \/>\n<meta property=\"og:description\" content=\"Herbalife Gels ViewVita je lahodn\u00fd, \u017ev\u00fdkac\u00ed gelov\u00fd dopln\u011bk ur\u010den\u00fd k podpo\u0159e va\u0161eho zraku.\" \/>\n<meta property=\"og:url\" content=\"https:\/\/herbastore.sk\/cs\/produkty\/vitaminy-a-mineraly\/gels-viewvita\/\" \/>\n<meta property=\"og:site_name\" content=\"herbastore\" \/>\n<meta property=\"article:publisher\" content=\"https:\/\/www.facebook.com\/herbastoresk\/\" \/>\n<meta property=\"article:modified_time\" content=\"2024-10-06T20:46:18+00:00\" \/>\n<meta property=\"og:image\" content=\"https:\/\/herbastore.sk\/wp-content\/uploads\/2024\/10\/Herbalife-Gels-ViewVita.jpg\" \/>\n\t<meta property=\"og:image:width\" content=\"534\" \/>\n\t<meta property=\"og:image:height\" content=\"800\" \/>\n\t<meta property=\"og:image:type\" content=\"image\/jpeg\" \/>\n<meta name=\"twitter:card\" content=\"summary_large_image\" \/>\n<meta name=\"twitter:label1\" content=\"Odhadovan\u00e1 doba \u010dten\u00ed\" \/>\n\t<meta name=\"twitter:data1\" content=\"2 minuty\" \/>\n<script type=\"application\/ld+json\" class=\"yoast-schema-graph\">{\"@context\":\"https:\/\/schema.org\",\"@graph\":[{\"@type\":\"WebPage\",\"@id\":\"https:\/\/herbastore.sk\/cs\/produkty\/vitaminy-a-mineraly\/gels-viewvita\/\",\"url\":\"https:\/\/herbastore.sk\/cs\/produkty\/vitaminy-a-mineraly\/gels-viewvita\/\",\"name\":\"Herbalife Gels ViewVita 30 gelov\u00fdch tablet - herbastore\",\"isPartOf\":{\"@id\":\"https:\/\/herbastore.sk\/cs\/#website\"},\"primaryImageOfPage\":{\"@id\":\"https:\/\/herbastore.sk\/cs\/produkty\/vitaminy-a-mineraly\/gels-viewvita\/#primaryimage\"},\"image\":{\"@id\":\"https:\/\/herbastore.sk\/cs\/produkty\/vitaminy-a-mineraly\/gels-viewvita\/#primaryimage\"},\"thumbnailUrl\":\"https:\/\/herbastore.sk\/wp-content\/uploads\/2024\/10\/Herbalife-Gels-ViewVita.jpg\",\"datePublished\":\"2024-10-05T11:27:04+00:00\",\"dateModified\":\"2024-10-06T20:46:18+00:00\",\"description\":\"Herbalife Gels ViewVita je lahodn\u00fd, \u017ev\u00fdkac\u00ed gelov\u00fd dopln\u011bk ur\u010den\u00fd k podpo\u0159e va\u0161eho zraku.\",\"breadcrumb\":{\"@id\":\"https:\/\/herbastore.sk\/cs\/produkty\/vitaminy-a-mineraly\/gels-viewvita\/#breadcrumb\"},\"inLanguage\":\"cs\",\"potentialAction\":[{\"@type\":\"ReadAction\",\"target\":[\"https:\/\/herbastore.sk\/cs\/produkty\/vitaminy-a-mineraly\/gels-viewvita\/\"]}]},{\"@type\":\"ImageObject\",\"inLanguage\":\"cs\",\"@id\":\"https:\/\/herbastore.sk\/cs\/produkty\/vitaminy-a-mineraly\/gels-viewvita\/#primaryimage\",\"url\":\"https:\/\/herbastore.sk\/wp-content\/uploads\/2024\/10\/Herbalife-Gels-ViewVita.jpg\",\"contentUrl\":\"https:\/\/herbastore.sk\/wp-content\/uploads\/2024\/10\/Herbalife-Gels-ViewVita.jpg\",\"width\":534,\"height\":800,\"caption\":\"Herbalife Gels ViewVita\"},{\"@type\":\"BreadcrumbList\",\"@id\":\"https:\/\/herbastore.sk\/cs\/produkty\/vitaminy-a-mineraly\/gels-viewvita\/#breadcrumb\",\"itemListElement\":[{\"@type\":\"ListItem\",\"position\":1,\"name\":\"Home\",\"item\":\"https:\/\/herbastore.sk\/cs\/\"},{\"@type\":\"ListItem\",\"position\":2,\"name\":\"Produkty\",\"item\":\"https:\/\/herbastore.sk\/cs\/produkty\/\"},{\"@type\":\"ListItem\",\"position\":3,\"name\":\"Gels ViewVita\"}]},{\"@type\":\"WebSite\",\"@id\":\"https:\/\/herbastore.sk\/cs\/#website\",\"url\":\"https:\/\/herbastore.sk\/cs\/\",\"name\":\"herbastore\",\"description\":\"Produkty Herbalife z pohodlia v\u00e1\u0161ho domova\",\"publisher\":{\"@id\":\"https:\/\/herbastore.sk\/cs\/#organization\"},\"potentialAction\":[{\"@type\":\"SearchAction\",\"target\":{\"@type\":\"EntryPoint\",\"urlTemplate\":\"https:\/\/herbastore.sk\/cs\/?s={search_term_string}\"},\"query-input\":{\"@type\":\"PropertyValueSpecification\",\"valueRequired\":true,\"valueName\":\"search_term_string\"}}],\"inLanguage\":\"cs\"},{\"@type\":\"Organization\",\"@id\":\"https:\/\/herbastore.sk\/cs\/#organization\",\"name\":\"herbastore.sk\",\"url\":\"https:\/\/herbastore.sk\/cs\/\",\"logo\":{\"@type\":\"ImageObject\",\"inLanguage\":\"cs\",\"@id\":\"https:\/\/herbastore.sk\/cs\/#\/schema\/logo\/image\/\",\"url\":\"https:\/\/herbastore.sk\/wp-content\/uploads\/2018\/11\/herbastore-ikona.png\",\"contentUrl\":\"https:\/\/herbastore.sk\/wp-content\/uploads\/2018\/11\/herbastore-ikona.png\",\"width\":512,\"height\":512,\"caption\":\"herbastore.sk\"},\"image\":{\"@id\":\"https:\/\/herbastore.sk\/cs\/#\/schema\/logo\/image\/\"},\"sameAs\":[\"https:\/\/www.facebook.com\/herbastoresk\/\",\"https:\/\/www.instagram.com\/herbastore.sk\/\"]}]}<\/script>\n<!-- \/ Yoast SEO plugin. -->","yoast_head_json":{"title":"Herbalife Gels ViewVita 30 gelov\u00fdch tablet - herbastore","description":"Herbalife Gels ViewVita je lahodn\u00fd, \u017ev\u00fdkac\u00ed gelov\u00fd dopln\u011bk ur\u010den\u00fd k podpo\u0159e va\u0161eho zraku.","robots":{"index":"index","follow":"follow","max-snippet":"max-snippet:-1","max-image-preview":"max-image-preview:large","max-video-preview":"max-video-preview:-1"},"canonical":"https:\/\/herbastore.sk\/cs\/produkty\/vitaminy-a-mineraly\/gels-viewvita\/","og_locale":"cs_CZ","og_type":"article","og_title":"Herbalife Gels ViewVita 30 gelov\u00fdch tablet - herbastore","og_description":"Herbalife Gels ViewVita je lahodn\u00fd, \u017ev\u00fdkac\u00ed gelov\u00fd dopln\u011bk ur\u010den\u00fd k podpo\u0159e va\u0161eho zraku.","og_url":"https:\/\/herbastore.sk\/cs\/produkty\/vitaminy-a-mineraly\/gels-viewvita\/","og_site_name":"herbastore","article_publisher":"https:\/\/www.facebook.com\/herbastoresk\/","article_modified_time":"2024-10-06T20:46:18+00:00","og_image":[{"width":534,"height":800,"url":"https:\/\/herbastore.sk\/wp-content\/uploads\/2024\/10\/Herbalife-Gels-ViewVita.jpg","type":"image\/jpeg"}],"twitter_card":"summary_large_image","twitter_misc":{"Odhadovan\u00e1 doba \u010dten\u00ed":"2 minuty"},"schema":{"@context":"https:\/\/schema.org","@graph":[{"@type":"WebPage","@id":"https:\/\/herbastore.sk\/cs\/produkty\/vitaminy-a-mineraly\/gels-viewvita\/","url":"https:\/\/herbastore.sk\/cs\/produkty\/vitaminy-a-mineraly\/gels-viewvita\/","name":"Herbalife Gels ViewVita 30 gelov\u00fdch tablet - herbastore","isPartOf":{"@id":"https:\/\/herbastore.sk\/cs\/#website"},"primaryImageOfPage":{"@id":"https:\/\/herbastore.sk\/cs\/produkty\/vitaminy-a-mineraly\/gels-viewvita\/#primaryimage"},"image":{"@id":"https:\/\/herbastore.sk\/cs\/produkty\/vitaminy-a-mineraly\/gels-viewvita\/#primaryimage"},"thumbnailUrl":"https:\/\/herbastore.sk\/wp-content\/uploads\/2024\/10\/Herbalife-Gels-ViewVita.jpg","datePublished":"2024-10-05T11:27:04+00:00","dateModified":"2024-10-06T20:46:18+00:00","description":"Herbalife Gels ViewVita je lahodn\u00fd, \u017ev\u00fdkac\u00ed gelov\u00fd dopln\u011bk ur\u010den\u00fd k podpo\u0159e va\u0161eho zraku.","breadcrumb":{"@id":"https:\/\/herbastore.sk\/cs\/produkty\/vitaminy-a-mineraly\/gels-viewvita\/#breadcrumb"},"inLanguage":"cs","potentialAction":[{"@type":"ReadAction","target":["https:\/\/herbastore.sk\/cs\/produkty\/vitaminy-a-mineraly\/gels-viewvita\/"]}]},{"@type":"ImageObject","inLanguage":"cs","@id":"https:\/\/herbastore.sk\/cs\/produkty\/vitaminy-a-mineraly\/gels-viewvita\/#primaryimage","url":"https:\/\/herbastore.sk\/wp-content\/uploads\/2024\/10\/Herbalife-Gels-ViewVita.jpg","contentUrl":"https:\/\/herbastore.sk\/wp-content\/uploads\/2024\/10\/Herbalife-Gels-ViewVita.jpg","width":534,"height":800,"caption":"Herbalife Gels ViewVita"},{"@type":"BreadcrumbList","@id":"https:\/\/herbastore.sk\/cs\/produkty\/vitaminy-a-mineraly\/gels-viewvita\/#breadcrumb","itemListElement":[{"@type":"ListItem","position":1,"name":"Home","item":"https:\/\/herbastore.sk\/cs\/"},{"@type":"ListItem","position":2,"name":"Produkty","item":"https:\/\/herbastore.sk\/cs\/produkty\/"},{"@type":"ListItem","position":3,"name":"Gels ViewVita"}]},{"@type":"WebSite","@id":"https:\/\/herbastore.sk\/cs\/#website","url":"https:\/\/herbastore.sk\/cs\/","name":"herbastore","description":"Produkty Herbalife z pohodlia v\u00e1\u0161ho domova","publisher":{"@id":"https:\/\/herbastore.sk\/cs\/#organization"},"potentialAction":[{"@type":"SearchAction","target":{"@type":"EntryPoint","urlTemplate":"https:\/\/herbastore.sk\/cs\/?s={search_term_string}"},"query-input":{"@type":"PropertyValueSpecification","valueRequired":true,"valueName":"search_term_string"}}],"inLanguage":"cs"},{"@type":"Organization","@id":"https:\/\/herbastore.sk\/cs\/#organization","name":"herbastore.sk","url":"https:\/\/herbastore.sk\/cs\/","logo":{"@type":"ImageObject","inLanguage":"cs","@id":"https:\/\/herbastore.sk\/cs\/#\/schema\/logo\/image\/","url":"https:\/\/herbastore.sk\/wp-content\/uploads\/2018\/11\/herbastore-ikona.png","contentUrl":"https:\/\/herbastore.sk\/wp-content\/uploads\/2018\/11\/herbastore-ikona.png","width":512,"height":512,"caption":"herbastore.sk"},"image":{"@id":"https:\/\/herbastore.sk\/cs\/#\/schema\/logo\/image\/"},"sameAs":["https:\/\/www.facebook.com\/herbastoresk\/","https:\/\/www.instagram.com\/herbastore.sk\/"]}]}},"_links":{"self":[{"href":"https:\/\/herbastore.sk\/cs\/wp-json\/wp\/v2\/product\/27350","targetHints":{"allow":["GET"]}}],"collection":[{"href":"https:\/\/herbastore.sk\/cs\/wp-json\/wp\/v2\/product"}],"about":[{"href":"https:\/\/herbastore.sk\/cs\/wp-json\/wp\/v2\/types\/product"}],"replies":[{"embeddable":true,"href":"https:\/\/herbastore.sk\/cs\/wp-json\/wp\/v2\/comments?post=27350"}],"wp:featuredmedia":[{"embeddable":true,"href":"https:\/\/herbastore.sk\/cs\/wp-json\/wp\/v2\/media\/27317"}],"wp:attachment":[{"href":"https:\/\/herbastore.sk\/cs\/wp-json\/wp\/v2\/media?parent=27350"}],"wp:term":[{"taxonomy":"product_brand","embeddable":true,"href":"https:\/\/herbastore.sk\/cs\/wp-json\/wp\/v2\/product_brand?post=27350"},{"taxonomy":"product_cat","embeddable":true,"href":"https:\/\/herbastore.sk\/cs\/wp-json\/wp\/v2\/product_cat?post=27350"},{"taxonomy":"product_tag","embeddable":true,"href":"https:\/\/herbastore.sk\/cs\/wp-json\/wp\/v2\/product_tag?post=27350"}],"curies":[{"name":"wp","href":"https:\/\/api.w.org\/{rel}","templated":true}]}}