{"id":27349,"date":"2024-10-05T13:17:25","date_gmt":"2024-10-05T11:17:25","guid":{"rendered":"https:\/\/herbastore.sk\/produkty\/nezarazene\/gels-coq10vita\/"},"modified":"2024-10-06T22:45:40","modified_gmt":"2024-10-06T20:45:40","slug":"gels-coq10vita","status":"publish","type":"product","link":"https:\/\/herbastore.sk\/cs\/produkty\/vitaminy-a-mineraly\/gels-coq10vita\/","title":{"rendered":"Gels CoQ10Vita"},"content":{"rendered":"<h2>Herbalife Gels CoQ10Vita \u017ev\u00fdkac\u00ed gelov\u00e9 tablety \u2013 podpora zdrav\u00ed srdce<\/h2>\n<p>  Podpo\u0159te zdrav\u00ed sv\u00e9ho srdce pomoc\u00ed Herbalife Gels CoQ10Vita.<br \/>\nCoQ10Vita, lahodn\u00fd \u017ev\u00fdkac\u00ed gelov\u00fd dopln\u011bk obohacen\u00fd o CoQ10 spolu s kl\u00ed\u010dov\u00fdmi vitam\u00edny.<br \/>\nTento dopln\u011bk stravy bez cukru kombinuje v\u00fdhody koenzymu Q10, vitaminu E a vitaminu K pro podporu ochrany bun\u011bk p\u0159ed oxidativn\u00edm stresem\u00b9, norm\u00e1ln\u00ed sr\u00e1\u017elivosti krve\u00b2 a udr\u017een\u00ed norm\u00e1ln\u00edho stavu kost\u00ed\u00b2.<br \/>\nCoQ10 je z\u00e1sadn\u00ed pro tvorbu energie, zejm\u00e9na v srdci, a proto je CoQ10Vita skv\u011blou volbou pro udr\u017een\u00ed va\u0161eho zdrav\u00ed.<br \/>\nVychutnejte si osv\u011b\u017euj\u00edc\u00ed t\u0159e\u0161\u0148ovou chu\u0165 s jej\u00ed p\u0159irozenou barvou a v\u016fn\u00ed.      <em>\u00b9Vitamin E p\u0159isp\u00edv\u00e1 k ochran\u011b bun\u011bk p\u0159ed oxidativn\u00edm stresem<\/em><br \/>\n<em>\u00b2Vitamin K p\u0159isp\u00edv\u00e1 k norm\u00e1ln\u00ed sr\u00e1\u017elivosti krve a udr\u017een\u00ed norm\u00e1ln\u00edho stavu kost\u00ed<\/em><\/p>\n<h2>Efekty a vlastnosti<\/h2>\n<ul>\n<li class=\"bullet-checkmark\">Obsahuje koenzym Q10 pro podporu tvorby energie, zejm\u00e9na v srdci<\/li>\n<li class=\"bullet-checkmark\">M\u00e1 vysok\u00fd obsah vitaminu E, kter\u00fd chr\u00e1n\u00ed bu\u0148ky p\u0159ed oxidativn\u00edm stresem<\/li>\n<li class=\"bullet-checkmark\">M\u00e1 vysok\u00fd obsah vitam\u00ednu K, kter\u00fd podporuje norm\u00e1ln\u00ed sr\u00e1\u017elivost krve a zdrav\u00ed kost\u00ed<\/li>\n<li class=\"bullet-checkmark\">Lahodn\u00e1 t\u0159e\u0161\u0148ov\u00e1 p\u0159\u00edchu\u0165<\/li>\n<li class=\"bullet-checkmark\">Bez cukru<\/li>\n<li class=\"bullet-checkmark\">Bez lepku<\/li>\n<li class=\"bullet-checkmark\">Obsahuje p\u0159\u00edrodn\u00ed barviva a aromata<\/li>\n<li class=\"bullet-checkmark\">Dod\u00e1v\u00e1 se v balen\u00ed po 30 \u017ev\u00fdkac\u00edch gelov\u00fdch tablet\u00e1ch<\/li>\n<\/ul>\n<h2>D\u00e1vkov\u00e1n\u00ed<\/h2>\n<p>  U\u017e\u00edvejte jednu \u017ev\u00fdkac\u00ed gelovou tabletu denn\u011b.<br \/>\nPou\u017e\u00edvejte tento produkt jako sou\u010d\u00e1st vyv\u00e1\u017een\u00e9 a pestr\u00e9 stravy jako sou\u010d\u00e1st zdrav\u00e9ho aktivn\u00edho \u017eivotn\u00edho stylu.   <a href=\"https:\/\/herbastore.sk\/wp-content\/uploads\/2024\/10\/Herbalife-Gels-CoQ10Vita-vyzivova-hodnota.png\"><img loading=\"lazy\" decoding=\"async\" class=\"aligncenter wp-image-27331 size-full\" src=\"https:\/\/herbastore.sk\/wp-content\/uploads\/2024\/10\/Herbalife-Gels-CoQ10Vita-vyzivova-hodnota.png\" alt=\"Herbalife Gels CoQ10Vita nutri\u010dn\u00ed hodnota\" width=\"700\" height=\"392\" srcset=\"https:\/\/herbastore.sk\/wp-content\/uploads\/2024\/10\/Herbalife-Gels-CoQ10Vita-vyzivova-hodnota.png 700w, https:\/\/herbastore.sk\/wp-content\/uploads\/2024\/10\/Herbalife-Gels-CoQ10Vita-vyzivova-hodnota-267x150.png 267w, https:\/\/herbastore.sk\/wp-content\/uploads\/2024\/10\/Herbalife-Gels-CoQ10Vita-vyzivova-hodnota-534x299.png 534w\" sizes=\"auto, (max-width: 700px) 100vw, 700px\" \/><\/a><\/p>\n<p style=\"text-align: center;\"><em>Nutri\u010dn\u00ed hodnota &#8211; Herbalife Gels CoQ10Vita<\/em><\/p>\n","protected":false},"excerpt":{"rendered":"<p>30 gelov\u00fdch tablet <\/p>\n<div class=\"is-divider divider clearfix\"><\/div>\n<p>  Lahodn\u00fd, \u017ev\u00fdkac\u00ed gelov\u00fd dopln\u011bk obsahuj\u00edc\u00ed CoQ10, vitam\u00edn E a vitam\u00edn K pro podporu zdrav\u00ed va\u0161eho srdce.<\/p>\n","protected":false},"featured_media":27311,"comment_status":"open","ping_status":"closed","template":"","meta":{"inline_featured_image":false},"product_brand":[],"product_cat":[187],"product_tag":[207,212],"class_list":{"0":"post-27349","1":"product","2":"type-product","3":"status-publish","4":"has-post-thumbnail","6":"product_cat-vitaminy-a-mineraly","7":"product_tag-podpora-imunity","8":"product_tag-vice-energie","10":"first","11":"instock","12":"taxable","13":"shipping-taxable","14":"purchasable","15":"product-type-simple"},"yoast_head":"<!-- This site is optimized with the Yoast SEO plugin v26.8 - https:\/\/yoast.com\/product\/yoast-seo-wordpress\/ -->\n<title>Herbalife Gels CoQ10Vita 30 gelov\u00fdch tablet - herbastore<\/title>\n<meta name=\"description\" content=\"Herbalife Gels CoQ10Vita je lahodn\u00fd, \u017ev\u00fdkac\u00ed gelov\u00fd dopln\u011bk obsahuj\u00edc\u00ed CoQ10, vitam\u00edn E a vitam\u00edn K pro podporu zdrav\u00ed va\u0161eho srdce.\" \/>\n<meta name=\"robots\" content=\"index, follow, max-snippet:-1, max-image-preview:large, max-video-preview:-1\" \/>\n<link rel=\"canonical\" href=\"https:\/\/herbastore.sk\/cs\/produkty\/vitaminy-a-mineraly\/gels-coq10vita\/\" \/>\n<meta property=\"og:locale\" content=\"cs_CZ\" \/>\n<meta property=\"og:type\" content=\"article\" \/>\n<meta property=\"og:title\" content=\"Herbalife Gels CoQ10Vita 30 gelov\u00fdch tablet - herbastore\" \/>\n<meta property=\"og:description\" content=\"Herbalife Gels CoQ10Vita je lahodn\u00fd, \u017ev\u00fdkac\u00ed gelov\u00fd dopln\u011bk obsahuj\u00edc\u00ed CoQ10, vitam\u00edn E a vitam\u00edn K pro podporu zdrav\u00ed va\u0161eho srdce.\" \/>\n<meta property=\"og:url\" content=\"https:\/\/herbastore.sk\/cs\/produkty\/vitaminy-a-mineraly\/gels-coq10vita\/\" \/>\n<meta property=\"og:site_name\" content=\"herbastore\" \/>\n<meta property=\"article:publisher\" content=\"https:\/\/www.facebook.com\/herbastoresk\/\" \/>\n<meta property=\"article:modified_time\" content=\"2024-10-06T20:45:40+00:00\" \/>\n<meta property=\"og:image\" content=\"https:\/\/herbastore.sk\/wp-content\/uploads\/2024\/10\/Herbalife-Gels-CoQ10Vita.jpg\" \/>\n\t<meta property=\"og:image:width\" content=\"534\" \/>\n\t<meta property=\"og:image:height\" content=\"800\" \/>\n\t<meta property=\"og:image:type\" content=\"image\/jpeg\" \/>\n<meta name=\"twitter:card\" content=\"summary_large_image\" \/>\n<meta name=\"twitter:label1\" content=\"Odhadovan\u00e1 doba \u010dten\u00ed\" \/>\n\t<meta name=\"twitter:data1\" content=\"1 minuta\" \/>\n<script type=\"application\/ld+json\" class=\"yoast-schema-graph\">{\"@context\":\"https:\/\/schema.org\",\"@graph\":[{\"@type\":\"WebPage\",\"@id\":\"https:\/\/herbastore.sk\/cs\/produkty\/vitaminy-a-mineraly\/gels-coq10vita\/\",\"url\":\"https:\/\/herbastore.sk\/cs\/produkty\/vitaminy-a-mineraly\/gels-coq10vita\/\",\"name\":\"Herbalife Gels CoQ10Vita 30 gelov\u00fdch tablet - herbastore\",\"isPartOf\":{\"@id\":\"https:\/\/herbastore.sk\/cs\/#website\"},\"primaryImageOfPage\":{\"@id\":\"https:\/\/herbastore.sk\/cs\/produkty\/vitaminy-a-mineraly\/gels-coq10vita\/#primaryimage\"},\"image\":{\"@id\":\"https:\/\/herbastore.sk\/cs\/produkty\/vitaminy-a-mineraly\/gels-coq10vita\/#primaryimage\"},\"thumbnailUrl\":\"https:\/\/herbastore.sk\/wp-content\/uploads\/2024\/10\/Herbalife-Gels-CoQ10Vita.jpg\",\"datePublished\":\"2024-10-05T11:17:25+00:00\",\"dateModified\":\"2024-10-06T20:45:40+00:00\",\"description\":\"Herbalife Gels CoQ10Vita je lahodn\u00fd, \u017ev\u00fdkac\u00ed gelov\u00fd dopln\u011bk obsahuj\u00edc\u00ed CoQ10, vitam\u00edn E a vitam\u00edn K pro podporu zdrav\u00ed va\u0161eho srdce.\",\"breadcrumb\":{\"@id\":\"https:\/\/herbastore.sk\/cs\/produkty\/vitaminy-a-mineraly\/gels-coq10vita\/#breadcrumb\"},\"inLanguage\":\"cs\",\"potentialAction\":[{\"@type\":\"ReadAction\",\"target\":[\"https:\/\/herbastore.sk\/cs\/produkty\/vitaminy-a-mineraly\/gels-coq10vita\/\"]}]},{\"@type\":\"ImageObject\",\"inLanguage\":\"cs\",\"@id\":\"https:\/\/herbastore.sk\/cs\/produkty\/vitaminy-a-mineraly\/gels-coq10vita\/#primaryimage\",\"url\":\"https:\/\/herbastore.sk\/wp-content\/uploads\/2024\/10\/Herbalife-Gels-CoQ10Vita.jpg\",\"contentUrl\":\"https:\/\/herbastore.sk\/wp-content\/uploads\/2024\/10\/Herbalife-Gels-CoQ10Vita.jpg\",\"width\":534,\"height\":800,\"caption\":\"Herbalife Gels CoQ10Vita\"},{\"@type\":\"BreadcrumbList\",\"@id\":\"https:\/\/herbastore.sk\/cs\/produkty\/vitaminy-a-mineraly\/gels-coq10vita\/#breadcrumb\",\"itemListElement\":[{\"@type\":\"ListItem\",\"position\":1,\"name\":\"Home\",\"item\":\"https:\/\/herbastore.sk\/cs\/\"},{\"@type\":\"ListItem\",\"position\":2,\"name\":\"Produkty\",\"item\":\"https:\/\/herbastore.sk\/cs\/produkty\/\"},{\"@type\":\"ListItem\",\"position\":3,\"name\":\"Gels CoQ10Vita\"}]},{\"@type\":\"WebSite\",\"@id\":\"https:\/\/herbastore.sk\/cs\/#website\",\"url\":\"https:\/\/herbastore.sk\/cs\/\",\"name\":\"herbastore\",\"description\":\"Produkty Herbalife z pohodlia v\u00e1\u0161ho domova\",\"publisher\":{\"@id\":\"https:\/\/herbastore.sk\/cs\/#organization\"},\"potentialAction\":[{\"@type\":\"SearchAction\",\"target\":{\"@type\":\"EntryPoint\",\"urlTemplate\":\"https:\/\/herbastore.sk\/cs\/?s={search_term_string}\"},\"query-input\":{\"@type\":\"PropertyValueSpecification\",\"valueRequired\":true,\"valueName\":\"search_term_string\"}}],\"inLanguage\":\"cs\"},{\"@type\":\"Organization\",\"@id\":\"https:\/\/herbastore.sk\/cs\/#organization\",\"name\":\"herbastore.sk\",\"url\":\"https:\/\/herbastore.sk\/cs\/\",\"logo\":{\"@type\":\"ImageObject\",\"inLanguage\":\"cs\",\"@id\":\"https:\/\/herbastore.sk\/cs\/#\/schema\/logo\/image\/\",\"url\":\"https:\/\/herbastore.sk\/wp-content\/uploads\/2018\/11\/herbastore-ikona.png\",\"contentUrl\":\"https:\/\/herbastore.sk\/wp-content\/uploads\/2018\/11\/herbastore-ikona.png\",\"width\":512,\"height\":512,\"caption\":\"herbastore.sk\"},\"image\":{\"@id\":\"https:\/\/herbastore.sk\/cs\/#\/schema\/logo\/image\/\"},\"sameAs\":[\"https:\/\/www.facebook.com\/herbastoresk\/\",\"https:\/\/www.instagram.com\/herbastore.sk\/\"]}]}<\/script>\n<!-- \/ Yoast SEO plugin. -->","yoast_head_json":{"title":"Herbalife Gels CoQ10Vita 30 gelov\u00fdch tablet - herbastore","description":"Herbalife Gels CoQ10Vita je lahodn\u00fd, \u017ev\u00fdkac\u00ed gelov\u00fd dopln\u011bk obsahuj\u00edc\u00ed CoQ10, vitam\u00edn E a vitam\u00edn K pro podporu zdrav\u00ed va\u0161eho srdce.","robots":{"index":"index","follow":"follow","max-snippet":"max-snippet:-1","max-image-preview":"max-image-preview:large","max-video-preview":"max-video-preview:-1"},"canonical":"https:\/\/herbastore.sk\/cs\/produkty\/vitaminy-a-mineraly\/gels-coq10vita\/","og_locale":"cs_CZ","og_type":"article","og_title":"Herbalife Gels CoQ10Vita 30 gelov\u00fdch tablet - herbastore","og_description":"Herbalife Gels CoQ10Vita je lahodn\u00fd, \u017ev\u00fdkac\u00ed gelov\u00fd dopln\u011bk obsahuj\u00edc\u00ed CoQ10, vitam\u00edn E a vitam\u00edn K pro podporu zdrav\u00ed va\u0161eho srdce.","og_url":"https:\/\/herbastore.sk\/cs\/produkty\/vitaminy-a-mineraly\/gels-coq10vita\/","og_site_name":"herbastore","article_publisher":"https:\/\/www.facebook.com\/herbastoresk\/","article_modified_time":"2024-10-06T20:45:40+00:00","og_image":[{"width":534,"height":800,"url":"https:\/\/herbastore.sk\/wp-content\/uploads\/2024\/10\/Herbalife-Gels-CoQ10Vita.jpg","type":"image\/jpeg"}],"twitter_card":"summary_large_image","twitter_misc":{"Odhadovan\u00e1 doba \u010dten\u00ed":"1 minuta"},"schema":{"@context":"https:\/\/schema.org","@graph":[{"@type":"WebPage","@id":"https:\/\/herbastore.sk\/cs\/produkty\/vitaminy-a-mineraly\/gels-coq10vita\/","url":"https:\/\/herbastore.sk\/cs\/produkty\/vitaminy-a-mineraly\/gels-coq10vita\/","name":"Herbalife Gels CoQ10Vita 30 gelov\u00fdch tablet - herbastore","isPartOf":{"@id":"https:\/\/herbastore.sk\/cs\/#website"},"primaryImageOfPage":{"@id":"https:\/\/herbastore.sk\/cs\/produkty\/vitaminy-a-mineraly\/gels-coq10vita\/#primaryimage"},"image":{"@id":"https:\/\/herbastore.sk\/cs\/produkty\/vitaminy-a-mineraly\/gels-coq10vita\/#primaryimage"},"thumbnailUrl":"https:\/\/herbastore.sk\/wp-content\/uploads\/2024\/10\/Herbalife-Gels-CoQ10Vita.jpg","datePublished":"2024-10-05T11:17:25+00:00","dateModified":"2024-10-06T20:45:40+00:00","description":"Herbalife Gels CoQ10Vita je lahodn\u00fd, \u017ev\u00fdkac\u00ed gelov\u00fd dopln\u011bk obsahuj\u00edc\u00ed CoQ10, vitam\u00edn E a vitam\u00edn K pro podporu zdrav\u00ed va\u0161eho srdce.","breadcrumb":{"@id":"https:\/\/herbastore.sk\/cs\/produkty\/vitaminy-a-mineraly\/gels-coq10vita\/#breadcrumb"},"inLanguage":"cs","potentialAction":[{"@type":"ReadAction","target":["https:\/\/herbastore.sk\/cs\/produkty\/vitaminy-a-mineraly\/gels-coq10vita\/"]}]},{"@type":"ImageObject","inLanguage":"cs","@id":"https:\/\/herbastore.sk\/cs\/produkty\/vitaminy-a-mineraly\/gels-coq10vita\/#primaryimage","url":"https:\/\/herbastore.sk\/wp-content\/uploads\/2024\/10\/Herbalife-Gels-CoQ10Vita.jpg","contentUrl":"https:\/\/herbastore.sk\/wp-content\/uploads\/2024\/10\/Herbalife-Gels-CoQ10Vita.jpg","width":534,"height":800,"caption":"Herbalife Gels CoQ10Vita"},{"@type":"BreadcrumbList","@id":"https:\/\/herbastore.sk\/cs\/produkty\/vitaminy-a-mineraly\/gels-coq10vita\/#breadcrumb","itemListElement":[{"@type":"ListItem","position":1,"name":"Home","item":"https:\/\/herbastore.sk\/cs\/"},{"@type":"ListItem","position":2,"name":"Produkty","item":"https:\/\/herbastore.sk\/cs\/produkty\/"},{"@type":"ListItem","position":3,"name":"Gels CoQ10Vita"}]},{"@type":"WebSite","@id":"https:\/\/herbastore.sk\/cs\/#website","url":"https:\/\/herbastore.sk\/cs\/","name":"herbastore","description":"Produkty Herbalife z pohodlia v\u00e1\u0161ho domova","publisher":{"@id":"https:\/\/herbastore.sk\/cs\/#organization"},"potentialAction":[{"@type":"SearchAction","target":{"@type":"EntryPoint","urlTemplate":"https:\/\/herbastore.sk\/cs\/?s={search_term_string}"},"query-input":{"@type":"PropertyValueSpecification","valueRequired":true,"valueName":"search_term_string"}}],"inLanguage":"cs"},{"@type":"Organization","@id":"https:\/\/herbastore.sk\/cs\/#organization","name":"herbastore.sk","url":"https:\/\/herbastore.sk\/cs\/","logo":{"@type":"ImageObject","inLanguage":"cs","@id":"https:\/\/herbastore.sk\/cs\/#\/schema\/logo\/image\/","url":"https:\/\/herbastore.sk\/wp-content\/uploads\/2018\/11\/herbastore-ikona.png","contentUrl":"https:\/\/herbastore.sk\/wp-content\/uploads\/2018\/11\/herbastore-ikona.png","width":512,"height":512,"caption":"herbastore.sk"},"image":{"@id":"https:\/\/herbastore.sk\/cs\/#\/schema\/logo\/image\/"},"sameAs":["https:\/\/www.facebook.com\/herbastoresk\/","https:\/\/www.instagram.com\/herbastore.sk\/"]}]}},"_links":{"self":[{"href":"https:\/\/herbastore.sk\/cs\/wp-json\/wp\/v2\/product\/27349","targetHints":{"allow":["GET"]}}],"collection":[{"href":"https:\/\/herbastore.sk\/cs\/wp-json\/wp\/v2\/product"}],"about":[{"href":"https:\/\/herbastore.sk\/cs\/wp-json\/wp\/v2\/types\/product"}],"replies":[{"embeddable":true,"href":"https:\/\/herbastore.sk\/cs\/wp-json\/wp\/v2\/comments?post=27349"}],"wp:featuredmedia":[{"embeddable":true,"href":"https:\/\/herbastore.sk\/cs\/wp-json\/wp\/v2\/media\/27311"}],"wp:attachment":[{"href":"https:\/\/herbastore.sk\/cs\/wp-json\/wp\/v2\/media?parent=27349"}],"wp:term":[{"taxonomy":"product_brand","embeddable":true,"href":"https:\/\/herbastore.sk\/cs\/wp-json\/wp\/v2\/product_brand?post=27349"},{"taxonomy":"product_cat","embeddable":true,"href":"https:\/\/herbastore.sk\/cs\/wp-json\/wp\/v2\/product_cat?post=27349"},{"taxonomy":"product_tag","embeddable":true,"href":"https:\/\/herbastore.sk\/cs\/wp-json\/wp\/v2\/product_tag?post=27349"}],"curies":[{"name":"wp","href":"https:\/\/api.w.org\/{rel}","templated":true}]}}