{"id":27348,"date":"2024-10-05T13:10:19","date_gmt":"2024-10-05T11:10:19","guid":{"rendered":"https:\/\/herbastore.sk\/produkty\/nezarazene\/gels-nutrientvita-kids\/"},"modified":"2024-10-06T22:45:21","modified_gmt":"2024-10-06T20:45:21","slug":"gels-nutrientvita-kids","status":"publish","type":"product","link":"https:\/\/herbastore.sk\/cs\/produkty\/vitaminy-a-mineraly\/gels-nutrientvita-kids\/","title":{"rendered":"Gels NutrientVita Kids"},"content":{"rendered":"<h2>Herbalife Gels NutrientVita Kids \u017ev\u00fdkac\u00ed gelov\u00e9 tablety \u2013 podpora r\u016fstu a v\u00fdvoje d\u011bt\u00ed<\/h2>\n<p> Podpo\u0159te r\u016fst a v\u00fdvoj sv\u00fdch d\u011bt\u00ed* s Herbalife Gels NutrientVita Kids. NutrientVita Kids jsou lahodn\u00e9 \u017ev\u00fdkac\u00ed gelov\u00e9 tablety s ovocnou p\u0159\u00edchut\u00ed, speci\u00e1ln\u011b navr\u017eeny tak, aby poskytovaly kl\u00ed\u010dov\u00e9 \u017eiviny, kter\u00e9 t\u011bla ve v\u00fdvoji pot\u0159ebuj\u00ed*. Ka\u017ed\u00e1 gelov\u00e1 tableta obsahuje 12 vitam\u00edn\u016f a miner\u00e1l\u016f, d\u00edky \u010demu\u017e je zdrav\u00ed va\u0161eho d\u00edt\u011bte podpo\u0159eno pohodln\u00fdm a chutn\u00fdm zp\u016fsobem. NutrientVita Kids obsahuje j\u00f3d pro podporu norm\u00e1ln\u00edho r\u016fstu d\u011bt\u00ed, vitamin D pro r\u016fst a v\u00fdvoj kost\u00ed a vitamin C, kter\u00fd p\u0159isp\u00edv\u00e1 k norm\u00e1ln\u00ed funkci imunitn\u00edho syst\u00e9mu. Tyto kl\u00ed\u010dov\u00e9 \u017eiviny pom\u00e1haj\u00ed va\u0161emu d\u00edt\u011bti z\u016fstat zdrav\u00e9 a aktivn\u00ed. NutrientVita Kids obsahuje p\u0159\u00edrodn\u00ed barviva a aromata. Dopln\u011bk, kter\u00e9mu m\u016f\u017eete d\u016fv\u011b\u0159ovat. Lahodn\u00e1 ovocn\u00e1 p\u0159\u00edchu\u0165 je p\u0159\u00edjemn\u00e1 pro d\u011bti a lehce \u017ev\u00fdkateln\u00e1 gelov\u00e1 tableta se perfektn\u011b hod\u00ed do ka\u017edodenn\u00ed rutiny. Dop\u0159ejte sv\u00fdm d\u011btem nutri\u010dn\u00ed podporu, kterou jejich vyv\u00edjej\u00edc\u00ed se t\u011blo pot\u0159ebuje s Herbalife Gels NutrientVita Kids.         <em>*Vysok\u00fd obsah vitam\u00ednu D pro norm\u00e1ln\u00ed r\u016fst a v\u00fdvoj kost\u00ed a norm\u00e1ln\u00ed funkci imunitn\u00edho syst\u00e9mu u d\u011bt\u00ed. Obsahuje j\u00f3d na podporu norm\u00e1ln\u00edho r\u016fstu d\u011bt\u00ed. <\/em><\/p>\n<h2>Efekty a vlastnosti<\/h2>\n<ul>\n<li class=\"bullet-checkmark\">Obsahuje j\u00f3d pro podporu norm\u00e1ln\u00edho r\u016fstu u d\u011bt\u00ed<\/li>\n<li class=\"bullet-checkmark\">Vysok\u00fd obsah vitaminu D pro r\u016fst a v\u00fdvoj kost\u00ed a norm\u00e1ln\u00ed funkci imunitn\u00edho syst\u00e9mu u d\u011bt\u00ed<\/li>\n<li class=\"bullet-checkmark\">Obsahuje vitam\u00edn C, kter\u00fd p\u0159isp\u00edv\u00e1 k norm\u00e1ln\u00ed funkci imunitn\u00edho syst\u00e9mu<\/li>\n<li class=\"bullet-checkmark\">Lahodn\u00e1 p\u0159\u00edchu\u0165 Tutti Frutti<\/li>\n<li class=\"bullet-checkmark\">Bez cukru<\/li>\n<li class=\"bullet-checkmark\">Bez lepku<\/li>\n<li class=\"bullet-checkmark\">Obsahuje p\u0159\u00edrodn\u00ed barviva a aromata<\/li>\n<li class=\"bullet-checkmark\">Dod\u00e1v\u00e1 se v balen\u00ed po 30 \u017ev\u00fdkac\u00edch gelov\u00fdch tablet\u00e1ch<\/li>\n<\/ul>\n<h2>D\u00e1vkov\u00e1n\u00ed<\/h2>\n<p> U\u017e\u00edvejte 1 gelovou tabletu denn\u011b pro d\u011bti ve v\u011bku 4-10 let a 2 gelov\u00e9 tablety denn\u011b pro d\u011bti ve v\u011bku 11-17 let. Dodr\u017eujte doporu\u010den\u00e9 d\u00e1vkov\u00e1n\u00ed. Tento produkt by se m\u011bl p\u0159ed spolknut\u00edm d\u016fkladn\u011b roz\u017ev\u00fdkat. D\u011bti by m\u011bly b\u00fdt pod dohledem dosp\u011bl\u00e9 osoby. Produkt pou\u017e\u00edvejte v r\u00e1mci vyv\u00e1\u017een\u00e9 a pestr\u00e9 stravy jako sou\u010d\u00e1st zdrav\u00e9ho aktivn\u00edho \u017eivotn\u00edho stylu.     <a href=\"https:\/\/herbastore.sk\/wp-content\/uploads\/2024\/10\/Herbalife-Gels-NutrientVita-Kids-vyzivova-hodnota.png\"><img loading=\"lazy\" decoding=\"async\" class=\"aligncenter wp-image-27326 size-full\" src=\"https:\/\/herbastore.sk\/wp-content\/uploads\/2024\/10\/Herbalife-Gels-NutrientVita-Kids-vyzivova-hodnota.png\" alt=\"Herbalife Gels NutrientVita Kids nutri\u010dn\u00ed hodnota\" width=\"700\" height=\"463\" srcset=\"https:\/\/herbastore.sk\/wp-content\/uploads\/2024\/10\/Herbalife-Gels-NutrientVita-Kids-vyzivova-hodnota.png 700w, https:\/\/herbastore.sk\/wp-content\/uploads\/2024\/10\/Herbalife-Gels-NutrientVita-Kids-vyzivova-hodnota-605x400.png 605w, https:\/\/herbastore.sk\/wp-content\/uploads\/2024\/10\/Herbalife-Gels-NutrientVita-Kids-vyzivova-hodnota-267x177.png 267w, https:\/\/herbastore.sk\/wp-content\/uploads\/2024\/10\/Herbalife-Gels-NutrientVita-Kids-vyzivova-hodnota-534x353.png 534w\" sizes=\"auto, (max-width: 700px) 100vw, 700px\" \/><\/a><\/p>\n<p style=\"text-align: center;\"><em>Nutri\u010dn\u00ed hodnota &#8211; Herbalife Gels NutrientVita Kids<\/em><\/p>\n","protected":false},"excerpt":{"rendered":"<p>30 gelov\u00fdch tablet <\/p>\n<div class=\"is-divider divider clearfix\"><\/div>\n<p>  Lahodn\u00fd \u017ev\u00fdkac\u00ed gelov\u00fd dopln\u011bk stravy pro d\u011bti, kter\u00fd obsahuje 12 kl\u00ed\u010dov\u00fdch vitam\u00edn\u016f a miner\u00e1l\u016f pro podporu zdrav\u00e9ho r\u016fstu a v\u00fdvoje d\u011bt\u00ed.<\/p>\n","protected":false},"featured_media":27320,"comment_status":"open","ping_status":"closed","template":"","meta":{"inline_featured_image":false},"product_brand":[],"product_cat":[187],"product_tag":[207,212],"class_list":{"0":"post-27348","1":"product","2":"type-product","3":"status-publish","4":"has-post-thumbnail","6":"product_cat-vitaminy-a-mineraly","7":"product_tag-podpora-imunity","8":"product_tag-vice-energie","10":"first","11":"instock","12":"taxable","13":"shipping-taxable","14":"purchasable","15":"product-type-simple"},"yoast_head":"<!-- This site is optimized with the Yoast SEO plugin v26.8 - https:\/\/yoast.com\/product\/yoast-seo-wordpress\/ -->\n<title>Herbalife Gels NutrientVita Kids 30 gelov\u00fdch tablet - herbastore<\/title>\n<meta name=\"description\" content=\"NutrientVita Kids jsou lahodn\u00e9 gelov\u00e9 tablety s ovocnou p\u0159\u00edchut\u00ed, speci\u00e1ln\u011b navr\u017een\u00e9 tak, aby poskytovaly kl\u00ed\u010dov\u00e9 \u017eiviny, kter\u00e9 vyv\u00edjej\u00edc\u00ed se t\u011blo pot\u0159ebuje.\" \/>\n<meta name=\"robots\" content=\"index, follow, max-snippet:-1, max-image-preview:large, max-video-preview:-1\" \/>\n<link rel=\"canonical\" href=\"https:\/\/herbastore.sk\/cs\/produkty\/vitaminy-a-mineraly\/gels-nutrientvita-kids\/\" \/>\n<meta property=\"og:locale\" content=\"cs_CZ\" \/>\n<meta property=\"og:type\" content=\"article\" \/>\n<meta property=\"og:title\" content=\"Herbalife Gels NutrientVita Kids 30 gelov\u00fdch tablet - herbastore\" \/>\n<meta property=\"og:description\" content=\"NutrientVita Kids jsou lahodn\u00e9 gelov\u00e9 tablety s ovocnou p\u0159\u00edchut\u00ed, speci\u00e1ln\u011b navr\u017een\u00e9 tak, aby poskytovaly kl\u00ed\u010dov\u00e9 \u017eiviny, kter\u00e9 vyv\u00edjej\u00edc\u00ed se t\u011blo pot\u0159ebuje.\" \/>\n<meta property=\"og:url\" content=\"https:\/\/herbastore.sk\/cs\/produkty\/vitaminy-a-mineraly\/gels-nutrientvita-kids\/\" \/>\n<meta property=\"og:site_name\" content=\"herbastore\" \/>\n<meta property=\"article:publisher\" content=\"https:\/\/www.facebook.com\/herbastoresk\/\" \/>\n<meta property=\"article:modified_time\" content=\"2024-10-06T20:45:21+00:00\" \/>\n<meta property=\"og:image\" content=\"https:\/\/herbastore.sk\/wp-content\/uploads\/2024\/10\/Herbalife-Gels-NutrientVita-Kids.jpg\" \/>\n\t<meta property=\"og:image:width\" content=\"534\" \/>\n\t<meta property=\"og:image:height\" content=\"800\" \/>\n\t<meta property=\"og:image:type\" content=\"image\/jpeg\" \/>\n<meta name=\"twitter:card\" content=\"summary_large_image\" \/>\n<meta name=\"twitter:label1\" content=\"Odhadovan\u00e1 doba \u010dten\u00ed\" \/>\n\t<meta name=\"twitter:data1\" content=\"2 minuty\" \/>\n<script type=\"application\/ld+json\" class=\"yoast-schema-graph\">{\"@context\":\"https:\/\/schema.org\",\"@graph\":[{\"@type\":\"WebPage\",\"@id\":\"https:\/\/herbastore.sk\/cs\/produkty\/vitaminy-a-mineraly\/gels-nutrientvita-kids\/\",\"url\":\"https:\/\/herbastore.sk\/cs\/produkty\/vitaminy-a-mineraly\/gels-nutrientvita-kids\/\",\"name\":\"Herbalife Gels NutrientVita Kids 30 gelov\u00fdch tablet - herbastore\",\"isPartOf\":{\"@id\":\"https:\/\/herbastore.sk\/cs\/#website\"},\"primaryImageOfPage\":{\"@id\":\"https:\/\/herbastore.sk\/cs\/produkty\/vitaminy-a-mineraly\/gels-nutrientvita-kids\/#primaryimage\"},\"image\":{\"@id\":\"https:\/\/herbastore.sk\/cs\/produkty\/vitaminy-a-mineraly\/gels-nutrientvita-kids\/#primaryimage\"},\"thumbnailUrl\":\"https:\/\/herbastore.sk\/wp-content\/uploads\/2024\/10\/Herbalife-Gels-NutrientVita-Kids.jpg\",\"datePublished\":\"2024-10-05T11:10:19+00:00\",\"dateModified\":\"2024-10-06T20:45:21+00:00\",\"description\":\"NutrientVita Kids jsou lahodn\u00e9 gelov\u00e9 tablety s ovocnou p\u0159\u00edchut\u00ed, speci\u00e1ln\u011b navr\u017een\u00e9 tak, aby poskytovaly kl\u00ed\u010dov\u00e9 \u017eiviny, kter\u00e9 vyv\u00edjej\u00edc\u00ed se t\u011blo pot\u0159ebuje.\",\"breadcrumb\":{\"@id\":\"https:\/\/herbastore.sk\/cs\/produkty\/vitaminy-a-mineraly\/gels-nutrientvita-kids\/#breadcrumb\"},\"inLanguage\":\"cs\",\"potentialAction\":[{\"@type\":\"ReadAction\",\"target\":[\"https:\/\/herbastore.sk\/cs\/produkty\/vitaminy-a-mineraly\/gels-nutrientvita-kids\/\"]}]},{\"@type\":\"ImageObject\",\"inLanguage\":\"cs\",\"@id\":\"https:\/\/herbastore.sk\/cs\/produkty\/vitaminy-a-mineraly\/gels-nutrientvita-kids\/#primaryimage\",\"url\":\"https:\/\/herbastore.sk\/wp-content\/uploads\/2024\/10\/Herbalife-Gels-NutrientVita-Kids.jpg\",\"contentUrl\":\"https:\/\/herbastore.sk\/wp-content\/uploads\/2024\/10\/Herbalife-Gels-NutrientVita-Kids.jpg\",\"width\":534,\"height\":800,\"caption\":\"Herbalife Gels NutrientVita Kids\"},{\"@type\":\"BreadcrumbList\",\"@id\":\"https:\/\/herbastore.sk\/cs\/produkty\/vitaminy-a-mineraly\/gels-nutrientvita-kids\/#breadcrumb\",\"itemListElement\":[{\"@type\":\"ListItem\",\"position\":1,\"name\":\"Home\",\"item\":\"https:\/\/herbastore.sk\/cs\/\"},{\"@type\":\"ListItem\",\"position\":2,\"name\":\"Produkty\",\"item\":\"https:\/\/herbastore.sk\/cs\/produkty\/\"},{\"@type\":\"ListItem\",\"position\":3,\"name\":\"Gels NutrientVita Kids\"}]},{\"@type\":\"WebSite\",\"@id\":\"https:\/\/herbastore.sk\/cs\/#website\",\"url\":\"https:\/\/herbastore.sk\/cs\/\",\"name\":\"herbastore\",\"description\":\"Produkty Herbalife z pohodlia v\u00e1\u0161ho domova\",\"publisher\":{\"@id\":\"https:\/\/herbastore.sk\/cs\/#organization\"},\"potentialAction\":[{\"@type\":\"SearchAction\",\"target\":{\"@type\":\"EntryPoint\",\"urlTemplate\":\"https:\/\/herbastore.sk\/cs\/?s={search_term_string}\"},\"query-input\":{\"@type\":\"PropertyValueSpecification\",\"valueRequired\":true,\"valueName\":\"search_term_string\"}}],\"inLanguage\":\"cs\"},{\"@type\":\"Organization\",\"@id\":\"https:\/\/herbastore.sk\/cs\/#organization\",\"name\":\"herbastore.sk\",\"url\":\"https:\/\/herbastore.sk\/cs\/\",\"logo\":{\"@type\":\"ImageObject\",\"inLanguage\":\"cs\",\"@id\":\"https:\/\/herbastore.sk\/cs\/#\/schema\/logo\/image\/\",\"url\":\"https:\/\/herbastore.sk\/wp-content\/uploads\/2018\/11\/herbastore-ikona.png\",\"contentUrl\":\"https:\/\/herbastore.sk\/wp-content\/uploads\/2018\/11\/herbastore-ikona.png\",\"width\":512,\"height\":512,\"caption\":\"herbastore.sk\"},\"image\":{\"@id\":\"https:\/\/herbastore.sk\/cs\/#\/schema\/logo\/image\/\"},\"sameAs\":[\"https:\/\/www.facebook.com\/herbastoresk\/\",\"https:\/\/www.instagram.com\/herbastore.sk\/\"]}]}<\/script>\n<!-- \/ Yoast SEO plugin. -->","yoast_head_json":{"title":"Herbalife Gels NutrientVita Kids 30 gelov\u00fdch tablet - herbastore","description":"NutrientVita Kids jsou lahodn\u00e9 gelov\u00e9 tablety s ovocnou p\u0159\u00edchut\u00ed, speci\u00e1ln\u011b navr\u017een\u00e9 tak, aby poskytovaly kl\u00ed\u010dov\u00e9 \u017eiviny, kter\u00e9 vyv\u00edjej\u00edc\u00ed se t\u011blo pot\u0159ebuje.","robots":{"index":"index","follow":"follow","max-snippet":"max-snippet:-1","max-image-preview":"max-image-preview:large","max-video-preview":"max-video-preview:-1"},"canonical":"https:\/\/herbastore.sk\/cs\/produkty\/vitaminy-a-mineraly\/gels-nutrientvita-kids\/","og_locale":"cs_CZ","og_type":"article","og_title":"Herbalife Gels NutrientVita Kids 30 gelov\u00fdch tablet - herbastore","og_description":"NutrientVita Kids jsou lahodn\u00e9 gelov\u00e9 tablety s ovocnou p\u0159\u00edchut\u00ed, speci\u00e1ln\u011b navr\u017een\u00e9 tak, aby poskytovaly kl\u00ed\u010dov\u00e9 \u017eiviny, kter\u00e9 vyv\u00edjej\u00edc\u00ed se t\u011blo pot\u0159ebuje.","og_url":"https:\/\/herbastore.sk\/cs\/produkty\/vitaminy-a-mineraly\/gels-nutrientvita-kids\/","og_site_name":"herbastore","article_publisher":"https:\/\/www.facebook.com\/herbastoresk\/","article_modified_time":"2024-10-06T20:45:21+00:00","og_image":[{"width":534,"height":800,"url":"https:\/\/herbastore.sk\/wp-content\/uploads\/2024\/10\/Herbalife-Gels-NutrientVita-Kids.jpg","type":"image\/jpeg"}],"twitter_card":"summary_large_image","twitter_misc":{"Odhadovan\u00e1 doba \u010dten\u00ed":"2 minuty"},"schema":{"@context":"https:\/\/schema.org","@graph":[{"@type":"WebPage","@id":"https:\/\/herbastore.sk\/cs\/produkty\/vitaminy-a-mineraly\/gels-nutrientvita-kids\/","url":"https:\/\/herbastore.sk\/cs\/produkty\/vitaminy-a-mineraly\/gels-nutrientvita-kids\/","name":"Herbalife Gels NutrientVita Kids 30 gelov\u00fdch tablet - herbastore","isPartOf":{"@id":"https:\/\/herbastore.sk\/cs\/#website"},"primaryImageOfPage":{"@id":"https:\/\/herbastore.sk\/cs\/produkty\/vitaminy-a-mineraly\/gels-nutrientvita-kids\/#primaryimage"},"image":{"@id":"https:\/\/herbastore.sk\/cs\/produkty\/vitaminy-a-mineraly\/gels-nutrientvita-kids\/#primaryimage"},"thumbnailUrl":"https:\/\/herbastore.sk\/wp-content\/uploads\/2024\/10\/Herbalife-Gels-NutrientVita-Kids.jpg","datePublished":"2024-10-05T11:10:19+00:00","dateModified":"2024-10-06T20:45:21+00:00","description":"NutrientVita Kids jsou lahodn\u00e9 gelov\u00e9 tablety s ovocnou p\u0159\u00edchut\u00ed, speci\u00e1ln\u011b navr\u017een\u00e9 tak, aby poskytovaly kl\u00ed\u010dov\u00e9 \u017eiviny, kter\u00e9 vyv\u00edjej\u00edc\u00ed se t\u011blo pot\u0159ebuje.","breadcrumb":{"@id":"https:\/\/herbastore.sk\/cs\/produkty\/vitaminy-a-mineraly\/gels-nutrientvita-kids\/#breadcrumb"},"inLanguage":"cs","potentialAction":[{"@type":"ReadAction","target":["https:\/\/herbastore.sk\/cs\/produkty\/vitaminy-a-mineraly\/gels-nutrientvita-kids\/"]}]},{"@type":"ImageObject","inLanguage":"cs","@id":"https:\/\/herbastore.sk\/cs\/produkty\/vitaminy-a-mineraly\/gels-nutrientvita-kids\/#primaryimage","url":"https:\/\/herbastore.sk\/wp-content\/uploads\/2024\/10\/Herbalife-Gels-NutrientVita-Kids.jpg","contentUrl":"https:\/\/herbastore.sk\/wp-content\/uploads\/2024\/10\/Herbalife-Gels-NutrientVita-Kids.jpg","width":534,"height":800,"caption":"Herbalife Gels NutrientVita Kids"},{"@type":"BreadcrumbList","@id":"https:\/\/herbastore.sk\/cs\/produkty\/vitaminy-a-mineraly\/gels-nutrientvita-kids\/#breadcrumb","itemListElement":[{"@type":"ListItem","position":1,"name":"Home","item":"https:\/\/herbastore.sk\/cs\/"},{"@type":"ListItem","position":2,"name":"Produkty","item":"https:\/\/herbastore.sk\/cs\/produkty\/"},{"@type":"ListItem","position":3,"name":"Gels NutrientVita Kids"}]},{"@type":"WebSite","@id":"https:\/\/herbastore.sk\/cs\/#website","url":"https:\/\/herbastore.sk\/cs\/","name":"herbastore","description":"Produkty Herbalife z pohodlia v\u00e1\u0161ho domova","publisher":{"@id":"https:\/\/herbastore.sk\/cs\/#organization"},"potentialAction":[{"@type":"SearchAction","target":{"@type":"EntryPoint","urlTemplate":"https:\/\/herbastore.sk\/cs\/?s={search_term_string}"},"query-input":{"@type":"PropertyValueSpecification","valueRequired":true,"valueName":"search_term_string"}}],"inLanguage":"cs"},{"@type":"Organization","@id":"https:\/\/herbastore.sk\/cs\/#organization","name":"herbastore.sk","url":"https:\/\/herbastore.sk\/cs\/","logo":{"@type":"ImageObject","inLanguage":"cs","@id":"https:\/\/herbastore.sk\/cs\/#\/schema\/logo\/image\/","url":"https:\/\/herbastore.sk\/wp-content\/uploads\/2018\/11\/herbastore-ikona.png","contentUrl":"https:\/\/herbastore.sk\/wp-content\/uploads\/2018\/11\/herbastore-ikona.png","width":512,"height":512,"caption":"herbastore.sk"},"image":{"@id":"https:\/\/herbastore.sk\/cs\/#\/schema\/logo\/image\/"},"sameAs":["https:\/\/www.facebook.com\/herbastoresk\/","https:\/\/www.instagram.com\/herbastore.sk\/"]}]}},"_links":{"self":[{"href":"https:\/\/herbastore.sk\/cs\/wp-json\/wp\/v2\/product\/27348","targetHints":{"allow":["GET"]}}],"collection":[{"href":"https:\/\/herbastore.sk\/cs\/wp-json\/wp\/v2\/product"}],"about":[{"href":"https:\/\/herbastore.sk\/cs\/wp-json\/wp\/v2\/types\/product"}],"replies":[{"embeddable":true,"href":"https:\/\/herbastore.sk\/cs\/wp-json\/wp\/v2\/comments?post=27348"}],"wp:featuredmedia":[{"embeddable":true,"href":"https:\/\/herbastore.sk\/cs\/wp-json\/wp\/v2\/media\/27320"}],"wp:attachment":[{"href":"https:\/\/herbastore.sk\/cs\/wp-json\/wp\/v2\/media?parent=27348"}],"wp:term":[{"taxonomy":"product_brand","embeddable":true,"href":"https:\/\/herbastore.sk\/cs\/wp-json\/wp\/v2\/product_brand?post=27348"},{"taxonomy":"product_cat","embeddable":true,"href":"https:\/\/herbastore.sk\/cs\/wp-json\/wp\/v2\/product_cat?post=27348"},{"taxonomy":"product_tag","embeddable":true,"href":"https:\/\/herbastore.sk\/cs\/wp-json\/wp\/v2\/product_tag?post=27348"}],"curies":[{"name":"wp","href":"https:\/\/api.w.org\/{rel}","templated":true}]}}