{"id":27347,"date":"2024-10-05T13:01:26","date_gmt":"2024-10-05T11:01:26","guid":{"rendered":"https:\/\/herbastore.sk\/produkty\/nezarazene\/gels-mindvita-kids\/"},"modified":"2024-10-06T22:44:22","modified_gmt":"2024-10-06T20:44:22","slug":"gels-mindvita-kids","status":"publish","type":"product","link":"https:\/\/herbastore.sk\/cs\/produkty\/vitaminy-a-mineraly\/gels-mindvita-kids\/","title":{"rendered":"Gels MindVita Kids"},"content":{"rendered":"<h2>\u017dv\u00fdkac\u00ed gelov\u00e9 tablety pro d\u011bti Herbalife Gels MindVita Kids \u2013 podpora v\u00fdvoje d\u011btsk\u00e9ho mozku<\/h2>\n<p> Podpo\u0159te vyv\u00edjej\u00edc\u00ed se mozek\u00b9 a t\u011blo sv\u00fdch d\u011bt\u00ed pomoc\u00ed Herbalife Gels MindVita Kids. MindVita Kids, lahodn\u00fd \u017ev\u00fdkac\u00ed gelov\u00fd dopln\u011bk stravy obsahuj\u00edc\u00ed omega-3 mastn\u00e9 kyseliny (EPA a DHA) spolu s kl\u00ed\u010dov\u00fdmi vitam\u00edny skupiny B. Tento dopln\u011bk stravy bez cukru kombinuje v\u00fdhody omega-3 a vitam\u00edn\u016f skupiny B pro podporu norm\u00e1ln\u00ed funkce mozku\u00b9, zraku\u00b9, energetick\u00e9ho metabolismu\u00b2, funkce nervov\u00e9ho syst\u00e9mu\u00b2 a psychick\u00fdch funkc\u00ed\u00b2. U\u017eijte si Herbalife Gels MindVita Kids s osv\u011b\u017euj\u00edc\u00ed citronovou p\u0159\u00edchut\u00ed s p\u0159\u00edrodn\u00edmi v\u016fn\u011bmi.   <em>\u00b9DHA p\u0159isp\u00edv\u00e1 k udr\u017een\u00ed norm\u00e1ln\u00ed funkce mozku a zraku. P\u0159\u00edzniv\u00fdch \u00fa\u010dink\u016f je dosa\u017eeno p\u0159i denn\u00edm p\u0159\u00edjmu 250 mg DHA. <\/em><br \/>\n<em>\u00b2Vitam\u00edny skupiny B (B6, B12, biotin a niacin) p\u0159isp\u00edvaj\u00ed k norm\u00e1ln\u00edmu energetick\u00e9mu metabolismu, funkci nervov\u00e9ho syst\u00e9mu a psychick\u00e9 \u010dinnosti.<\/em><\/p>\n<h2>Efekty a vlastnosti<\/h2>\n<ul>\n<li class=\"bullet-checkmark\">Vysok\u00fd obsah omega-3 mastn\u00fdch kyselin (EPA a DHA), kter\u00e9 udr\u017euj\u00ed norm\u00e1ln\u00ed funkci mozku a norm\u00e1ln\u00ed zrak<\/li>\n<li class=\"bullet-checkmark\">Obsahuje pe\u010dliv\u011b vybran\u00e9 vitam\u00edny skupiny B (B6, B12, biotin a niacin), kter\u00e9 p\u0159isp\u00edvaj\u00ed k norm\u00e1ln\u00edmu energetick\u00e9mu metabolismu, funkci nervov\u00e9ho syst\u00e9mu a psychick\u00e9 \u010dinnosti<\/li>\n<li class=\"bullet-checkmark\">Lahodn\u00e1 p\u0159\u00edchu\u0165 citronu, limetky a jahody<\/li>\n<li class=\"bullet-checkmark\">Bez cukru<\/li>\n<li class=\"bullet-checkmark\">Bez lepku<\/li>\n<li class=\"bullet-checkmark\">Obsahuje p\u0159\u00edrodn\u00ed p\u0159\u00edchut\u011b<\/li>\n<li class=\"bullet-checkmark\">Dod\u00e1v\u00e1 se v balen\u00ed po 30 \u017ev\u00fdkac\u00edch gelov\u00fdch tablet\u00e1ch<\/li>\n<\/ul>\n<h2>D\u00e1vkov\u00e1n\u00ed<\/h2>\n<p>  Vezm\u011bte jednu \u017ev\u00fdkac\u00ed gelovou tabletu pro d\u011bti ve v\u011bku 4-17 let.<br \/>\nDodr\u017eujte doporu\u010den\u00e9 d\u00e1vkov\u00e1n\u00ed.<br \/>\nTento produkt by m\u011bl b\u00fdt p\u0159ed po\u017eit\u00edm d\u016fkladn\u011b roz\u017ev\u00fdk\u00e1n.<br \/>\nD\u011bti by m\u011bly b\u00fdt pod dohledem dosp\u011bl\u00e9 osoby.<br \/>\nProdukt pou\u017e\u00edvejte jako sou\u010d\u00e1st vyv\u00e1\u017een\u00e9 a pestr\u00e9 stravy jako sou\u010d\u00e1st zdrav\u00e9ho aktivn\u00edho stylu.      <a href=\"https:\/\/herbastore.sk\/wp-content\/uploads\/2024\/10\/Herbalife-Gels-MindVita-Kids-vyzivova-hodnota.png\"><img loading=\"lazy\" decoding=\"async\" class=\"aligncenter wp-image-27322 size-full\" src=\"https:\/\/herbastore.sk\/wp-content\/uploads\/2024\/10\/Herbalife-Gels-MindVita-Kids-vyzivova-hodnota.png\" alt=\"Nutri\u010dn\u00ed hodnota Herbalife Gels MindVita Kids\" width=\"700\" height=\"400\" srcset=\"https:\/\/herbastore.sk\/wp-content\/uploads\/2024\/10\/Herbalife-Gels-MindVita-Kids-vyzivova-hodnota.png 700w, https:\/\/herbastore.sk\/wp-content\/uploads\/2024\/10\/Herbalife-Gels-MindVita-Kids-vyzivova-hodnota-267x153.png 267w, https:\/\/herbastore.sk\/wp-content\/uploads\/2024\/10\/Herbalife-Gels-MindVita-Kids-vyzivova-hodnota-534x305.png 534w\" sizes=\"auto, (max-width: 700px) 100vw, 700px\" \/><\/a><\/p>\n<p style=\"text-align: center;\"><em>Nutri\u010dn\u00ed hodnota &#8211; Herbalife Gels MindVita Kids<\/em><\/p>\n","protected":false},"excerpt":{"rendered":"<p>30 gelov\u00fdch tablet <\/p>\n<div class=\"is-divider divider clearfix\"><\/div>\n<p>  Lahodn\u00fd, \u017ev\u00fdkac\u00ed gelov\u00fd dopln\u011bk stravy pro d\u011bti, kter\u00fd obsahuje omega-3 mastn\u00e9 kyseliny a kl\u00ed\u010dov\u00e9 vitam\u00edny skupiny B pro podporu zdrav\u00e9ho v\u00fdvoje mozku d\u011bt\u00ed.<\/p>\n","protected":false},"featured_media":27314,"comment_status":"open","ping_status":"closed","template":"","meta":{"inline_featured_image":false},"product_brand":[],"product_cat":[187],"product_tag":[207,212],"class_list":{"0":"post-27347","1":"product","2":"type-product","3":"status-publish","4":"has-post-thumbnail","6":"product_cat-vitaminy-a-mineraly","7":"product_tag-podpora-imunity","8":"product_tag-vice-energie","10":"first","11":"instock","12":"taxable","13":"shipping-taxable","14":"purchasable","15":"product-type-simple"},"yoast_head":"<!-- This site is optimized with the Yoast SEO plugin v26.8 - https:\/\/yoast.com\/product\/yoast-seo-wordpress\/ -->\n<title>Herbalife Gels MindVita Kids 30 gelov\u00fdch tablet - herbastore<\/title>\n<meta name=\"description\" content=\"Herbalife Gels MindVita Kids, lahodn\u00fd \u017ev\u00fdkac\u00ed gelov\u00fd dopln\u011bk stravy obsahuj\u00edc\u00ed omega-3 mastn\u00e9 kyseliny (EPA a DHA) spolu s kl\u00ed\u010dov\u00fdmi vitam\u00edny skupiny B\" \/>\n<meta name=\"robots\" content=\"index, follow, max-snippet:-1, max-image-preview:large, max-video-preview:-1\" \/>\n<link rel=\"canonical\" href=\"https:\/\/herbastore.sk\/cs\/produkty\/vitaminy-a-mineraly\/gels-mindvita-kids\/\" \/>\n<meta property=\"og:locale\" content=\"cs_CZ\" \/>\n<meta property=\"og:type\" content=\"article\" \/>\n<meta property=\"og:title\" content=\"Herbalife Gels MindVita Kids 30 gelov\u00fdch tablet - herbastore\" \/>\n<meta property=\"og:description\" content=\"Herbalife Gels MindVita Kids, lahodn\u00fd \u017ev\u00fdkac\u00ed gelov\u00fd dopln\u011bk stravy obsahuj\u00edc\u00ed omega-3 mastn\u00e9 kyseliny (EPA a DHA) spolu s kl\u00ed\u010dov\u00fdmi vitam\u00edny skupiny B\" \/>\n<meta property=\"og:url\" content=\"https:\/\/herbastore.sk\/cs\/produkty\/vitaminy-a-mineraly\/gels-mindvita-kids\/\" \/>\n<meta property=\"og:site_name\" content=\"herbastore\" \/>\n<meta property=\"article:publisher\" content=\"https:\/\/www.facebook.com\/herbastoresk\/\" \/>\n<meta property=\"article:modified_time\" content=\"2024-10-06T20:44:22+00:00\" \/>\n<meta property=\"og:image\" content=\"https:\/\/herbastore.sk\/wp-content\/uploads\/2024\/10\/Herbalife-Gels-MindVita-Kids.jpg\" \/>\n\t<meta property=\"og:image:width\" content=\"534\" \/>\n\t<meta property=\"og:image:height\" content=\"800\" \/>\n\t<meta property=\"og:image:type\" content=\"image\/jpeg\" \/>\n<meta name=\"twitter:card\" content=\"summary_large_image\" \/>\n<meta name=\"twitter:label1\" content=\"Odhadovan\u00e1 doba \u010dten\u00ed\" \/>\n\t<meta name=\"twitter:data1\" content=\"2 minuty\" \/>\n<script type=\"application\/ld+json\" class=\"yoast-schema-graph\">{\"@context\":\"https:\/\/schema.org\",\"@graph\":[{\"@type\":\"WebPage\",\"@id\":\"https:\/\/herbastore.sk\/cs\/produkty\/vitaminy-a-mineraly\/gels-mindvita-kids\/\",\"url\":\"https:\/\/herbastore.sk\/cs\/produkty\/vitaminy-a-mineraly\/gels-mindvita-kids\/\",\"name\":\"Herbalife Gels MindVita Kids 30 gelov\u00fdch tablet - herbastore\",\"isPartOf\":{\"@id\":\"https:\/\/herbastore.sk\/cs\/#website\"},\"primaryImageOfPage\":{\"@id\":\"https:\/\/herbastore.sk\/cs\/produkty\/vitaminy-a-mineraly\/gels-mindvita-kids\/#primaryimage\"},\"image\":{\"@id\":\"https:\/\/herbastore.sk\/cs\/produkty\/vitaminy-a-mineraly\/gels-mindvita-kids\/#primaryimage\"},\"thumbnailUrl\":\"https:\/\/herbastore.sk\/wp-content\/uploads\/2024\/10\/Herbalife-Gels-MindVita-Kids.jpg\",\"datePublished\":\"2024-10-05T11:01:26+00:00\",\"dateModified\":\"2024-10-06T20:44:22+00:00\",\"description\":\"Herbalife Gels MindVita Kids, lahodn\u00fd \u017ev\u00fdkac\u00ed gelov\u00fd dopln\u011bk stravy obsahuj\u00edc\u00ed omega-3 mastn\u00e9 kyseliny (EPA a DHA) spolu s kl\u00ed\u010dov\u00fdmi vitam\u00edny skupiny B\",\"breadcrumb\":{\"@id\":\"https:\/\/herbastore.sk\/cs\/produkty\/vitaminy-a-mineraly\/gels-mindvita-kids\/#breadcrumb\"},\"inLanguage\":\"cs\",\"potentialAction\":[{\"@type\":\"ReadAction\",\"target\":[\"https:\/\/herbastore.sk\/cs\/produkty\/vitaminy-a-mineraly\/gels-mindvita-kids\/\"]}]},{\"@type\":\"ImageObject\",\"inLanguage\":\"cs\",\"@id\":\"https:\/\/herbastore.sk\/cs\/produkty\/vitaminy-a-mineraly\/gels-mindvita-kids\/#primaryimage\",\"url\":\"https:\/\/herbastore.sk\/wp-content\/uploads\/2024\/10\/Herbalife-Gels-MindVita-Kids.jpg\",\"contentUrl\":\"https:\/\/herbastore.sk\/wp-content\/uploads\/2024\/10\/Herbalife-Gels-MindVita-Kids.jpg\",\"width\":534,\"height\":800,\"caption\":\"Herbalife Gels MindVita Kids\"},{\"@type\":\"BreadcrumbList\",\"@id\":\"https:\/\/herbastore.sk\/cs\/produkty\/vitaminy-a-mineraly\/gels-mindvita-kids\/#breadcrumb\",\"itemListElement\":[{\"@type\":\"ListItem\",\"position\":1,\"name\":\"Home\",\"item\":\"https:\/\/herbastore.sk\/cs\/\"},{\"@type\":\"ListItem\",\"position\":2,\"name\":\"Produkty\",\"item\":\"https:\/\/herbastore.sk\/cs\/produkty\/\"},{\"@type\":\"ListItem\",\"position\":3,\"name\":\"Gels MindVita Kids\"}]},{\"@type\":\"WebSite\",\"@id\":\"https:\/\/herbastore.sk\/cs\/#website\",\"url\":\"https:\/\/herbastore.sk\/cs\/\",\"name\":\"herbastore\",\"description\":\"Produkty Herbalife z pohodlia v\u00e1\u0161ho domova\",\"publisher\":{\"@id\":\"https:\/\/herbastore.sk\/cs\/#organization\"},\"potentialAction\":[{\"@type\":\"SearchAction\",\"target\":{\"@type\":\"EntryPoint\",\"urlTemplate\":\"https:\/\/herbastore.sk\/cs\/?s={search_term_string}\"},\"query-input\":{\"@type\":\"PropertyValueSpecification\",\"valueRequired\":true,\"valueName\":\"search_term_string\"}}],\"inLanguage\":\"cs\"},{\"@type\":\"Organization\",\"@id\":\"https:\/\/herbastore.sk\/cs\/#organization\",\"name\":\"herbastore.sk\",\"url\":\"https:\/\/herbastore.sk\/cs\/\",\"logo\":{\"@type\":\"ImageObject\",\"inLanguage\":\"cs\",\"@id\":\"https:\/\/herbastore.sk\/cs\/#\/schema\/logo\/image\/\",\"url\":\"https:\/\/herbastore.sk\/wp-content\/uploads\/2018\/11\/herbastore-ikona.png\",\"contentUrl\":\"https:\/\/herbastore.sk\/wp-content\/uploads\/2018\/11\/herbastore-ikona.png\",\"width\":512,\"height\":512,\"caption\":\"herbastore.sk\"},\"image\":{\"@id\":\"https:\/\/herbastore.sk\/cs\/#\/schema\/logo\/image\/\"},\"sameAs\":[\"https:\/\/www.facebook.com\/herbastoresk\/\",\"https:\/\/www.instagram.com\/herbastore.sk\/\"]}]}<\/script>\n<!-- \/ Yoast SEO plugin. -->","yoast_head_json":{"title":"Herbalife Gels MindVita Kids 30 gelov\u00fdch tablet - herbastore","description":"Herbalife Gels MindVita Kids, lahodn\u00fd \u017ev\u00fdkac\u00ed gelov\u00fd dopln\u011bk stravy obsahuj\u00edc\u00ed omega-3 mastn\u00e9 kyseliny (EPA a DHA) spolu s kl\u00ed\u010dov\u00fdmi vitam\u00edny skupiny B","robots":{"index":"index","follow":"follow","max-snippet":"max-snippet:-1","max-image-preview":"max-image-preview:large","max-video-preview":"max-video-preview:-1"},"canonical":"https:\/\/herbastore.sk\/cs\/produkty\/vitaminy-a-mineraly\/gels-mindvita-kids\/","og_locale":"cs_CZ","og_type":"article","og_title":"Herbalife Gels MindVita Kids 30 gelov\u00fdch tablet - herbastore","og_description":"Herbalife Gels MindVita Kids, lahodn\u00fd \u017ev\u00fdkac\u00ed gelov\u00fd dopln\u011bk stravy obsahuj\u00edc\u00ed omega-3 mastn\u00e9 kyseliny (EPA a DHA) spolu s kl\u00ed\u010dov\u00fdmi vitam\u00edny skupiny B","og_url":"https:\/\/herbastore.sk\/cs\/produkty\/vitaminy-a-mineraly\/gels-mindvita-kids\/","og_site_name":"herbastore","article_publisher":"https:\/\/www.facebook.com\/herbastoresk\/","article_modified_time":"2024-10-06T20:44:22+00:00","og_image":[{"width":534,"height":800,"url":"https:\/\/herbastore.sk\/wp-content\/uploads\/2024\/10\/Herbalife-Gels-MindVita-Kids.jpg","type":"image\/jpeg"}],"twitter_card":"summary_large_image","twitter_misc":{"Odhadovan\u00e1 doba \u010dten\u00ed":"2 minuty"},"schema":{"@context":"https:\/\/schema.org","@graph":[{"@type":"WebPage","@id":"https:\/\/herbastore.sk\/cs\/produkty\/vitaminy-a-mineraly\/gels-mindvita-kids\/","url":"https:\/\/herbastore.sk\/cs\/produkty\/vitaminy-a-mineraly\/gels-mindvita-kids\/","name":"Herbalife Gels MindVita Kids 30 gelov\u00fdch tablet - herbastore","isPartOf":{"@id":"https:\/\/herbastore.sk\/cs\/#website"},"primaryImageOfPage":{"@id":"https:\/\/herbastore.sk\/cs\/produkty\/vitaminy-a-mineraly\/gels-mindvita-kids\/#primaryimage"},"image":{"@id":"https:\/\/herbastore.sk\/cs\/produkty\/vitaminy-a-mineraly\/gels-mindvita-kids\/#primaryimage"},"thumbnailUrl":"https:\/\/herbastore.sk\/wp-content\/uploads\/2024\/10\/Herbalife-Gels-MindVita-Kids.jpg","datePublished":"2024-10-05T11:01:26+00:00","dateModified":"2024-10-06T20:44:22+00:00","description":"Herbalife Gels MindVita Kids, lahodn\u00fd \u017ev\u00fdkac\u00ed gelov\u00fd dopln\u011bk stravy obsahuj\u00edc\u00ed omega-3 mastn\u00e9 kyseliny (EPA a DHA) spolu s kl\u00ed\u010dov\u00fdmi vitam\u00edny skupiny B","breadcrumb":{"@id":"https:\/\/herbastore.sk\/cs\/produkty\/vitaminy-a-mineraly\/gels-mindvita-kids\/#breadcrumb"},"inLanguage":"cs","potentialAction":[{"@type":"ReadAction","target":["https:\/\/herbastore.sk\/cs\/produkty\/vitaminy-a-mineraly\/gels-mindvita-kids\/"]}]},{"@type":"ImageObject","inLanguage":"cs","@id":"https:\/\/herbastore.sk\/cs\/produkty\/vitaminy-a-mineraly\/gels-mindvita-kids\/#primaryimage","url":"https:\/\/herbastore.sk\/wp-content\/uploads\/2024\/10\/Herbalife-Gels-MindVita-Kids.jpg","contentUrl":"https:\/\/herbastore.sk\/wp-content\/uploads\/2024\/10\/Herbalife-Gels-MindVita-Kids.jpg","width":534,"height":800,"caption":"Herbalife Gels MindVita Kids"},{"@type":"BreadcrumbList","@id":"https:\/\/herbastore.sk\/cs\/produkty\/vitaminy-a-mineraly\/gels-mindvita-kids\/#breadcrumb","itemListElement":[{"@type":"ListItem","position":1,"name":"Home","item":"https:\/\/herbastore.sk\/cs\/"},{"@type":"ListItem","position":2,"name":"Produkty","item":"https:\/\/herbastore.sk\/cs\/produkty\/"},{"@type":"ListItem","position":3,"name":"Gels MindVita Kids"}]},{"@type":"WebSite","@id":"https:\/\/herbastore.sk\/cs\/#website","url":"https:\/\/herbastore.sk\/cs\/","name":"herbastore","description":"Produkty Herbalife z pohodlia v\u00e1\u0161ho domova","publisher":{"@id":"https:\/\/herbastore.sk\/cs\/#organization"},"potentialAction":[{"@type":"SearchAction","target":{"@type":"EntryPoint","urlTemplate":"https:\/\/herbastore.sk\/cs\/?s={search_term_string}"},"query-input":{"@type":"PropertyValueSpecification","valueRequired":true,"valueName":"search_term_string"}}],"inLanguage":"cs"},{"@type":"Organization","@id":"https:\/\/herbastore.sk\/cs\/#organization","name":"herbastore.sk","url":"https:\/\/herbastore.sk\/cs\/","logo":{"@type":"ImageObject","inLanguage":"cs","@id":"https:\/\/herbastore.sk\/cs\/#\/schema\/logo\/image\/","url":"https:\/\/herbastore.sk\/wp-content\/uploads\/2018\/11\/herbastore-ikona.png","contentUrl":"https:\/\/herbastore.sk\/wp-content\/uploads\/2018\/11\/herbastore-ikona.png","width":512,"height":512,"caption":"herbastore.sk"},"image":{"@id":"https:\/\/herbastore.sk\/cs\/#\/schema\/logo\/image\/"},"sameAs":["https:\/\/www.facebook.com\/herbastoresk\/","https:\/\/www.instagram.com\/herbastore.sk\/"]}]}},"_links":{"self":[{"href":"https:\/\/herbastore.sk\/cs\/wp-json\/wp\/v2\/product\/27347","targetHints":{"allow":["GET"]}}],"collection":[{"href":"https:\/\/herbastore.sk\/cs\/wp-json\/wp\/v2\/product"}],"about":[{"href":"https:\/\/herbastore.sk\/cs\/wp-json\/wp\/v2\/types\/product"}],"replies":[{"embeddable":true,"href":"https:\/\/herbastore.sk\/cs\/wp-json\/wp\/v2\/comments?post=27347"}],"wp:featuredmedia":[{"embeddable":true,"href":"https:\/\/herbastore.sk\/cs\/wp-json\/wp\/v2\/media\/27314"}],"wp:attachment":[{"href":"https:\/\/herbastore.sk\/cs\/wp-json\/wp\/v2\/media?parent=27347"}],"wp:term":[{"taxonomy":"product_brand","embeddable":true,"href":"https:\/\/herbastore.sk\/cs\/wp-json\/wp\/v2\/product_brand?post=27347"},{"taxonomy":"product_cat","embeddable":true,"href":"https:\/\/herbastore.sk\/cs\/wp-json\/wp\/v2\/product_cat?post=27347"},{"taxonomy":"product_tag","embeddable":true,"href":"https:\/\/herbastore.sk\/cs\/wp-json\/wp\/v2\/product_tag?post=27347"}],"curies":[{"name":"wp","href":"https:\/\/api.w.org\/{rel}","templated":true}]}}