{"id":24696,"date":"2024-01-18T22:50:07","date_gmt":"2024-01-18T21:50:07","guid":{"rendered":"https:\/\/herbastore.sk\/produkty\/nezarazene\/proteinove-chipsy\/"},"modified":"2025-03-19T23:23:57","modified_gmt":"2025-03-19T22:23:57","slug":"proteinove-chipsy","status":"publish","type":"product","link":"https:\/\/herbastore.sk\/cs\/produkty\/proteinove-doplnky\/proteinove-chipsy\/","title":{"rendered":"Proteinov\u00e9 chipsy"},"content":{"rendered":"<h2>Komu mohou b\u00fdt Proteinov\u00e9 chipsy prosp\u011b\u0161n\u00e9?<\/h2>\n<p>V souvislosti se zdrav\u00fdm a aktivn\u00edm \u017eivotn\u00edm stylem nen\u00ed nutn\u00e9 j\u00edst f\u00e1dn\u00ed j\u00eddla a rozlou\u010dit se s pochutinami.<\/p>\n<p>Zm\u011b\u0148te sv\u016fj pohled na lehk\u00e9 snacky a dop\u0159ejte sv\u00fdm chu\u0165ov\u00fdm poh\u00e1rk\u016fm jemnou, v\u00fdraznou chu\u0165 na\u0161ich Proteinov\u00fdch chips\u016f s p\u0159\u00edchut\u00ed kysel\u00e9 smetany a cibule nebo barbecue.<\/p>\n<p>Proteinov\u00e9 chipsy maj\u00ed o 50 % m\u00e9n\u011b tuku ne\u017e sma\u017een\u00e9 bramborov\u00e9 lup\u00ednky, proto\u017ee je sma\u017e\u00edme. Chipsy p\u0159ipravujeme za tepla, abyste si mohli dop\u0159\u00e1t slanou pochoutku s p\u0159\u00edjemn\u00fdm k\u0159up\u00e1n\u00edm.<\/p>\n<p>Ka\u017ed\u00e9 balen\u00ed Proteinov\u00fdch chips\u016f obsahuje 12 g b\u00edlkovin a je vhodn\u00e9 pro vegetari\u00e1ny. Proteinov\u00e9 chipsy jsou k dispozici ve dvou l\u00e1kav\u00fdch p\u0159\u00edchut\u00edch a neobsahuj\u00ed lepek.<\/p>\n<p>Dop\u0159ejte si je a z\u00e1rove\u0148 dodr\u017eujte sv\u00e9 v\u00fd\u017eivov\u00e9 c\u00edle, a\u0165 jste kdekoli.<\/p>\n<h2>Hlavn\u00ed v\u00fdhody a charakteristika<\/h2>\n<div class=\"row\"  id=\"row-1427776104\">\n\n\t<div id=\"col-1729950619\" class=\"col medium-1\/2 large-6\"  >\n\t\t\t\t<div class=\"col-inner\"  >\n\t\t\t\n\t\t\t\n<ul>\n<li class=\"bullet-checkmark\">50 % m\u00e9n\u011b tuku ne\u017e sma\u017een\u00e9 bramborov\u00e9 lup\u00ednky<\/li>\n<li class=\"bullet-checkmark\">Nikdy nesma\u017e\u00edme, v\u017edy pra\u017e\u00edme<\/li>\n<li class=\"bullet-checkmark\">Obsahuj\u00ed 12 g b\u00edlkovin<\/li>\n<\/ul>\n\t\t<\/div>\n\t\t\t\t\t<\/div>\n\n\t\n\n\t<div id=\"col-353768817\" class=\"col medium-1\/2 large-6\"  >\n\t\t\t\t<div class=\"col-inner\"  >\n\t\t\t\n\t\t\t\n<ul>\n<li class=\"bullet-checkmark\">Obsahuj\u00ed p\u0159\u00edrodn\u00ed aroma<\/li>\n<li class=\"bullet-checkmark\">Bezlepkov\u00e9 a vhodn\u00e9 pro vegetari\u00e1ny<\/li>\n<li class=\"bullet-checkmark\">Obsahuj\u00ed hrachov\u00fd protein<\/li>\n<\/ul>\n\t\t<\/div>\n\t\t\t\t\t<\/div>\n\n\t\n<\/div>\n<h2>N\u00e1vod na pou\u017eitie<\/h2>\n<p>Doprajte si tento produkt v r\u00e1mci vyv\u00e1\u017eenej a pestrej stravy, ako s\u00fa\u010das\u0165 zdrav\u00e9ho a akt\u00edvneho \u017eivotn\u00e9ho \u0161t\u00fdlu.<\/p>\n<p><a href=\"https:\/\/herbastore.sk\/wp-content\/uploads\/2024\/01\/Herbalife-proteinove-chipsy-vyzivova-hodnota.png\"><img decoding=\"async\" class=\"aligncenter wp-image-24644 size-full\" src=\"https:\/\/herbastore.sk\/wp-content\/uploads\/2024\/01\/Herbalife-proteinove-chipsy-vyzivova-hodnota.png\" alt=\"Herbalif Proteinove chipsy vyzivova hodnota\" width=\"600\" height=\"auto\" srcset=\"https:\/\/herbastore.sk\/wp-content\/uploads\/2024\/01\/Herbalife-proteinove-chipsy-vyzivova-hodnota.png 1310w, https:\/\/herbastore.sk\/wp-content\/uploads\/2024\/01\/Herbalife-proteinove-chipsy-vyzivova-hodnota-663x400.png 663w, https:\/\/herbastore.sk\/wp-content\/uploads\/2024\/01\/Herbalife-proteinove-chipsy-vyzivova-hodnota-768x463.png 768w, https:\/\/herbastore.sk\/wp-content\/uploads\/2024\/01\/Herbalife-proteinove-chipsy-vyzivova-hodnota-267x161.png 267w, https:\/\/herbastore.sk\/wp-content\/uploads\/2024\/01\/Herbalife-proteinove-chipsy-vyzivova-hodnota-534x322.png 534w\" sizes=\"(max-width: 1310px) 100vw, 1310px\" \/><\/a><\/p>\n<p style=\"text-align: center;\"><em>V\u00fd\u017eivov\u00e1 hodnota &#8211; Herbalife Prote\u00ednov\u00e9 chipsy<\/em><\/p>\n","protected":false},"excerpt":{"rendered":"<p>10 x 30 g<\/p>\n<div class=\"is-divider divider clearfix\" ><\/div>\n<p class=\"p1\">Proteinov\u00e9 chipsy jsou lahodn\u00fd a v\u00fd\u017eivn\u00fd slan\u00fd snack, kter\u00fd V\u00e1m pom\u016f\u017ee dodr\u017eet Va\u0161e v\u00fd\u017eivov\u00e9 c\u00edle a\u0165 jste kdekoli.<\/p>\n","protected":false},"featured_media":24638,"comment_status":"open","ping_status":"closed","template":"","meta":{"inline_featured_image":false},"product_brand":[],"product_cat":[180],"product_tag":[201,205,208],"class_list":{"0":"post-24696","1":"product","2":"type-product","3":"status-publish","4":"has-post-thumbnail","6":"product_cat-proteinove-doplnky","7":"product_tag-bezlepkova-dieta","8":"product_tag-narust-svalove-hmoty","9":"product_tag-pribirani","11":"first","12":"outofstock","13":"taxable","14":"shipping-taxable","15":"purchasable","16":"product-type-variable"},"yoast_head":"<!-- This site is optimized with the Yoast SEO plugin v26.8 - https:\/\/yoast.com\/product\/yoast-seo-wordpress\/ -->\n<title>Herbalife Proteinov\u00e9 chipsy 10 x 30 g - herbastore<\/title>\n<meta name=\"description\" content=\"Herbalife Proteinov\u00e9 chipsy jsou lahodn\u00fd a v\u00fd\u017eivn\u00fd slan\u00fd snack, kter\u00fd V\u00e1m pom\u016f\u017ee dodr\u017eet Va\u0161e v\u00fd\u017eivov\u00e9 c\u00edle a\u0165 jste kdekoli.\" \/>\n<meta name=\"robots\" content=\"index, follow, max-snippet:-1, max-image-preview:large, max-video-preview:-1\" \/>\n<link rel=\"canonical\" href=\"https:\/\/herbastore.sk\/cs\/produkty\/proteinove-doplnky\/proteinove-chipsy\/\" \/>\n<meta property=\"og:locale\" content=\"cs_CZ\" \/>\n<meta property=\"og:type\" content=\"article\" \/>\n<meta property=\"og:title\" content=\"Herbalife Proteinov\u00e9 chipsy 10 x 30 g - herbastore\" \/>\n<meta property=\"og:description\" content=\"Herbalife Proteinov\u00e9 chipsy jsou lahodn\u00fd a v\u00fd\u017eivn\u00fd slan\u00fd snack, kter\u00fd V\u00e1m pom\u016f\u017ee dodr\u017eet Va\u0161e v\u00fd\u017eivov\u00e9 c\u00edle a\u0165 jste kdekoli.\" \/>\n<meta property=\"og:url\" content=\"https:\/\/herbastore.sk\/cs\/produkty\/proteinove-doplnky\/proteinove-chipsy\/\" \/>\n<meta property=\"og:site_name\" content=\"herbastore\" \/>\n<meta property=\"article:publisher\" content=\"https:\/\/www.facebook.com\/herbastoresk\/\" \/>\n<meta property=\"article:modified_time\" content=\"2025-03-19T22:23:57+00:00\" \/>\n<meta property=\"og:image\" content=\"https:\/\/herbastore.sk\/wp-content\/uploads\/2024\/01\/Herbalife-proteinove-chipsy-prichut-kyslej-smotany-a-cibule.jpg\" \/>\n\t<meta property=\"og:image:width\" content=\"534\" \/>\n\t<meta property=\"og:image:height\" content=\"800\" \/>\n\t<meta property=\"og:image:type\" content=\"image\/jpeg\" \/>\n<meta name=\"twitter:card\" content=\"summary_large_image\" \/>\n<meta name=\"twitter:label1\" content=\"Odhadovan\u00e1 doba \u010dten\u00ed\" \/>\n\t<meta name=\"twitter:data1\" content=\"1 minuta\" \/>\n<script type=\"application\/ld+json\" class=\"yoast-schema-graph\">{\"@context\":\"https:\/\/schema.org\",\"@graph\":[{\"@type\":\"WebPage\",\"@id\":\"https:\/\/herbastore.sk\/cs\/produkty\/proteinove-doplnky\/proteinove-chipsy\/\",\"url\":\"https:\/\/herbastore.sk\/cs\/produkty\/proteinove-doplnky\/proteinove-chipsy\/\",\"name\":\"Herbalife Proteinov\u00e9 chipsy 10 x 30 g - herbastore\",\"isPartOf\":{\"@id\":\"https:\/\/herbastore.sk\/cs\/#website\"},\"primaryImageOfPage\":{\"@id\":\"https:\/\/herbastore.sk\/cs\/produkty\/proteinove-doplnky\/proteinove-chipsy\/#primaryimage\"},\"image\":{\"@id\":\"https:\/\/herbastore.sk\/cs\/produkty\/proteinove-doplnky\/proteinove-chipsy\/#primaryimage\"},\"thumbnailUrl\":\"https:\/\/herbastore.sk\/wp-content\/uploads\/2024\/01\/Herbalife-proteinove-chipsy-prichut-kyslej-smotany-a-cibule.jpg\",\"datePublished\":\"2024-01-18T21:50:07+00:00\",\"dateModified\":\"2025-03-19T22:23:57+00:00\",\"description\":\"Herbalife Proteinov\u00e9 chipsy jsou lahodn\u00fd a v\u00fd\u017eivn\u00fd slan\u00fd snack, kter\u00fd V\u00e1m pom\u016f\u017ee dodr\u017eet Va\u0161e v\u00fd\u017eivov\u00e9 c\u00edle a\u0165 jste kdekoli.\",\"breadcrumb\":{\"@id\":\"https:\/\/herbastore.sk\/cs\/produkty\/proteinove-doplnky\/proteinove-chipsy\/#breadcrumb\"},\"inLanguage\":\"cs\",\"potentialAction\":[{\"@type\":\"ReadAction\",\"target\":[\"https:\/\/herbastore.sk\/cs\/produkty\/proteinove-doplnky\/proteinove-chipsy\/\"]}]},{\"@type\":\"ImageObject\",\"inLanguage\":\"cs\",\"@id\":\"https:\/\/herbastore.sk\/cs\/produkty\/proteinove-doplnky\/proteinove-chipsy\/#primaryimage\",\"url\":\"https:\/\/herbastore.sk\/wp-content\/uploads\/2024\/01\/Herbalife-proteinove-chipsy-prichut-kyslej-smotany-a-cibule.jpg\",\"contentUrl\":\"https:\/\/herbastore.sk\/wp-content\/uploads\/2024\/01\/Herbalife-proteinove-chipsy-prichut-kyslej-smotany-a-cibule.jpg\",\"width\":534,\"height\":800,\"caption\":\"Herbalife Proteinove chipsy s prichuti kysele smetany a cibule\"},{\"@type\":\"BreadcrumbList\",\"@id\":\"https:\/\/herbastore.sk\/cs\/produkty\/proteinove-doplnky\/proteinove-chipsy\/#breadcrumb\",\"itemListElement\":[{\"@type\":\"ListItem\",\"position\":1,\"name\":\"Home\",\"item\":\"https:\/\/herbastore.sk\/cs\/\"},{\"@type\":\"ListItem\",\"position\":2,\"name\":\"Produkty\",\"item\":\"https:\/\/herbastore.sk\/cs\/produkty\/\"},{\"@type\":\"ListItem\",\"position\":3,\"name\":\"Proteinov\u00e9 chipsy\"}]},{\"@type\":\"WebSite\",\"@id\":\"https:\/\/herbastore.sk\/cs\/#website\",\"url\":\"https:\/\/herbastore.sk\/cs\/\",\"name\":\"herbastore\",\"description\":\"Produkty Herbalife z pohodlia v\u00e1\u0161ho domova\",\"publisher\":{\"@id\":\"https:\/\/herbastore.sk\/cs\/#organization\"},\"potentialAction\":[{\"@type\":\"SearchAction\",\"target\":{\"@type\":\"EntryPoint\",\"urlTemplate\":\"https:\/\/herbastore.sk\/cs\/?s={search_term_string}\"},\"query-input\":{\"@type\":\"PropertyValueSpecification\",\"valueRequired\":true,\"valueName\":\"search_term_string\"}}],\"inLanguage\":\"cs\"},{\"@type\":\"Organization\",\"@id\":\"https:\/\/herbastore.sk\/cs\/#organization\",\"name\":\"herbastore.sk\",\"url\":\"https:\/\/herbastore.sk\/cs\/\",\"logo\":{\"@type\":\"ImageObject\",\"inLanguage\":\"cs\",\"@id\":\"https:\/\/herbastore.sk\/cs\/#\/schema\/logo\/image\/\",\"url\":\"https:\/\/herbastore.sk\/wp-content\/uploads\/2018\/11\/herbastore-ikona.png\",\"contentUrl\":\"https:\/\/herbastore.sk\/wp-content\/uploads\/2018\/11\/herbastore-ikona.png\",\"width\":512,\"height\":512,\"caption\":\"herbastore.sk\"},\"image\":{\"@id\":\"https:\/\/herbastore.sk\/cs\/#\/schema\/logo\/image\/\"},\"sameAs\":[\"https:\/\/www.facebook.com\/herbastoresk\/\",\"https:\/\/www.instagram.com\/herbastore.sk\/\"]}]}<\/script>\n<!-- \/ Yoast SEO plugin. -->","yoast_head_json":{"title":"Herbalife Proteinov\u00e9 chipsy 10 x 30 g - herbastore","description":"Herbalife Proteinov\u00e9 chipsy jsou lahodn\u00fd a v\u00fd\u017eivn\u00fd slan\u00fd snack, kter\u00fd V\u00e1m pom\u016f\u017ee dodr\u017eet Va\u0161e v\u00fd\u017eivov\u00e9 c\u00edle a\u0165 jste kdekoli.","robots":{"index":"index","follow":"follow","max-snippet":"max-snippet:-1","max-image-preview":"max-image-preview:large","max-video-preview":"max-video-preview:-1"},"canonical":"https:\/\/herbastore.sk\/cs\/produkty\/proteinove-doplnky\/proteinove-chipsy\/","og_locale":"cs_CZ","og_type":"article","og_title":"Herbalife Proteinov\u00e9 chipsy 10 x 30 g - herbastore","og_description":"Herbalife Proteinov\u00e9 chipsy jsou lahodn\u00fd a v\u00fd\u017eivn\u00fd slan\u00fd snack, kter\u00fd V\u00e1m pom\u016f\u017ee dodr\u017eet Va\u0161e v\u00fd\u017eivov\u00e9 c\u00edle a\u0165 jste kdekoli.","og_url":"https:\/\/herbastore.sk\/cs\/produkty\/proteinove-doplnky\/proteinove-chipsy\/","og_site_name":"herbastore","article_publisher":"https:\/\/www.facebook.com\/herbastoresk\/","article_modified_time":"2025-03-19T22:23:57+00:00","og_image":[{"width":534,"height":800,"url":"https:\/\/herbastore.sk\/wp-content\/uploads\/2024\/01\/Herbalife-proteinove-chipsy-prichut-kyslej-smotany-a-cibule.jpg","type":"image\/jpeg"}],"twitter_card":"summary_large_image","twitter_misc":{"Odhadovan\u00e1 doba \u010dten\u00ed":"1 minuta"},"schema":{"@context":"https:\/\/schema.org","@graph":[{"@type":"WebPage","@id":"https:\/\/herbastore.sk\/cs\/produkty\/proteinove-doplnky\/proteinove-chipsy\/","url":"https:\/\/herbastore.sk\/cs\/produkty\/proteinove-doplnky\/proteinove-chipsy\/","name":"Herbalife Proteinov\u00e9 chipsy 10 x 30 g - herbastore","isPartOf":{"@id":"https:\/\/herbastore.sk\/cs\/#website"},"primaryImageOfPage":{"@id":"https:\/\/herbastore.sk\/cs\/produkty\/proteinove-doplnky\/proteinove-chipsy\/#primaryimage"},"image":{"@id":"https:\/\/herbastore.sk\/cs\/produkty\/proteinove-doplnky\/proteinove-chipsy\/#primaryimage"},"thumbnailUrl":"https:\/\/herbastore.sk\/wp-content\/uploads\/2024\/01\/Herbalife-proteinove-chipsy-prichut-kyslej-smotany-a-cibule.jpg","datePublished":"2024-01-18T21:50:07+00:00","dateModified":"2025-03-19T22:23:57+00:00","description":"Herbalife Proteinov\u00e9 chipsy jsou lahodn\u00fd a v\u00fd\u017eivn\u00fd slan\u00fd snack, kter\u00fd V\u00e1m pom\u016f\u017ee dodr\u017eet Va\u0161e v\u00fd\u017eivov\u00e9 c\u00edle a\u0165 jste kdekoli.","breadcrumb":{"@id":"https:\/\/herbastore.sk\/cs\/produkty\/proteinove-doplnky\/proteinove-chipsy\/#breadcrumb"},"inLanguage":"cs","potentialAction":[{"@type":"ReadAction","target":["https:\/\/herbastore.sk\/cs\/produkty\/proteinove-doplnky\/proteinove-chipsy\/"]}]},{"@type":"ImageObject","inLanguage":"cs","@id":"https:\/\/herbastore.sk\/cs\/produkty\/proteinove-doplnky\/proteinove-chipsy\/#primaryimage","url":"https:\/\/herbastore.sk\/wp-content\/uploads\/2024\/01\/Herbalife-proteinove-chipsy-prichut-kyslej-smotany-a-cibule.jpg","contentUrl":"https:\/\/herbastore.sk\/wp-content\/uploads\/2024\/01\/Herbalife-proteinove-chipsy-prichut-kyslej-smotany-a-cibule.jpg","width":534,"height":800,"caption":"Herbalife Proteinove chipsy s prichuti kysele smetany a cibule"},{"@type":"BreadcrumbList","@id":"https:\/\/herbastore.sk\/cs\/produkty\/proteinove-doplnky\/proteinove-chipsy\/#breadcrumb","itemListElement":[{"@type":"ListItem","position":1,"name":"Home","item":"https:\/\/herbastore.sk\/cs\/"},{"@type":"ListItem","position":2,"name":"Produkty","item":"https:\/\/herbastore.sk\/cs\/produkty\/"},{"@type":"ListItem","position":3,"name":"Proteinov\u00e9 chipsy"}]},{"@type":"WebSite","@id":"https:\/\/herbastore.sk\/cs\/#website","url":"https:\/\/herbastore.sk\/cs\/","name":"herbastore","description":"Produkty Herbalife z pohodlia v\u00e1\u0161ho domova","publisher":{"@id":"https:\/\/herbastore.sk\/cs\/#organization"},"potentialAction":[{"@type":"SearchAction","target":{"@type":"EntryPoint","urlTemplate":"https:\/\/herbastore.sk\/cs\/?s={search_term_string}"},"query-input":{"@type":"PropertyValueSpecification","valueRequired":true,"valueName":"search_term_string"}}],"inLanguage":"cs"},{"@type":"Organization","@id":"https:\/\/herbastore.sk\/cs\/#organization","name":"herbastore.sk","url":"https:\/\/herbastore.sk\/cs\/","logo":{"@type":"ImageObject","inLanguage":"cs","@id":"https:\/\/herbastore.sk\/cs\/#\/schema\/logo\/image\/","url":"https:\/\/herbastore.sk\/wp-content\/uploads\/2018\/11\/herbastore-ikona.png","contentUrl":"https:\/\/herbastore.sk\/wp-content\/uploads\/2018\/11\/herbastore-ikona.png","width":512,"height":512,"caption":"herbastore.sk"},"image":{"@id":"https:\/\/herbastore.sk\/cs\/#\/schema\/logo\/image\/"},"sameAs":["https:\/\/www.facebook.com\/herbastoresk\/","https:\/\/www.instagram.com\/herbastore.sk\/"]}]}},"_links":{"self":[{"href":"https:\/\/herbastore.sk\/cs\/wp-json\/wp\/v2\/product\/24696","targetHints":{"allow":["GET"]}}],"collection":[{"href":"https:\/\/herbastore.sk\/cs\/wp-json\/wp\/v2\/product"}],"about":[{"href":"https:\/\/herbastore.sk\/cs\/wp-json\/wp\/v2\/types\/product"}],"replies":[{"embeddable":true,"href":"https:\/\/herbastore.sk\/cs\/wp-json\/wp\/v2\/comments?post=24696"}],"wp:featuredmedia":[{"embeddable":true,"href":"https:\/\/herbastore.sk\/cs\/wp-json\/wp\/v2\/media\/24638"}],"wp:attachment":[{"href":"https:\/\/herbastore.sk\/cs\/wp-json\/wp\/v2\/media?parent=24696"}],"wp:term":[{"taxonomy":"product_brand","embeddable":true,"href":"https:\/\/herbastore.sk\/cs\/wp-json\/wp\/v2\/product_brand?post=24696"},{"taxonomy":"product_cat","embeddable":true,"href":"https:\/\/herbastore.sk\/cs\/wp-json\/wp\/v2\/product_cat?post=24696"},{"taxonomy":"product_tag","embeddable":true,"href":"https:\/\/herbastore.sk\/cs\/wp-json\/wp\/v2\/product_tag?post=24696"}],"curies":[{"name":"wp","href":"https:\/\/api.w.org\/{rel}","templated":true}]}}