{"id":19830,"date":"2023-01-24T23:38:57","date_gmt":"2023-01-24T22:47:26","guid":{"rendered":"https:\/\/herbastore.sk\/produkty\/nezarazene\/h24-proteinove-tycinky-achieve\/"},"modified":"2025-02-12T21:33:24","modified_gmt":"2025-02-12T20:33:24","slug":"h24-proteinove-tycinky-achieve","status":"publish","type":"product","link":"https:\/\/herbastore.sk\/cs\/produkty\/h24-sportovni-vyziva\/h24-proteinove-tycinky-achieve\/","title":{"rendered":"H24 Proteinov\u00e9 ty\u010dinky Achieve"},"content":{"rendered":"<h2>Komu mohou b\u00fdt Proteinov\u00e9 ty\u010dinky Achieve prosp\u011b\u0161n\u00e9?<\/h2>\n<p>A\u0165 u\u017e s posilov\u00e1n\u00edm teprve za\u010d\u00edn\u00e1te, pravideln\u011b nav\u0161t\u011bvujete posilovnu nebo jste v\u00fdkonnostn\u00ed sportovec, pot\u0159ebujete sportovn\u00ed v\u00fd\u017eivu, kter\u00e1 v\u00e1s podpo\u0159\u00ed v ka\u017ed\u00e9m okam\u017eiku. Proto jsme vytvo\u0159ili proteinov\u00e9 ty\u010dinky H24 Achieve.<\/p>\n<p>Jsou vhodnou pochoutkou po tr\u00e9ninku, kter\u00e1 obsahuje 21 gram\u016f b\u00edlkovin v ka\u017ed\u00e9 ty\u010dince. Ka\u017ed\u00e1 proteinov\u00e1 ty\u010dinka je k dispozici v dekadentn\u00ed p\u0159\u00edchuti ho\u0159k\u00e9 \u010dokol\u00e1dy, bez um\u011bl\u00fdch aromat a barviv a jsou vhodn\u00e9 i pro vegetari\u00e1ny!<\/p>\n<p>Chceme v\u00e1m poskytnout v\u00fd\u017eivu, kter\u00e1 v\u00e1m pom\u016f\u017ee dos\u00e1hnout va\u0161ich c\u00edl\u016f, a\u0165 u\u017e jsou jakkoli velk\u00e9 nebo mal\u00e9. Proteinov\u00e9 ty\u010dinky H24 Achieve konzumujte jednou denn\u011b, mezi j\u00eddly nebo po tr\u00e9ninku.<\/p>\n<h2>Hlavn\u00ed v\u00fdhody a charakteristika<\/h2>\n<div class=\"row\"  id=\"row-598469924\">\n\n\t<div id=\"col-880470231\" class=\"col medium-1\/2 large-6\"  >\n\t\t\t\t<div class=\"col-inner\"  >\n\t\t\t\n\t\t\t\n<ul>\n<li class=\"bullet-checkmark\">21 g b\u00edlkovin v jedn\u00e9 ty\u010dince<\/li>\n<li class=\"bullet-checkmark\">N\u00edzk\u00fd obsah cukru<\/li>\n<li class=\"bullet-checkmark\">Certifik\u00e1t Informed Sports<\/li>\n<\/ul>\n\t\t<\/div>\n\t\t\t\t\t<\/div>\n\n\t\n\n\t<div id=\"col-956688620\" class=\"col medium-1\/2 large-6\"  >\n\t\t\t\t<div class=\"col-inner\"  >\n\t\t\t\n\t\t\t\n<ul>\n<li class=\"bullet-checkmark\">Bez um\u011bl\u00fdch barviv a p\u0159\u00edchut\u00ed<\/li>\n<li class=\"bullet-checkmark\">Bohat\u00e1 p\u0159\u00edchu\u0165 ho\u0159k\u00e9 \u010dokol\u00e1dy<\/li>\n<li class=\"bullet-checkmark\">Vhodn\u00e9 pro vegetari\u00e1ny<\/li>\n<\/ul>\n\t\t<\/div>\n\t\t\t\t\t<\/div>\n\n\t\n<\/div>\n<h2>N\u00e1vod k pou\u017eit\u00ed<\/h2>\n<p>Konzumujte jednou denn\u011b mezi j\u00eddly nebo po tr\u00e9ninku. U\u017e\u00edvejte tento v\u00fdrobek v r\u00e1mci vyv\u00e1\u017een\u00e9 a pestr\u00e9 stravy, jako sou\u010d\u00e1st zdrav\u00e9ho a aktivn\u00edho \u017eivotn\u00edho stylu.<\/p>\n<p><a href=\"https:\/\/herbastore.sk\/wp-content\/uploads\/2023\/01\/Herbalife-H24-proteinove-tycinky-achieve-vyzivova-hodnota-1.jpg\"><img loading=\"lazy\" decoding=\"async\" class=\"aligncenter wp-image-19828 size-full\" src=\"https:\/\/herbastore.sk\/wp-content\/uploads\/2023\/01\/Herbalife-H24-proteinove-tycinky-achieve-vyzivova-hodnota-1.jpg\" alt=\"Herbalife H24 proteinove tycinky achieve vyzivova hodnota\" width=\"1260\" height=\"785\" srcset=\"https:\/\/herbastore.sk\/wp-content\/uploads\/2023\/01\/Herbalife-H24-proteinove-tycinky-achieve-vyzivova-hodnota-1.jpg 1260w, https:\/\/herbastore.sk\/wp-content\/uploads\/2023\/01\/Herbalife-H24-proteinove-tycinky-achieve-vyzivova-hodnota-1-642x400.jpg 642w, https:\/\/herbastore.sk\/wp-content\/uploads\/2023\/01\/Herbalife-H24-proteinove-tycinky-achieve-vyzivova-hodnota-1-768x478.jpg 768w, https:\/\/herbastore.sk\/wp-content\/uploads\/2023\/01\/Herbalife-H24-proteinove-tycinky-achieve-vyzivova-hodnota-1-267x166.jpg 267w, https:\/\/herbastore.sk\/wp-content\/uploads\/2023\/01\/Herbalife-H24-proteinove-tycinky-achieve-vyzivova-hodnota-1-534x333.jpg 534w\" sizes=\"auto, (max-width: 1260px) 100vw, 1260px\" \/><\/a><\/p>\n<p style=\"text-align: center;\"><em>V\u00fd\u017eivov\u00e1 hodnota &#8211; Herbalife H24 Proteinov\u00e9 ty\u010dinky Achieve<\/em><\/p>\n","protected":false},"excerpt":{"rendered":"<p>6 x 60 g<\/p>\n<div class=\"is-divider divider clearfix\" ><\/div>\n<p>Proteinov\u00e9 ty\u010dinky Achieve jsou vhodnou pochoutkou po tr\u00e9ninku, kter\u00e1 obsahuje 21 gram\u016f b\u00edlkovin v ka\u017ed\u00e9 ty\u010dince. Ka\u017ed\u00e1 proteinov\u00e1 ty\u010dinka je k dispozici v p\u0159\u00edchuti ho\u0159k\u00e9 \u010dokol\u00e1dy, bez um\u011bl\u00fdch aromat a barviv a jsou vhodn\u00e9 i pro vegetari\u00e1ny!<\/p>\n","protected":false},"featured_media":19825,"comment_status":"open","ping_status":"closed","template":"","meta":{"inline_featured_image":false},"product_brand":[],"product_cat":[175],"product_tag":[205],"class_list":{"0":"post-19830","1":"product","2":"type-product","3":"status-publish","4":"has-post-thumbnail","6":"product_cat-h24-sportovni-vyziva","7":"product_tag-narust-svalove-hmoty","9":"first","10":"instock","11":"taxable","12":"shipping-taxable","13":"purchasable","14":"product-type-simple"},"yoast_head":"<!-- This site is optimized with the Yoast SEO plugin v26.8 - https:\/\/yoast.com\/product\/yoast-seo-wordpress\/ -->\n<title>Herbalife H24 Proteinov\u00e9 ty\u010dinky Achieve 6 x 60 g - herbastore.sk<\/title>\n<meta name=\"description\" content=\"Proteinov\u00e9 ty\u010dinky Herbalife H24 Achieve jsou vhodnou pochoutkou po tr\u00e9ninku, kter\u00e1 obsahuje 21 gram\u016f b\u00edlkovin v ka\u017ed\u00e9 ty\u010dince s p\u0159\u00edchut\u00ed ho\u0159k\u00e9 \u010dokol\u00e1dy.\" \/>\n<meta name=\"robots\" content=\"index, follow, max-snippet:-1, max-image-preview:large, max-video-preview:-1\" \/>\n<link rel=\"canonical\" href=\"https:\/\/herbastore.sk\/cs\/produkty\/h24-sportovni-vyziva\/h24-proteinove-tycinky-achieve\/\" \/>\n<meta property=\"og:locale\" content=\"cs_CZ\" \/>\n<meta property=\"og:type\" content=\"article\" \/>\n<meta property=\"og:title\" content=\"Herbalife H24 Proteinov\u00e9 ty\u010dinky Achieve 6 x 60 g - herbastore.sk\" \/>\n<meta property=\"og:description\" content=\"Proteinov\u00e9 ty\u010dinky Herbalife H24 Achieve jsou vhodnou pochoutkou po tr\u00e9ninku, kter\u00e1 obsahuje 21 gram\u016f b\u00edlkovin v ka\u017ed\u00e9 ty\u010dince s p\u0159\u00edchut\u00ed ho\u0159k\u00e9 \u010dokol\u00e1dy.\" \/>\n<meta property=\"og:url\" content=\"https:\/\/herbastore.sk\/cs\/produkty\/h24-sportovni-vyziva\/h24-proteinove-tycinky-achieve\/\" \/>\n<meta property=\"og:site_name\" content=\"herbastore\" \/>\n<meta property=\"article:publisher\" content=\"https:\/\/www.facebook.com\/herbastoresk\/\" \/>\n<meta property=\"article:modified_time\" content=\"2025-02-12T20:33:24+00:00\" \/>\n<meta property=\"og:image\" content=\"https:\/\/herbastore.sk\/wp-content\/uploads\/2023\/01\/Herbalife-H24-proteinove-tycinky-achieve.jpg\" \/>\n\t<meta property=\"og:image:width\" content=\"534\" \/>\n\t<meta property=\"og:image:height\" content=\"800\" \/>\n\t<meta property=\"og:image:type\" content=\"image\/jpeg\" \/>\n<meta name=\"twitter:card\" content=\"summary_large_image\" \/>\n<meta name=\"twitter:label1\" content=\"Odhadovan\u00e1 doba \u010dten\u00ed\" \/>\n\t<meta name=\"twitter:data1\" content=\"1 minuta\" \/>\n<script type=\"application\/ld+json\" class=\"yoast-schema-graph\">{\"@context\":\"https:\/\/schema.org\",\"@graph\":[{\"@type\":\"WebPage\",\"@id\":\"https:\/\/herbastore.sk\/cs\/produkty\/h24-sportovni-vyziva\/h24-proteinove-tycinky-achieve\/\",\"url\":\"https:\/\/herbastore.sk\/cs\/produkty\/h24-sportovni-vyziva\/h24-proteinove-tycinky-achieve\/\",\"name\":\"Herbalife H24 Proteinov\u00e9 ty\u010dinky Achieve 6 x 60 g - herbastore.sk\",\"isPartOf\":{\"@id\":\"https:\/\/herbastore.sk\/cs\/#website\"},\"primaryImageOfPage\":{\"@id\":\"https:\/\/herbastore.sk\/cs\/produkty\/h24-sportovni-vyziva\/h24-proteinove-tycinky-achieve\/#primaryimage\"},\"image\":{\"@id\":\"https:\/\/herbastore.sk\/cs\/produkty\/h24-sportovni-vyziva\/h24-proteinove-tycinky-achieve\/#primaryimage\"},\"thumbnailUrl\":\"https:\/\/herbastore.sk\/wp-content\/uploads\/2023\/01\/Herbalife-H24-proteinove-tycinky-achieve.jpg\",\"datePublished\":\"2023-01-24T22:47:26+00:00\",\"dateModified\":\"2025-02-12T20:33:24+00:00\",\"description\":\"Proteinov\u00e9 ty\u010dinky Herbalife H24 Achieve jsou vhodnou pochoutkou po tr\u00e9ninku, kter\u00e1 obsahuje 21 gram\u016f b\u00edlkovin v ka\u017ed\u00e9 ty\u010dince s p\u0159\u00edchut\u00ed ho\u0159k\u00e9 \u010dokol\u00e1dy.\",\"breadcrumb\":{\"@id\":\"https:\/\/herbastore.sk\/cs\/produkty\/h24-sportovni-vyziva\/h24-proteinove-tycinky-achieve\/#breadcrumb\"},\"inLanguage\":\"cs\",\"potentialAction\":[{\"@type\":\"ReadAction\",\"target\":[\"https:\/\/herbastore.sk\/cs\/produkty\/h24-sportovni-vyziva\/h24-proteinove-tycinky-achieve\/\"]}]},{\"@type\":\"ImageObject\",\"inLanguage\":\"cs\",\"@id\":\"https:\/\/herbastore.sk\/cs\/produkty\/h24-sportovni-vyziva\/h24-proteinove-tycinky-achieve\/#primaryimage\",\"url\":\"https:\/\/herbastore.sk\/wp-content\/uploads\/2023\/01\/Herbalife-H24-proteinove-tycinky-achieve.jpg\",\"contentUrl\":\"https:\/\/herbastore.sk\/wp-content\/uploads\/2023\/01\/Herbalife-H24-proteinove-tycinky-achieve.jpg\",\"width\":534,\"height\":800,\"caption\":\"Herbalife H24 proteinove tycinky achieve\"},{\"@type\":\"BreadcrumbList\",\"@id\":\"https:\/\/herbastore.sk\/cs\/produkty\/h24-sportovni-vyziva\/h24-proteinove-tycinky-achieve\/#breadcrumb\",\"itemListElement\":[{\"@type\":\"ListItem\",\"position\":1,\"name\":\"Home\",\"item\":\"https:\/\/herbastore.sk\/cs\/\"},{\"@type\":\"ListItem\",\"position\":2,\"name\":\"Produkty\",\"item\":\"https:\/\/herbastore.sk\/cs\/produkty\/\"},{\"@type\":\"ListItem\",\"position\":3,\"name\":\"H24 Proteinov\u00e9 ty\u010dinky Achieve\"}]},{\"@type\":\"WebSite\",\"@id\":\"https:\/\/herbastore.sk\/cs\/#website\",\"url\":\"https:\/\/herbastore.sk\/cs\/\",\"name\":\"herbastore\",\"description\":\"Produkty Herbalife z pohodlia v\u00e1\u0161ho domova\",\"publisher\":{\"@id\":\"https:\/\/herbastore.sk\/cs\/#organization\"},\"potentialAction\":[{\"@type\":\"SearchAction\",\"target\":{\"@type\":\"EntryPoint\",\"urlTemplate\":\"https:\/\/herbastore.sk\/cs\/?s={search_term_string}\"},\"query-input\":{\"@type\":\"PropertyValueSpecification\",\"valueRequired\":true,\"valueName\":\"search_term_string\"}}],\"inLanguage\":\"cs\"},{\"@type\":\"Organization\",\"@id\":\"https:\/\/herbastore.sk\/cs\/#organization\",\"name\":\"herbastore.sk\",\"url\":\"https:\/\/herbastore.sk\/cs\/\",\"logo\":{\"@type\":\"ImageObject\",\"inLanguage\":\"cs\",\"@id\":\"https:\/\/herbastore.sk\/cs\/#\/schema\/logo\/image\/\",\"url\":\"https:\/\/herbastore.sk\/wp-content\/uploads\/2018\/11\/herbastore-ikona.png\",\"contentUrl\":\"https:\/\/herbastore.sk\/wp-content\/uploads\/2018\/11\/herbastore-ikona.png\",\"width\":512,\"height\":512,\"caption\":\"herbastore.sk\"},\"image\":{\"@id\":\"https:\/\/herbastore.sk\/cs\/#\/schema\/logo\/image\/\"},\"sameAs\":[\"https:\/\/www.facebook.com\/herbastoresk\/\",\"https:\/\/www.instagram.com\/herbastore.sk\/\"]}]}<\/script>\n<!-- \/ Yoast SEO plugin. -->","yoast_head_json":{"title":"Herbalife H24 Proteinov\u00e9 ty\u010dinky Achieve 6 x 60 g - herbastore.sk","description":"Proteinov\u00e9 ty\u010dinky Herbalife H24 Achieve jsou vhodnou pochoutkou po tr\u00e9ninku, kter\u00e1 obsahuje 21 gram\u016f b\u00edlkovin v ka\u017ed\u00e9 ty\u010dince s p\u0159\u00edchut\u00ed ho\u0159k\u00e9 \u010dokol\u00e1dy.","robots":{"index":"index","follow":"follow","max-snippet":"max-snippet:-1","max-image-preview":"max-image-preview:large","max-video-preview":"max-video-preview:-1"},"canonical":"https:\/\/herbastore.sk\/cs\/produkty\/h24-sportovni-vyziva\/h24-proteinove-tycinky-achieve\/","og_locale":"cs_CZ","og_type":"article","og_title":"Herbalife H24 Proteinov\u00e9 ty\u010dinky Achieve 6 x 60 g - herbastore.sk","og_description":"Proteinov\u00e9 ty\u010dinky Herbalife H24 Achieve jsou vhodnou pochoutkou po tr\u00e9ninku, kter\u00e1 obsahuje 21 gram\u016f b\u00edlkovin v ka\u017ed\u00e9 ty\u010dince s p\u0159\u00edchut\u00ed ho\u0159k\u00e9 \u010dokol\u00e1dy.","og_url":"https:\/\/herbastore.sk\/cs\/produkty\/h24-sportovni-vyziva\/h24-proteinove-tycinky-achieve\/","og_site_name":"herbastore","article_publisher":"https:\/\/www.facebook.com\/herbastoresk\/","article_modified_time":"2025-02-12T20:33:24+00:00","og_image":[{"width":534,"height":800,"url":"https:\/\/herbastore.sk\/wp-content\/uploads\/2023\/01\/Herbalife-H24-proteinove-tycinky-achieve.jpg","type":"image\/jpeg"}],"twitter_card":"summary_large_image","twitter_misc":{"Odhadovan\u00e1 doba \u010dten\u00ed":"1 minuta"},"schema":{"@context":"https:\/\/schema.org","@graph":[{"@type":"WebPage","@id":"https:\/\/herbastore.sk\/cs\/produkty\/h24-sportovni-vyziva\/h24-proteinove-tycinky-achieve\/","url":"https:\/\/herbastore.sk\/cs\/produkty\/h24-sportovni-vyziva\/h24-proteinove-tycinky-achieve\/","name":"Herbalife H24 Proteinov\u00e9 ty\u010dinky Achieve 6 x 60 g - herbastore.sk","isPartOf":{"@id":"https:\/\/herbastore.sk\/cs\/#website"},"primaryImageOfPage":{"@id":"https:\/\/herbastore.sk\/cs\/produkty\/h24-sportovni-vyziva\/h24-proteinove-tycinky-achieve\/#primaryimage"},"image":{"@id":"https:\/\/herbastore.sk\/cs\/produkty\/h24-sportovni-vyziva\/h24-proteinove-tycinky-achieve\/#primaryimage"},"thumbnailUrl":"https:\/\/herbastore.sk\/wp-content\/uploads\/2023\/01\/Herbalife-H24-proteinove-tycinky-achieve.jpg","datePublished":"2023-01-24T22:47:26+00:00","dateModified":"2025-02-12T20:33:24+00:00","description":"Proteinov\u00e9 ty\u010dinky Herbalife H24 Achieve jsou vhodnou pochoutkou po tr\u00e9ninku, kter\u00e1 obsahuje 21 gram\u016f b\u00edlkovin v ka\u017ed\u00e9 ty\u010dince s p\u0159\u00edchut\u00ed ho\u0159k\u00e9 \u010dokol\u00e1dy.","breadcrumb":{"@id":"https:\/\/herbastore.sk\/cs\/produkty\/h24-sportovni-vyziva\/h24-proteinove-tycinky-achieve\/#breadcrumb"},"inLanguage":"cs","potentialAction":[{"@type":"ReadAction","target":["https:\/\/herbastore.sk\/cs\/produkty\/h24-sportovni-vyziva\/h24-proteinove-tycinky-achieve\/"]}]},{"@type":"ImageObject","inLanguage":"cs","@id":"https:\/\/herbastore.sk\/cs\/produkty\/h24-sportovni-vyziva\/h24-proteinove-tycinky-achieve\/#primaryimage","url":"https:\/\/herbastore.sk\/wp-content\/uploads\/2023\/01\/Herbalife-H24-proteinove-tycinky-achieve.jpg","contentUrl":"https:\/\/herbastore.sk\/wp-content\/uploads\/2023\/01\/Herbalife-H24-proteinove-tycinky-achieve.jpg","width":534,"height":800,"caption":"Herbalife H24 proteinove tycinky achieve"},{"@type":"BreadcrumbList","@id":"https:\/\/herbastore.sk\/cs\/produkty\/h24-sportovni-vyziva\/h24-proteinove-tycinky-achieve\/#breadcrumb","itemListElement":[{"@type":"ListItem","position":1,"name":"Home","item":"https:\/\/herbastore.sk\/cs\/"},{"@type":"ListItem","position":2,"name":"Produkty","item":"https:\/\/herbastore.sk\/cs\/produkty\/"},{"@type":"ListItem","position":3,"name":"H24 Proteinov\u00e9 ty\u010dinky Achieve"}]},{"@type":"WebSite","@id":"https:\/\/herbastore.sk\/cs\/#website","url":"https:\/\/herbastore.sk\/cs\/","name":"herbastore","description":"Produkty Herbalife z pohodlia v\u00e1\u0161ho domova","publisher":{"@id":"https:\/\/herbastore.sk\/cs\/#organization"},"potentialAction":[{"@type":"SearchAction","target":{"@type":"EntryPoint","urlTemplate":"https:\/\/herbastore.sk\/cs\/?s={search_term_string}"},"query-input":{"@type":"PropertyValueSpecification","valueRequired":true,"valueName":"search_term_string"}}],"inLanguage":"cs"},{"@type":"Organization","@id":"https:\/\/herbastore.sk\/cs\/#organization","name":"herbastore.sk","url":"https:\/\/herbastore.sk\/cs\/","logo":{"@type":"ImageObject","inLanguage":"cs","@id":"https:\/\/herbastore.sk\/cs\/#\/schema\/logo\/image\/","url":"https:\/\/herbastore.sk\/wp-content\/uploads\/2018\/11\/herbastore-ikona.png","contentUrl":"https:\/\/herbastore.sk\/wp-content\/uploads\/2018\/11\/herbastore-ikona.png","width":512,"height":512,"caption":"herbastore.sk"},"image":{"@id":"https:\/\/herbastore.sk\/cs\/#\/schema\/logo\/image\/"},"sameAs":["https:\/\/www.facebook.com\/herbastoresk\/","https:\/\/www.instagram.com\/herbastore.sk\/"]}]}},"_links":{"self":[{"href":"https:\/\/herbastore.sk\/cs\/wp-json\/wp\/v2\/product\/19830","targetHints":{"allow":["GET"]}}],"collection":[{"href":"https:\/\/herbastore.sk\/cs\/wp-json\/wp\/v2\/product"}],"about":[{"href":"https:\/\/herbastore.sk\/cs\/wp-json\/wp\/v2\/types\/product"}],"replies":[{"embeddable":true,"href":"https:\/\/herbastore.sk\/cs\/wp-json\/wp\/v2\/comments?post=19830"}],"wp:featuredmedia":[{"embeddable":true,"href":"https:\/\/herbastore.sk\/cs\/wp-json\/wp\/v2\/media\/19825"}],"wp:attachment":[{"href":"https:\/\/herbastore.sk\/cs\/wp-json\/wp\/v2\/media?parent=19830"}],"wp:term":[{"taxonomy":"product_brand","embeddable":true,"href":"https:\/\/herbastore.sk\/cs\/wp-json\/wp\/v2\/product_brand?post=19830"},{"taxonomy":"product_cat","embeddable":true,"href":"https:\/\/herbastore.sk\/cs\/wp-json\/wp\/v2\/product_cat?post=19830"},{"taxonomy":"product_tag","embeddable":true,"href":"https:\/\/herbastore.sk\/cs\/wp-json\/wp\/v2\/product_tag?post=19830"}],"curies":[{"name":"wp","href":"https:\/\/api.w.org\/{rel}","templated":true}]}}