{"id":19466,"date":"2022-11-20T21:36:36","date_gmt":"2022-11-20T21:25:28","guid":{"rendered":"https:\/\/herbastore.sk\/produkty\/nezarazene\/phyto-complete\/"},"modified":"2025-09-01T13:23:02","modified_gmt":"2025-09-01T11:23:02","slug":"phyto-complete","status":"publish","type":"product","link":"https:\/\/herbastore.sk\/cs\/produkty\/cilena-vyziva\/phyto-complete\/","title":{"rendered":"Phyto Complete"},"content":{"rendered":"<h2>Jak v\u00e1m m\u016f\u017ee b\u00fdt Herbalife Phyto Complete prosp\u011b\u0161n\u00fd?<\/h2>\n<p> Phyto Complete tvrd\u011b pracuje, zat\u00edmco vy se v\u011bnujete sv\u00fdm ka\u017edodenn\u00edm \u010dinnostem. Propracovan\u00e1 receptura s extraktem Fiit-NS\u2122, pro kter\u00fd bylo v\u011bdecky prok\u00e1z\u00e1no, \u017ee pom\u00e1h\u00e1 zmen\u0161it obvod pasu, rovn\u011b\u017e sn\u00ed\u017eit abdomin\u00e1ln\u00ed (b\u0159i\u0161n\u00ed) tuk a p\u0159isp\u00edv\u00e1 ke zlep\u0161en\u00ed vitality a energie. Tato kapsle bohat\u00e1 na fytonutrienty obsahuje p\u0159\u00edrodn\u00ed kofein, vitam\u00edn C, vitam\u00edn B3, chrom a rostlinn\u00e9 extrakty zejm\u00e9na guaranu, zelen\u00fd \u010daj, grapefruit, hrozny a \u010dernou mrkev. Vitamin B3 a vitamin C p\u0159isp\u00edvaj\u00ed k norm\u00e1ln\u00edmu energetick\u00e9mu metabolismu a ke <strong>sn\u00ed\u017een\u00ed m\u00edry \u00fanavy a vy\u010derp\u00e1n\u00ed<\/strong>, zat\u00edmco chrom podporuje norm\u00e1ln\u00ed metabolismus makro\u017eivin a k <strong>udr\u017eov\u00e1n\u00ed norm\u00e1ln\u00ed hladiny gluk\u00f3zy v krvi<\/strong>. Podpo\u0159te svou ka\u017edodenn\u00ed rutinu svou denn\u00ed d\u00e1vkou Phyto Complete \u2013 p\u016fvodem z p\u0159\u00edrody a podlo\u017een\u00e9ho v\u011bdou. <\/p>\n<h2>Efekty a vlastnosti<\/h2>\n<div class=\"row\"  id=\"row-195069966\">\n\n\t<div id=\"col-425145909\" class=\"col medium-1\/2 large-6\"  >\n\t\t\t\t<div class=\"col-inner\"  >\n\t\t\t\n\t\t\t\n<ul>\n<li class=\"bullet-checkmark\">Fiit-NS\u2122 obsahuje kombinaci vitam\u00ednu B3 a fytonutrient\u016f z rostlinn\u00fdch extrakt\u016f v\u010detn\u011b guarany, zelen\u00e9ho \u010daje, grapefruitu, hrozn\u016f a \u010dern\u00e9 mrkve<\/li>\n<li class=\"bullet-checkmark\">Obsahuje p\u0159\u00edrodn\u00ed kofein z guarany<\/li>\n<li class=\"bullet-checkmark\">Vhodn\u00fd i pro vegany<\/li>\n<\/ul>\n\t\t<\/div>\n\t\t\t\t\t<\/div>\n\n\t\n\n\t<div id=\"col-1046718205\" class=\"col medium-1\/2 large-6\"  >\n\t\t\t\t<div class=\"col-inner\"  >\n\t\t\t\n\t\t\t\n<ul>\n<li class=\"bullet-checkmark\">Obsahuje chrom, kter\u00fd podporuje norm\u00e1ln\u00ed metabolismus makro\u017eivin a udr\u017een\u00ed norm\u00e1ln\u00ed hladiny gluk\u00f3zy v krvi<\/li>\n<li class=\"bullet-checkmark\">Obsahuje vitam\u00edny C a B3 (niacin), kter\u00e9 p\u0159isp\u00edvaj\u00ed k norm\u00e1ln\u00edmu energetick\u00e9mu metabolismu a ke sn\u00ed\u017een\u00ed m\u00edry \u00fanavy a vy\u010derp\u00e1n\u00ed<\/li>\n<li class=\"bullet-checkmark\">Bezlepkov\u00fd<\/li>\n<\/ul>\n\t\t<\/div>\n\t\t\t\t\t<\/div>\n\n\t\n<\/div>\n<h2>D\u00e1vkovanie<\/h2>\n<p>Zara\u010fte Phyto Complete do svojho ka\u017edodenn\u00e9ho re\u017eimu. U\u017e\u00edvajte 2 kapsuly denne spolu s jedlom. Pou\u017e\u00edvajte tento produkt v r\u00e1mci vyv\u00e1\u017eenej a pestrej stravy, ako s\u00fa\u010das\u0165 zdrav\u00e9ho a akt\u00edvneho \u017eivotn\u00e9ho \u0161t\u00fdlu.<\/p>\n<p><a href=\"https:\/\/herbastore.sk\/wp-content\/uploads\/2022\/11\/Herbalife-Phyto-Complete-vyzivova-hodnota.jpg\"><img decoding=\"async\" class=\"aligncenter wp-image-19464 size-full\" src=\"https:\/\/herbastore.sk\/wp-content\/uploads\/2022\/11\/Herbalife-Phyto-Complete-vyzivova-hodnota.jpg\" alt=\"Herbalife Phyto Complete vyzivova hodnota\" width=\"600\" height=\"auto\" srcset=\"https:\/\/herbastore.sk\/wp-content\/uploads\/2022\/11\/Herbalife-Phyto-Complete-vyzivova-hodnota.jpg 1235w, https:\/\/herbastore.sk\/wp-content\/uploads\/2022\/11\/Herbalife-Phyto-Complete-vyzivova-hodnota-800x246.jpg 800w, https:\/\/herbastore.sk\/wp-content\/uploads\/2022\/11\/Herbalife-Phyto-Complete-vyzivova-hodnota-768x236.jpg 768w, https:\/\/herbastore.sk\/wp-content\/uploads\/2022\/11\/Herbalife-Phyto-Complete-vyzivova-hodnota-267x82.jpg 267w, https:\/\/herbastore.sk\/wp-content\/uploads\/2022\/11\/Herbalife-Phyto-Complete-vyzivova-hodnota-534x164.jpg 534w\" sizes=\"(max-width: 1235px) 100vw, 1235px\" \/><\/a><\/p>\n<p style=\"text-align: center;\"><em>V\u00fd\u017eivov\u00e1 hodnota &#8211; Phyto Complete<\/em><\/p>\n","protected":false},"excerpt":{"rendered":"<p>60 kapsl\u00ed <\/p>\n<div class=\"is-divider divider clearfix\"><\/div>\n<p> Phyto Complete tvrd\u011b pracuje, zat\u00edmco vy se v\u011bnujete sv\u00fdm ka\u017edodenn\u00edm \u010dinnostem. Propracovan\u00e1 receptura s extraktem Fiit-NS\u2122, pro kter\u00fd bylo v\u011bdecky prok\u00e1z\u00e1no, \u017ee pom\u00e1h\u00e1 zmen\u0161it obvod pasu, rovn\u011b\u017e sn\u00ed\u017eit abdomin\u00e1ln\u00ed (b\u0159i\u0161n\u00ed) tuk a p\u0159isp\u00edv\u00e1 ke zlep\u0161en\u00ed vitality a energie.<\/p>\n","protected":false},"featured_media":19463,"comment_status":"open","ping_status":"closed","template":"","meta":{"inline_featured_image":false},"product_brand":[],"product_cat":[319,182],"product_tag":[210,212],"class_list":{"0":"post-19466","1":"product","2":"type-product","3":"status-publish","4":"has-post-thumbnail","6":"product_cat-nejprodavanejsi","7":"product_cat-cilena-vyziva","8":"product_tag-svalove-krece","9":"product_tag-vice-energie","11":"first","12":"instock","13":"taxable","14":"shipping-taxable","15":"purchasable","16":"product-type-simple"},"yoast_head":"<!-- This site is optimized with the Yoast SEO plugin v26.8 - https:\/\/yoast.com\/product\/yoast-seo-wordpress\/ -->\n<title>Herbalife Phyto Complete 60 kapsl\u00ed - herbastore<\/title>\n<meta name=\"description\" content=\"Phyto Complete s extraktem Fiit-NS\u2122, pro kter\u00fd bylo v\u011bdecky prok\u00e1z\u00e1no, \u017ee pom\u00e1h\u00e1 sn\u00ed\u017eit abdomin\u00e1ln\u00ed tuk a p\u0159isp\u00edv\u00e1 ke zlep\u0161en\u00ed vitality a energie.\" \/>\n<meta name=\"robots\" content=\"index, follow, max-snippet:-1, max-image-preview:large, max-video-preview:-1\" \/>\n<link rel=\"canonical\" href=\"https:\/\/herbastore.sk\/cs\/produkty\/cilena-vyziva\/phyto-complete\/\" \/>\n<meta property=\"og:locale\" content=\"cs_CZ\" \/>\n<meta property=\"og:type\" content=\"article\" \/>\n<meta property=\"og:title\" content=\"Herbalife Phyto Complete 60 kapsl\u00ed - herbastore\" \/>\n<meta property=\"og:description\" content=\"Phyto Complete s extraktem Fiit-NS\u2122, pro kter\u00fd bylo v\u011bdecky prok\u00e1z\u00e1no, \u017ee pom\u00e1h\u00e1 sn\u00ed\u017eit abdomin\u00e1ln\u00ed tuk a p\u0159isp\u00edv\u00e1 ke zlep\u0161en\u00ed vitality a energie.\" \/>\n<meta property=\"og:url\" content=\"https:\/\/herbastore.sk\/cs\/produkty\/cilena-vyziva\/phyto-complete\/\" \/>\n<meta property=\"og:site_name\" content=\"herbastore\" \/>\n<meta property=\"article:publisher\" content=\"https:\/\/www.facebook.com\/herbastoresk\/\" \/>\n<meta property=\"article:modified_time\" content=\"2025-09-01T11:23:02+00:00\" \/>\n<meta property=\"og:image\" content=\"https:\/\/herbastore.sk\/wp-content\/uploads\/2022\/11\/Herbalife-Phyto-Complete.jpg\" \/>\n\t<meta property=\"og:image:width\" content=\"534\" \/>\n\t<meta property=\"og:image:height\" content=\"800\" \/>\n\t<meta property=\"og:image:type\" content=\"image\/jpeg\" \/>\n<meta name=\"twitter:card\" content=\"summary_large_image\" \/>\n<meta name=\"twitter:label1\" content=\"Odhadovan\u00e1 doba \u010dten\u00ed\" \/>\n\t<meta name=\"twitter:data1\" content=\"2 minuty\" \/>\n<script type=\"application\/ld+json\" class=\"yoast-schema-graph\">{\"@context\":\"https:\/\/schema.org\",\"@graph\":[{\"@type\":\"WebPage\",\"@id\":\"https:\/\/herbastore.sk\/cs\/produkty\/cilena-vyziva\/phyto-complete\/\",\"url\":\"https:\/\/herbastore.sk\/cs\/produkty\/cilena-vyziva\/phyto-complete\/\",\"name\":\"Herbalife Phyto Complete 60 kapsl\u00ed - herbastore\",\"isPartOf\":{\"@id\":\"https:\/\/herbastore.sk\/cs\/#website\"},\"primaryImageOfPage\":{\"@id\":\"https:\/\/herbastore.sk\/cs\/produkty\/cilena-vyziva\/phyto-complete\/#primaryimage\"},\"image\":{\"@id\":\"https:\/\/herbastore.sk\/cs\/produkty\/cilena-vyziva\/phyto-complete\/#primaryimage\"},\"thumbnailUrl\":\"https:\/\/herbastore.sk\/wp-content\/uploads\/2022\/11\/Herbalife-Phyto-Complete.jpg\",\"datePublished\":\"2022-11-20T21:25:28+00:00\",\"dateModified\":\"2025-09-01T11:23:02+00:00\",\"description\":\"Phyto Complete s extraktem Fiit-NS\u2122, pro kter\u00fd bylo v\u011bdecky prok\u00e1z\u00e1no, \u017ee pom\u00e1h\u00e1 sn\u00ed\u017eit abdomin\u00e1ln\u00ed tuk a p\u0159isp\u00edv\u00e1 ke zlep\u0161en\u00ed vitality a energie.\",\"breadcrumb\":{\"@id\":\"https:\/\/herbastore.sk\/cs\/produkty\/cilena-vyziva\/phyto-complete\/#breadcrumb\"},\"inLanguage\":\"cs\",\"potentialAction\":[{\"@type\":\"ReadAction\",\"target\":[\"https:\/\/herbastore.sk\/cs\/produkty\/cilena-vyziva\/phyto-complete\/\"]}]},{\"@type\":\"ImageObject\",\"inLanguage\":\"cs\",\"@id\":\"https:\/\/herbastore.sk\/cs\/produkty\/cilena-vyziva\/phyto-complete\/#primaryimage\",\"url\":\"https:\/\/herbastore.sk\/wp-content\/uploads\/2022\/11\/Herbalife-Phyto-Complete.jpg\",\"contentUrl\":\"https:\/\/herbastore.sk\/wp-content\/uploads\/2022\/11\/Herbalife-Phyto-Complete.jpg\",\"width\":534,\"height\":800,\"caption\":\"Herbalife Phyto Complete\"},{\"@type\":\"BreadcrumbList\",\"@id\":\"https:\/\/herbastore.sk\/cs\/produkty\/cilena-vyziva\/phyto-complete\/#breadcrumb\",\"itemListElement\":[{\"@type\":\"ListItem\",\"position\":1,\"name\":\"Home\",\"item\":\"https:\/\/herbastore.sk\/cs\/\"},{\"@type\":\"ListItem\",\"position\":2,\"name\":\"Produkty\",\"item\":\"https:\/\/herbastore.sk\/cs\/produkty\/\"},{\"@type\":\"ListItem\",\"position\":3,\"name\":\"Phyto Complete\"}]},{\"@type\":\"WebSite\",\"@id\":\"https:\/\/herbastore.sk\/cs\/#website\",\"url\":\"https:\/\/herbastore.sk\/cs\/\",\"name\":\"herbastore\",\"description\":\"Produkty Herbalife z pohodlia v\u00e1\u0161ho domova\",\"publisher\":{\"@id\":\"https:\/\/herbastore.sk\/cs\/#organization\"},\"potentialAction\":[{\"@type\":\"SearchAction\",\"target\":{\"@type\":\"EntryPoint\",\"urlTemplate\":\"https:\/\/herbastore.sk\/cs\/?s={search_term_string}\"},\"query-input\":{\"@type\":\"PropertyValueSpecification\",\"valueRequired\":true,\"valueName\":\"search_term_string\"}}],\"inLanguage\":\"cs\"},{\"@type\":\"Organization\",\"@id\":\"https:\/\/herbastore.sk\/cs\/#organization\",\"name\":\"herbastore.sk\",\"url\":\"https:\/\/herbastore.sk\/cs\/\",\"logo\":{\"@type\":\"ImageObject\",\"inLanguage\":\"cs\",\"@id\":\"https:\/\/herbastore.sk\/cs\/#\/schema\/logo\/image\/\",\"url\":\"https:\/\/herbastore.sk\/wp-content\/uploads\/2018\/11\/herbastore-ikona.png\",\"contentUrl\":\"https:\/\/herbastore.sk\/wp-content\/uploads\/2018\/11\/herbastore-ikona.png\",\"width\":512,\"height\":512,\"caption\":\"herbastore.sk\"},\"image\":{\"@id\":\"https:\/\/herbastore.sk\/cs\/#\/schema\/logo\/image\/\"},\"sameAs\":[\"https:\/\/www.facebook.com\/herbastoresk\/\",\"https:\/\/www.instagram.com\/herbastore.sk\/\"]}]}<\/script>\n<!-- \/ Yoast SEO plugin. -->","yoast_head_json":{"title":"Herbalife Phyto Complete 60 kapsl\u00ed - herbastore","description":"Phyto Complete s extraktem Fiit-NS\u2122, pro kter\u00fd bylo v\u011bdecky prok\u00e1z\u00e1no, \u017ee pom\u00e1h\u00e1 sn\u00ed\u017eit abdomin\u00e1ln\u00ed tuk a p\u0159isp\u00edv\u00e1 ke zlep\u0161en\u00ed vitality a energie.","robots":{"index":"index","follow":"follow","max-snippet":"max-snippet:-1","max-image-preview":"max-image-preview:large","max-video-preview":"max-video-preview:-1"},"canonical":"https:\/\/herbastore.sk\/cs\/produkty\/cilena-vyziva\/phyto-complete\/","og_locale":"cs_CZ","og_type":"article","og_title":"Herbalife Phyto Complete 60 kapsl\u00ed - herbastore","og_description":"Phyto Complete s extraktem Fiit-NS\u2122, pro kter\u00fd bylo v\u011bdecky prok\u00e1z\u00e1no, \u017ee pom\u00e1h\u00e1 sn\u00ed\u017eit abdomin\u00e1ln\u00ed tuk a p\u0159isp\u00edv\u00e1 ke zlep\u0161en\u00ed vitality a energie.","og_url":"https:\/\/herbastore.sk\/cs\/produkty\/cilena-vyziva\/phyto-complete\/","og_site_name":"herbastore","article_publisher":"https:\/\/www.facebook.com\/herbastoresk\/","article_modified_time":"2025-09-01T11:23:02+00:00","og_image":[{"width":534,"height":800,"url":"https:\/\/herbastore.sk\/wp-content\/uploads\/2022\/11\/Herbalife-Phyto-Complete.jpg","type":"image\/jpeg"}],"twitter_card":"summary_large_image","twitter_misc":{"Odhadovan\u00e1 doba \u010dten\u00ed":"2 minuty"},"schema":{"@context":"https:\/\/schema.org","@graph":[{"@type":"WebPage","@id":"https:\/\/herbastore.sk\/cs\/produkty\/cilena-vyziva\/phyto-complete\/","url":"https:\/\/herbastore.sk\/cs\/produkty\/cilena-vyziva\/phyto-complete\/","name":"Herbalife Phyto Complete 60 kapsl\u00ed - herbastore","isPartOf":{"@id":"https:\/\/herbastore.sk\/cs\/#website"},"primaryImageOfPage":{"@id":"https:\/\/herbastore.sk\/cs\/produkty\/cilena-vyziva\/phyto-complete\/#primaryimage"},"image":{"@id":"https:\/\/herbastore.sk\/cs\/produkty\/cilena-vyziva\/phyto-complete\/#primaryimage"},"thumbnailUrl":"https:\/\/herbastore.sk\/wp-content\/uploads\/2022\/11\/Herbalife-Phyto-Complete.jpg","datePublished":"2022-11-20T21:25:28+00:00","dateModified":"2025-09-01T11:23:02+00:00","description":"Phyto Complete s extraktem Fiit-NS\u2122, pro kter\u00fd bylo v\u011bdecky prok\u00e1z\u00e1no, \u017ee pom\u00e1h\u00e1 sn\u00ed\u017eit abdomin\u00e1ln\u00ed tuk a p\u0159isp\u00edv\u00e1 ke zlep\u0161en\u00ed vitality a energie.","breadcrumb":{"@id":"https:\/\/herbastore.sk\/cs\/produkty\/cilena-vyziva\/phyto-complete\/#breadcrumb"},"inLanguage":"cs","potentialAction":[{"@type":"ReadAction","target":["https:\/\/herbastore.sk\/cs\/produkty\/cilena-vyziva\/phyto-complete\/"]}]},{"@type":"ImageObject","inLanguage":"cs","@id":"https:\/\/herbastore.sk\/cs\/produkty\/cilena-vyziva\/phyto-complete\/#primaryimage","url":"https:\/\/herbastore.sk\/wp-content\/uploads\/2022\/11\/Herbalife-Phyto-Complete.jpg","contentUrl":"https:\/\/herbastore.sk\/wp-content\/uploads\/2022\/11\/Herbalife-Phyto-Complete.jpg","width":534,"height":800,"caption":"Herbalife Phyto Complete"},{"@type":"BreadcrumbList","@id":"https:\/\/herbastore.sk\/cs\/produkty\/cilena-vyziva\/phyto-complete\/#breadcrumb","itemListElement":[{"@type":"ListItem","position":1,"name":"Home","item":"https:\/\/herbastore.sk\/cs\/"},{"@type":"ListItem","position":2,"name":"Produkty","item":"https:\/\/herbastore.sk\/cs\/produkty\/"},{"@type":"ListItem","position":3,"name":"Phyto Complete"}]},{"@type":"WebSite","@id":"https:\/\/herbastore.sk\/cs\/#website","url":"https:\/\/herbastore.sk\/cs\/","name":"herbastore","description":"Produkty Herbalife z pohodlia v\u00e1\u0161ho domova","publisher":{"@id":"https:\/\/herbastore.sk\/cs\/#organization"},"potentialAction":[{"@type":"SearchAction","target":{"@type":"EntryPoint","urlTemplate":"https:\/\/herbastore.sk\/cs\/?s={search_term_string}"},"query-input":{"@type":"PropertyValueSpecification","valueRequired":true,"valueName":"search_term_string"}}],"inLanguage":"cs"},{"@type":"Organization","@id":"https:\/\/herbastore.sk\/cs\/#organization","name":"herbastore.sk","url":"https:\/\/herbastore.sk\/cs\/","logo":{"@type":"ImageObject","inLanguage":"cs","@id":"https:\/\/herbastore.sk\/cs\/#\/schema\/logo\/image\/","url":"https:\/\/herbastore.sk\/wp-content\/uploads\/2018\/11\/herbastore-ikona.png","contentUrl":"https:\/\/herbastore.sk\/wp-content\/uploads\/2018\/11\/herbastore-ikona.png","width":512,"height":512,"caption":"herbastore.sk"},"image":{"@id":"https:\/\/herbastore.sk\/cs\/#\/schema\/logo\/image\/"},"sameAs":["https:\/\/www.facebook.com\/herbastoresk\/","https:\/\/www.instagram.com\/herbastore.sk\/"]}]}},"_links":{"self":[{"href":"https:\/\/herbastore.sk\/cs\/wp-json\/wp\/v2\/product\/19466","targetHints":{"allow":["GET"]}}],"collection":[{"href":"https:\/\/herbastore.sk\/cs\/wp-json\/wp\/v2\/product"}],"about":[{"href":"https:\/\/herbastore.sk\/cs\/wp-json\/wp\/v2\/types\/product"}],"replies":[{"embeddable":true,"href":"https:\/\/herbastore.sk\/cs\/wp-json\/wp\/v2\/comments?post=19466"}],"wp:featuredmedia":[{"embeddable":true,"href":"https:\/\/herbastore.sk\/cs\/wp-json\/wp\/v2\/media\/19463"}],"wp:attachment":[{"href":"https:\/\/herbastore.sk\/cs\/wp-json\/wp\/v2\/media?parent=19466"}],"wp:term":[{"taxonomy":"product_brand","embeddable":true,"href":"https:\/\/herbastore.sk\/cs\/wp-json\/wp\/v2\/product_brand?post=19466"},{"taxonomy":"product_cat","embeddable":true,"href":"https:\/\/herbastore.sk\/cs\/wp-json\/wp\/v2\/product_cat?post=19466"},{"taxonomy":"product_tag","embeddable":true,"href":"https:\/\/herbastore.sk\/cs\/wp-json\/wp\/v2\/product_tag?post=19466"}],"curies":[{"name":"wp","href":"https:\/\/api.w.org\/{rel}","templated":true}]}}