{"id":15287,"date":"2021-10-31T10:25:14","date_gmt":"2021-10-31T09:25:27","guid":{"rendered":"https:\/\/herbastore.sk\/?post_type=product&#038;p=15287"},"modified":"2026-01-09T15:46:44","modified_gmt":"2026-01-09T14:46:44","slug":"zdrava-snidane","status":"publish","type":"product","link":"https:\/\/herbastore.sk\/cs\/produkty\/akcni-balicky\/zdrava-snidane\/","title":{"rendered":"Zdrav\u00e1 sn\u00eddan\u011b"},"content":{"rendered":"<h2>Bal\u00ed\u010dek zdrav\u00e1 sn\u00eddan\u011b obsahuje<\/h2>\n<div class=\"row row-large align-middle\"  id=\"row-1378429719\">\n\n\t<div id=\"col-475563971\" class=\"col medium-4 small-12 large-4\"  >\n\t\t\t\t<div class=\"col-inner text-center\"  >\n\t\t\t\n\t\t\t\n\t<div class=\"img has-hover x md-x lg-x y md-y lg-y\" id=\"image_1703506342\">\n\t\t\t\t\t\t\t\t<div class=\"img-inner dark\" >\n\t\t\t<img loading=\"lazy\" decoding=\"async\" width=\"267\" height=\"400\" src=\"https:\/\/herbastore.sk\/wp-content\/uploads\/2019\/12\/Vyvazene-jedlo-vanilka-smotana.jpg\" class=\"attachment-medium size-medium\" alt=\"Herbalife Vyvazene jidlo s vanilkovo-smetanovou prichuti\" srcset=\"https:\/\/herbastore.sk\/wp-content\/uploads\/2019\/12\/Vyvazene-jedlo-vanilka-smotana.jpg 534w, https:\/\/herbastore.sk\/wp-content\/uploads\/2019\/12\/Vyvazene-jedlo-vanilka-smotana-267x400.jpg 267w, https:\/\/herbastore.sk\/wp-content\/uploads\/2019\/12\/Vyvazene-jedlo-vanilka-smotana-510x764.jpg 510w\" sizes=\"auto, (max-width: 267px) 100vw, 267px\" \/>\t\t\t\t\t\t\n\t\t\t\t\t<\/div>\n\t\t\t\t\t\t\t\t\n<style>\n#image_1703506342 {\n  width: 70%;\n}\n<\/style>\n\t<\/div>\n\t\n\t\t<\/div>\n\t\t\t\t\t<\/div>\n\n\t\n\n\t<div id=\"col-1811120300\" class=\"col medium-8 small-12 large-8\"  >\n\t\t\t\t<div class=\"col-inner text-left\"  >\n\t\t\t\n\t\t\t\n<h3>Formula 1 Koktejl<\/h3>\n<p>Pokud se sna\u017e\u00edte zhubnout nebo si v\u00e1hu udr\u017eet, je d\u016fle\u017eit\u00e9 p\u0159ij\u00edmat nutri\u010dn\u011b vyv\u00e1\u017eenou stravu. V\u00fd\u017eivn\u00e9 j\u00eddlo, jak\u00fdm je Formula 1 koktejl, v\u00e1m pom\u016f\u017ee regulovat p\u0159\u00edjem kalori\u00ed, a p\u0159itom v\u00e1m poskytne pot\u0159ebn\u00e9 vitam\u00edny a miner\u00e1ly spolu se sacharidy a b\u00edlkovinami.<\/p>\n<p>\u0160ikovn\u00e1 a zdrav\u00e1 volba na sn\u00eddani, ob\u011bd nebo ve\u010de\u0159i.<\/p>\n<a href=\"https:\/\/herbastore.sk\/cs\/produkty\/vyvazene-jidlo\/formula-1-koktejl\/\" class=\"button primary is-small\" >\n\t\t<span>V\u00edce info o produktu<\/span>\n\t<i class=\"icon-angle-right\" aria-hidden=\"true\"><\/i><\/a>\n\n\t\t<\/div>\n\t\t\t\t\t<\/div>\n\n\t\n<\/div>\n<div class=\"row row-large align-middle\"  id=\"row-491327161\">\n\n\t<div id=\"col-1663377732\" class=\"col medium-4 small-12 large-4\"  >\n\t\t\t\t<div class=\"col-inner text-center\"  >\n\t\t\t\n\t\t\t\n\t<div class=\"img has-hover x md-x lg-x y md-y lg-y\" id=\"image_825769974\">\n\t\t\t\t\t\t\t\t<div class=\"img-inner dark\" >\n\t\t\t<img loading=\"lazy\" decoding=\"async\" width=\"267\" height=\"400\" src=\"https:\/\/herbastore.sk\/wp-content\/uploads\/2021\/09\/Herbalife-bylinny-caj-original-267x400.jpg\" class=\"attachment-medium size-medium\" alt=\"Herbalife instantni bylinny napoj s prichuti original maly\" srcset=\"https:\/\/herbastore.sk\/wp-content\/uploads\/2021\/09\/Herbalife-bylinny-caj-original-267x400.jpg 267w, https:\/\/herbastore.sk\/wp-content\/uploads\/2021\/09\/Herbalife-bylinny-caj-original-510x764.jpg 510w, https:\/\/herbastore.sk\/wp-content\/uploads\/2021\/09\/Herbalife-bylinny-caj-original.jpg 534w\" sizes=\"auto, (max-width: 267px) 100vw, 267px\" \/>\t\t\t\t\t\t\n\t\t\t\t\t<\/div>\n\t\t\t\t\t\t\t\t\n<style>\n#image_825769974 {\n  width: 70%;\n}\n<\/style>\n\t<\/div>\n\t\n\t\t<\/div>\n\t\t\t\t\t<\/div>\n\n\t\n\n\t<div id=\"col-994762408\" class=\"col medium-8 small-12 large-8\"  >\n\t\t\t\t<div class=\"col-inner text-left\"  >\n\t\t\t\n\t\t\t\n<h3>Instantn\u00ed bylinn\u00fd \u010daj<\/h3>\n<p>Probouzejte se s osv\u011b\u017euj\u00edc\u00edm bylinkov\u00fdm n\u00e1pojem, kter\u00fd obsahuje 85 mg kofeinu na zv\u00fd\u0161en\u00ed pozornosti tehdy, kdy\u017e to pot\u0159ebujete. \u010caj Herbalife Thermojetics m\u00e1 n\u00edzk\u00fd obsah kalori\u00ed a je vyroben z extraktu ze zelen\u00e9ho a \u010dern\u00e9ho \u010daje. Vychutnat si ho m\u016f\u017eete tepl\u00fd \u010di studen\u00fd.<\/p>\n<p>V\u00fdborn\u011b podpo\u0159\u00ed pitn\u00fd re\u017eim, metabolismus, hubnut\u00ed a detoxikaci t\u011bla.<\/p>\n<a href=\"https:\/\/herbastore.sk\/cs\/produkty\/bylinne-napoje\/instantni-bylinny-caj\/\" class=\"button primary is-small\" >\n\t\t<span>V\u00edce info o produktu<\/span>\n\t<i class=\"icon-angle-right\" aria-hidden=\"true\"><\/i><\/a>\n\n\t\t<\/div>\n\t\t\t\t\t<\/div>\n\n\t\n<\/div>\n","protected":false},"excerpt":{"rendered":"<p>Dop\u0159ejte sv\u00e9mu t\u011blu nutri\u010dn\u011b vyv\u00e1\u017eenou sn\u00eddani a vykro\u010dte do dne spr\u00e1vn\u00fdm sm\u011brem. Bal\u00ed\u010dek Zdrav\u00e1 sn\u00eddan\u011b Herbalife z\u00e1sobuje t\u011blo energi\u00ed b\u011bhem cel\u00e9ho dne.<\/p>\n","protected":false},"featured_media":15474,"comment_status":"open","ping_status":"closed","template":"","meta":{"inline_featured_image":false},"product_brand":[],"product_cat":[319,181],"product_tag":[],"class_list":{"0":"post-15287","1":"product","2":"type-product","3":"status-publish","4":"has-post-thumbnail","6":"product_cat-nejprodavanejsi","7":"product_cat-akcni-balicky","9":"first","10":"instock","11":"sale","12":"taxable","13":"shipping-taxable","14":"purchasable","15":"product-type-variable"},"yoast_head":"<!-- This site is optimized with the Yoast SEO plugin v26.8 - https:\/\/yoast.com\/product\/yoast-seo-wordpress\/ -->\n<title>Zdrav\u00e1 sn\u00eddan\u011b Herbalife - herbastore.sk<\/title>\n<meta name=\"description\" content=\"Dop\u0159ejte sv\u00e9mu t\u011blu nutri\u010dn\u011b vyv\u00e1\u017eenou sn\u00eddani a vykro\u010dte do dne spr\u00e1vn\u00fdm sm\u011brem. Bal\u00ed\u010dek Zdrav\u00e1 sn\u00eddan\u011b Herbalife z\u00e1sobuje t\u011blo energi\u00ed b\u011bhem cel\u00e9ho dne.\" \/>\n<meta name=\"robots\" content=\"index, follow, max-snippet:-1, max-image-preview:large, max-video-preview:-1\" \/>\n<link rel=\"canonical\" href=\"https:\/\/herbastore.sk\/cs\/produkty\/akcni-balicky\/zdrava-snidane\/\" \/>\n<meta property=\"og:locale\" content=\"cs_CZ\" \/>\n<meta property=\"og:type\" content=\"article\" \/>\n<meta property=\"og:title\" content=\"Zdrav\u00e1 sn\u00eddan\u011b Herbalife - herbastore.sk\" \/>\n<meta property=\"og:description\" content=\"Dop\u0159ejte sv\u00e9mu t\u011blu nutri\u010dn\u011b vyv\u00e1\u017eenou sn\u00eddani a vykro\u010dte do dne spr\u00e1vn\u00fdm sm\u011brem. Bal\u00ed\u010dek Zdrav\u00e1 sn\u00eddan\u011b Herbalife z\u00e1sobuje t\u011blo energi\u00ed b\u011bhem cel\u00e9ho dne.\" \/>\n<meta property=\"og:url\" content=\"https:\/\/herbastore.sk\/cs\/produkty\/akcni-balicky\/zdrava-snidane\/\" \/>\n<meta property=\"og:site_name\" content=\"herbastore\" \/>\n<meta property=\"article:publisher\" content=\"https:\/\/www.facebook.com\/herbastoresk\/\" \/>\n<meta property=\"article:modified_time\" content=\"2026-01-09T14:46:44+00:00\" \/>\n<meta property=\"og:image\" content=\"https:\/\/herbastore.sk\/wp-content\/uploads\/2021\/10\/Balicek-produktov-Herbalife-zdrave-ranajky.jpg\" \/>\n\t<meta property=\"og:image:width\" content=\"534\" \/>\n\t<meta property=\"og:image:height\" content=\"800\" \/>\n\t<meta property=\"og:image:type\" content=\"image\/jpeg\" \/>\n<meta name=\"twitter:card\" content=\"summary_large_image\" \/>\n<meta name=\"twitter:label1\" content=\"Odhadovan\u00e1 doba \u010dten\u00ed\" \/>\n\t<meta name=\"twitter:data1\" content=\"1 minuta\" \/>\n<script type=\"application\/ld+json\" class=\"yoast-schema-graph\">{\"@context\":\"https:\/\/schema.org\",\"@graph\":[{\"@type\":\"WebPage\",\"@id\":\"https:\/\/herbastore.sk\/cs\/produkty\/akcni-balicky\/zdrava-snidane\/\",\"url\":\"https:\/\/herbastore.sk\/cs\/produkty\/akcni-balicky\/zdrava-snidane\/\",\"name\":\"Zdrav\u00e1 sn\u00eddan\u011b Herbalife - herbastore.sk\",\"isPartOf\":{\"@id\":\"https:\/\/herbastore.sk\/cs\/#website\"},\"primaryImageOfPage\":{\"@id\":\"https:\/\/herbastore.sk\/cs\/produkty\/akcni-balicky\/zdrava-snidane\/#primaryimage\"},\"image\":{\"@id\":\"https:\/\/herbastore.sk\/cs\/produkty\/akcni-balicky\/zdrava-snidane\/#primaryimage\"},\"thumbnailUrl\":\"https:\/\/herbastore.sk\/wp-content\/uploads\/2021\/10\/Balicek-produktov-Herbalife-zdrave-ranajky.jpg\",\"datePublished\":\"2021-10-31T09:25:27+00:00\",\"dateModified\":\"2026-01-09T14:46:44+00:00\",\"description\":\"Dop\u0159ejte sv\u00e9mu t\u011blu nutri\u010dn\u011b vyv\u00e1\u017eenou sn\u00eddani a vykro\u010dte do dne spr\u00e1vn\u00fdm sm\u011brem. Bal\u00ed\u010dek Zdrav\u00e1 sn\u00eddan\u011b Herbalife z\u00e1sobuje t\u011blo energi\u00ed b\u011bhem cel\u00e9ho dne.\",\"breadcrumb\":{\"@id\":\"https:\/\/herbastore.sk\/cs\/produkty\/akcni-balicky\/zdrava-snidane\/#breadcrumb\"},\"inLanguage\":\"cs\",\"potentialAction\":[{\"@type\":\"ReadAction\",\"target\":[\"https:\/\/herbastore.sk\/cs\/produkty\/akcni-balicky\/zdrava-snidane\/\"]}]},{\"@type\":\"ImageObject\",\"inLanguage\":\"cs\",\"@id\":\"https:\/\/herbastore.sk\/cs\/produkty\/akcni-balicky\/zdrava-snidane\/#primaryimage\",\"url\":\"https:\/\/herbastore.sk\/wp-content\/uploads\/2021\/10\/Balicek-produktov-Herbalife-zdrave-ranajky.jpg\",\"contentUrl\":\"https:\/\/herbastore.sk\/wp-content\/uploads\/2021\/10\/Balicek-produktov-Herbalife-zdrave-ranajky.jpg\",\"width\":534,\"height\":800,\"caption\":\"Balicek produktu Herbalife zdrava snidane\"},{\"@type\":\"BreadcrumbList\",\"@id\":\"https:\/\/herbastore.sk\/cs\/produkty\/akcni-balicky\/zdrava-snidane\/#breadcrumb\",\"itemListElement\":[{\"@type\":\"ListItem\",\"position\":1,\"name\":\"Home\",\"item\":\"https:\/\/herbastore.sk\/cs\/\"},{\"@type\":\"ListItem\",\"position\":2,\"name\":\"Produkty\",\"item\":\"https:\/\/herbastore.sk\/cs\/produkty\/\"},{\"@type\":\"ListItem\",\"position\":3,\"name\":\"Zdrav\u00e1 sn\u00eddan\u011b\"}]},{\"@type\":\"WebSite\",\"@id\":\"https:\/\/herbastore.sk\/cs\/#website\",\"url\":\"https:\/\/herbastore.sk\/cs\/\",\"name\":\"herbastore\",\"description\":\"Produkty Herbalife z pohodlia v\u00e1\u0161ho domova\",\"publisher\":{\"@id\":\"https:\/\/herbastore.sk\/cs\/#organization\"},\"potentialAction\":[{\"@type\":\"SearchAction\",\"target\":{\"@type\":\"EntryPoint\",\"urlTemplate\":\"https:\/\/herbastore.sk\/cs\/?s={search_term_string}\"},\"query-input\":{\"@type\":\"PropertyValueSpecification\",\"valueRequired\":true,\"valueName\":\"search_term_string\"}}],\"inLanguage\":\"cs\"},{\"@type\":\"Organization\",\"@id\":\"https:\/\/herbastore.sk\/cs\/#organization\",\"name\":\"herbastore.sk\",\"url\":\"https:\/\/herbastore.sk\/cs\/\",\"logo\":{\"@type\":\"ImageObject\",\"inLanguage\":\"cs\",\"@id\":\"https:\/\/herbastore.sk\/cs\/#\/schema\/logo\/image\/\",\"url\":\"https:\/\/herbastore.sk\/wp-content\/uploads\/2018\/11\/herbastore-ikona.png\",\"contentUrl\":\"https:\/\/herbastore.sk\/wp-content\/uploads\/2018\/11\/herbastore-ikona.png\",\"width\":512,\"height\":512,\"caption\":\"herbastore.sk\"},\"image\":{\"@id\":\"https:\/\/herbastore.sk\/cs\/#\/schema\/logo\/image\/\"},\"sameAs\":[\"https:\/\/www.facebook.com\/herbastoresk\/\",\"https:\/\/www.instagram.com\/herbastore.sk\/\"]}]}<\/script>\n<!-- \/ Yoast SEO plugin. -->","yoast_head_json":{"title":"Zdrav\u00e1 sn\u00eddan\u011b Herbalife - herbastore.sk","description":"Dop\u0159ejte sv\u00e9mu t\u011blu nutri\u010dn\u011b vyv\u00e1\u017eenou sn\u00eddani a vykro\u010dte do dne spr\u00e1vn\u00fdm sm\u011brem. Bal\u00ed\u010dek Zdrav\u00e1 sn\u00eddan\u011b Herbalife z\u00e1sobuje t\u011blo energi\u00ed b\u011bhem cel\u00e9ho dne.","robots":{"index":"index","follow":"follow","max-snippet":"max-snippet:-1","max-image-preview":"max-image-preview:large","max-video-preview":"max-video-preview:-1"},"canonical":"https:\/\/herbastore.sk\/cs\/produkty\/akcni-balicky\/zdrava-snidane\/","og_locale":"cs_CZ","og_type":"article","og_title":"Zdrav\u00e1 sn\u00eddan\u011b Herbalife - herbastore.sk","og_description":"Dop\u0159ejte sv\u00e9mu t\u011blu nutri\u010dn\u011b vyv\u00e1\u017eenou sn\u00eddani a vykro\u010dte do dne spr\u00e1vn\u00fdm sm\u011brem. Bal\u00ed\u010dek Zdrav\u00e1 sn\u00eddan\u011b Herbalife z\u00e1sobuje t\u011blo energi\u00ed b\u011bhem cel\u00e9ho dne.","og_url":"https:\/\/herbastore.sk\/cs\/produkty\/akcni-balicky\/zdrava-snidane\/","og_site_name":"herbastore","article_publisher":"https:\/\/www.facebook.com\/herbastoresk\/","article_modified_time":"2026-01-09T14:46:44+00:00","og_image":[{"width":534,"height":800,"url":"https:\/\/herbastore.sk\/wp-content\/uploads\/2021\/10\/Balicek-produktov-Herbalife-zdrave-ranajky.jpg","type":"image\/jpeg"}],"twitter_card":"summary_large_image","twitter_misc":{"Odhadovan\u00e1 doba \u010dten\u00ed":"1 minuta"},"schema":{"@context":"https:\/\/schema.org","@graph":[{"@type":"WebPage","@id":"https:\/\/herbastore.sk\/cs\/produkty\/akcni-balicky\/zdrava-snidane\/","url":"https:\/\/herbastore.sk\/cs\/produkty\/akcni-balicky\/zdrava-snidane\/","name":"Zdrav\u00e1 sn\u00eddan\u011b Herbalife - herbastore.sk","isPartOf":{"@id":"https:\/\/herbastore.sk\/cs\/#website"},"primaryImageOfPage":{"@id":"https:\/\/herbastore.sk\/cs\/produkty\/akcni-balicky\/zdrava-snidane\/#primaryimage"},"image":{"@id":"https:\/\/herbastore.sk\/cs\/produkty\/akcni-balicky\/zdrava-snidane\/#primaryimage"},"thumbnailUrl":"https:\/\/herbastore.sk\/wp-content\/uploads\/2021\/10\/Balicek-produktov-Herbalife-zdrave-ranajky.jpg","datePublished":"2021-10-31T09:25:27+00:00","dateModified":"2026-01-09T14:46:44+00:00","description":"Dop\u0159ejte sv\u00e9mu t\u011blu nutri\u010dn\u011b vyv\u00e1\u017eenou sn\u00eddani a vykro\u010dte do dne spr\u00e1vn\u00fdm sm\u011brem. Bal\u00ed\u010dek Zdrav\u00e1 sn\u00eddan\u011b Herbalife z\u00e1sobuje t\u011blo energi\u00ed b\u011bhem cel\u00e9ho dne.","breadcrumb":{"@id":"https:\/\/herbastore.sk\/cs\/produkty\/akcni-balicky\/zdrava-snidane\/#breadcrumb"},"inLanguage":"cs","potentialAction":[{"@type":"ReadAction","target":["https:\/\/herbastore.sk\/cs\/produkty\/akcni-balicky\/zdrava-snidane\/"]}]},{"@type":"ImageObject","inLanguage":"cs","@id":"https:\/\/herbastore.sk\/cs\/produkty\/akcni-balicky\/zdrava-snidane\/#primaryimage","url":"https:\/\/herbastore.sk\/wp-content\/uploads\/2021\/10\/Balicek-produktov-Herbalife-zdrave-ranajky.jpg","contentUrl":"https:\/\/herbastore.sk\/wp-content\/uploads\/2021\/10\/Balicek-produktov-Herbalife-zdrave-ranajky.jpg","width":534,"height":800,"caption":"Balicek produktu Herbalife zdrava snidane"},{"@type":"BreadcrumbList","@id":"https:\/\/herbastore.sk\/cs\/produkty\/akcni-balicky\/zdrava-snidane\/#breadcrumb","itemListElement":[{"@type":"ListItem","position":1,"name":"Home","item":"https:\/\/herbastore.sk\/cs\/"},{"@type":"ListItem","position":2,"name":"Produkty","item":"https:\/\/herbastore.sk\/cs\/produkty\/"},{"@type":"ListItem","position":3,"name":"Zdrav\u00e1 sn\u00eddan\u011b"}]},{"@type":"WebSite","@id":"https:\/\/herbastore.sk\/cs\/#website","url":"https:\/\/herbastore.sk\/cs\/","name":"herbastore","description":"Produkty Herbalife z pohodlia v\u00e1\u0161ho domova","publisher":{"@id":"https:\/\/herbastore.sk\/cs\/#organization"},"potentialAction":[{"@type":"SearchAction","target":{"@type":"EntryPoint","urlTemplate":"https:\/\/herbastore.sk\/cs\/?s={search_term_string}"},"query-input":{"@type":"PropertyValueSpecification","valueRequired":true,"valueName":"search_term_string"}}],"inLanguage":"cs"},{"@type":"Organization","@id":"https:\/\/herbastore.sk\/cs\/#organization","name":"herbastore.sk","url":"https:\/\/herbastore.sk\/cs\/","logo":{"@type":"ImageObject","inLanguage":"cs","@id":"https:\/\/herbastore.sk\/cs\/#\/schema\/logo\/image\/","url":"https:\/\/herbastore.sk\/wp-content\/uploads\/2018\/11\/herbastore-ikona.png","contentUrl":"https:\/\/herbastore.sk\/wp-content\/uploads\/2018\/11\/herbastore-ikona.png","width":512,"height":512,"caption":"herbastore.sk"},"image":{"@id":"https:\/\/herbastore.sk\/cs\/#\/schema\/logo\/image\/"},"sameAs":["https:\/\/www.facebook.com\/herbastoresk\/","https:\/\/www.instagram.com\/herbastore.sk\/"]}]}},"_links":{"self":[{"href":"https:\/\/herbastore.sk\/cs\/wp-json\/wp\/v2\/product\/15287","targetHints":{"allow":["GET"]}}],"collection":[{"href":"https:\/\/herbastore.sk\/cs\/wp-json\/wp\/v2\/product"}],"about":[{"href":"https:\/\/herbastore.sk\/cs\/wp-json\/wp\/v2\/types\/product"}],"replies":[{"embeddable":true,"href":"https:\/\/herbastore.sk\/cs\/wp-json\/wp\/v2\/comments?post=15287"}],"wp:featuredmedia":[{"embeddable":true,"href":"https:\/\/herbastore.sk\/cs\/wp-json\/wp\/v2\/media\/15474"}],"wp:attachment":[{"href":"https:\/\/herbastore.sk\/cs\/wp-json\/wp\/v2\/media?parent=15287"}],"wp:term":[{"taxonomy":"product_brand","embeddable":true,"href":"https:\/\/herbastore.sk\/cs\/wp-json\/wp\/v2\/product_brand?post=15287"},{"taxonomy":"product_cat","embeddable":true,"href":"https:\/\/herbastore.sk\/cs\/wp-json\/wp\/v2\/product_cat?post=15287"},{"taxonomy":"product_tag","embeddable":true,"href":"https:\/\/herbastore.sk\/cs\/wp-json\/wp\/v2\/product_tag?post=15287"}],"curies":[{"name":"wp","href":"https:\/\/api.w.org\/{rel}","templated":true}]}}