{"id":14497,"date":"2021-06-01T21:17:23","date_gmt":"2021-06-11T14:01:52","guid":{"rendered":"https:\/\/herbastore.sk\/produkty\/nezarazene\/microbiotic-max\/"},"modified":"2025-11-12T19:28:16","modified_gmt":"2025-11-12T18:28:16","slug":"microbiotic-max","status":"publish","type":"product","link":"https:\/\/herbastore.sk\/cs\/produkty\/cilena-vyziva\/microbiotic-max\/","title":{"rendered":"Microbiotic Max"},"content":{"rendered":"<h2>Herbalife Microbiotic Max \u2013 vlastnosti a \u00fa\u010dinky<\/h2>\n<p> Microbiotic Max je dopln\u011bk stravy ve form\u011b pr\u00e1\u0161ku, jeho\u017e speci\u00e1ln\u00ed receptura kombinuje probiotika a prebiotickou vl\u00e1kninu, kter\u00e9 se navz\u00e1jem harmonicky dopl\u0148uj\u00ed a pom\u00e1haj\u00ed v\u00e1m dos\u00e1hnout va\u0161ich v\u00fd\u017eivov\u00e9 c\u00edle. <\/p>\n<ul>\n<li class=\"bullet-checkmark\">Obsahuje 2 miliardy \u017eiv\u00fdch bakteri\u00ed z kmen\u016f Bifidobacterium lactis a Lactobacillus helveticus na jednu porci<\/li>\n<li class=\"bullet-checkmark\">Bez lepku<\/li>\n<li class=\"bullet-checkmark\">Vysok\u00fd obsah vl\u00e1kniny<\/li>\n<li class=\"bullet-checkmark\">Bez p\u0159idan\u00fdch sladidel, barviv a konzerva\u010dn\u00edch l\u00e1tek<\/li>\n<li class=\"bullet-checkmark\">Nen\u00ed t\u0159eba uchov\u00e1vat v chladu<\/li>\n<li class=\"bullet-checkmark\">Jemn\u00e1 vanilkov\u00e1 p\u0159\u00edchu\u0165<\/li>\n<\/ul>\n<h3>Co jsou to Probiotika a prebiotika?<\/h3>\n<p> Probiotika a prebiotika &#8211; zn\u011bj\u00ed t\u00e9m\u011b\u0159 stejn\u011b, ale pln\u00ed odli\u0161n\u00e9 funkce. <\/p>\n<ul>\n<li>Probiotika jsou \u017eiv\u00e9 &#8222;dobr\u00e9 bakterie&#8220;, kter\u00e9 se vyskytuj\u00ed v na\u0161ich st\u0159evech.<\/li>\n<li>Prebiotika jsou l\u00e1tky, kter\u00e9 slou\u017e\u00ed jako potrava pro tyto bakterie. Mezi prebiotika \u0159ad\u00edme zejm\u00e9na vl\u00e1kninu.<\/li>\n<\/ul>\n<p> Na\u0161e st\u0159eva se pod\u00edlej\u00ed na mno\u017estv\u00ed \u010dinnost\u00ed, ani\u017e bychom si to uv\u011bdomovali. Po\u010d\u00ednaje rozkl\u00e1d\u00e1n\u00edm potravy na \u017eiviny a\u017e po uvol\u0148ov\u00e1n\u00ed energie a odstra\u0148ov\u00e1n\u00ed odpadu z t\u011bla. Proto je d\u016fle\u017eit\u00e9 db\u00e1t o zdrav\u00ed na\u0161ich st\u0159ev konzumac\u00ed potravin, kter\u00e9 obsahuj\u00ed probiotika a prebiotika. Probiotika, jako jsou kmeny Lactobacillus a Bifidobacterium, mohou pomoci roz\u0161\u00ed\u0159it spektrum a rozmanitost prosp\u011b\u0161n\u00fdch bakteri\u00ed v na\u0161ich st\u0159evech, zat\u00edmco prebiotika tyto bakterie \u017eiv\u00ed. <\/p>\n<h3>Co d\u011blat pro to, aby byla na\u0161e st\u0159evn\u00ed mikrofl\u00f3ra v rovnov\u00e1ze?<\/h3>\n<ul>\n<li>Dbejte na dostate\u010dn\u00e9 mno\u017estv\u00ed vl\u00e1kniny ve strav\u011b. Tu najdeme zejm\u00e9na v ovoci a zelenin\u011b, celozrnn\u00fdch produktech a lu\u0161t\u011bnin\u00e1ch.<\/li>\n<li>Sna\u017ete se omezit cukr a konzumaci polotovar\u016f.<\/li>\n<\/ul>\n<h2>Pou\u017eit\u00ed<\/h2>\n<ul>\n<li>P\u0159idejte 1 s\u00e1\u010dek (2 g) do poloviny sklenice vody (asi 100 ml), m\u00edchejte, dokud se nerozpust\u00ed a vypijte. Pijte samotn\u00e9 nebo p\u0159idejte do sv\u00e9ho obl\u00edben\u00e9ho <a href=\"https:\/\/herbastore.sk\/cs\/produkty\/vyvazene-jidlo\/formula-1-koktejl\/\">koktejlu Formula 1<\/a>.<\/li>\n<li>P\u0159i m\u00edch\u00e1n\u00ed pou\u017e\u00edvejte vodu p\u0159i teplot\u011b ni\u017e\u0161\u00ed ne\u017e 25 \u00b0 C, aby nedo\u0161lo k ovlivn\u011bn\u00ed \u00fa\u010dinnosti produktu.<\/li>\n<li>Vychutnejte si Microbiotic Max jednou denn\u011b.<\/li>\n<\/ul>\n<p> Pou\u017e\u00edvejte tento v\u00fdrobek v r\u00e1mci vyv\u00e1\u017een\u00e9 a pestr\u00e9 stravy jako sou\u010d\u00e1st zdrav\u00e9ho a aktivn\u00edho \u017eivotn\u00edho stylu. <a href=\"https:\/\/herbastore.sk\/wp-content\/uploads\/2021\/06\/Herbalife-Microbiotic-Max.jpg\"><img loading=\"lazy\" decoding=\"async\" class=\"aligncenter size-full wp-image-14451\" src=\"https:\/\/herbastore.sk\/wp-content\/uploads\/2021\/06\/Herbalife-Microbiotic-Max.jpg\" alt=\"Herbalife Microbiotic Max vyzivova hodnota\" width=\"1600\" height=\"550\"><\/a><\/p>\n<p style=\"text-align: center;\"><em>V\u00fd\u017eivov\u00e1 hodnota &#8211; Herbalife Microbiotic Max<\/em><\/p>\n","protected":false},"excerpt":{"rendered":"<p>40 g (20 s\u00e1\u010dk\u016f po 2 g) <div class=\"is-divider divider clearfix\" ><\/div> Herbalife Microbiotic Max obsahuje probiotika a prebiotickou vl\u00e1kninu, kter\u00e9 \u00fa\u010dinn\u011b podporuj\u00ed tr\u00e1ven\u00ed a imunitn\u00ed syst\u00e9m va\u0161eho t\u011bla. Tento produkt m\u00e1 vysok\u00fd obsah vl\u00e1kniny a ka\u017ed\u00e1 porce obsahuje 2 miliardy \u017eiv\u00fdch bakteri\u00ed z kmen\u016f Bifidobacterium lactis a Lactobacillus helveticus.<\/p>\n","protected":false},"featured_media":14450,"comment_status":"open","ping_status":"closed","template":"","meta":{"inline_featured_image":false},"product_brand":[],"product_cat":[182],"product_tag":[211],"class_list":{"0":"post-14497","1":"product","2":"type-product","3":"status-publish","4":"has-post-thumbnail","6":"product_cat-cilena-vyziva","7":"product_tag-travici-trakt","9":"first","10":"instock","11":"taxable","12":"shipping-taxable","13":"purchasable","14":"product-type-simple"},"yoast_head":"<!-- This site is optimized with the Yoast SEO plugin v26.8 - https:\/\/yoast.com\/product\/yoast-seo-wordpress\/ -->\n<title>Herbalife Microbiotic Max 40g - herbastore<\/title>\n<meta name=\"description\" content=\"Microbiotic Max je dopln\u011bk v\u00fd\u017eivy slo\u017een\u00fd z probiotik a prebiotick\u00e9 vl\u00e1kniny, kter\u00e9 p\u0159isp\u00edvaj\u00ed k dosa\u017een\u00ed va\u0161ich v\u00fd\u017eivov\u00fdch c\u00edl\u016f.\" \/>\n<meta name=\"robots\" content=\"index, follow, max-snippet:-1, max-image-preview:large, max-video-preview:-1\" \/>\n<link rel=\"canonical\" href=\"https:\/\/herbastore.sk\/cs\/produkty\/cilena-vyziva\/microbiotic-max\/\" \/>\n<meta property=\"og:locale\" content=\"cs_CZ\" \/>\n<meta property=\"og:type\" content=\"article\" \/>\n<meta property=\"og:title\" content=\"Herbalife Microbiotic Max 40g - herbastore\" \/>\n<meta property=\"og:description\" content=\"Microbiotic Max je dopln\u011bk v\u00fd\u017eivy slo\u017een\u00fd z probiotik a prebiotick\u00e9 vl\u00e1kniny, kter\u00e9 p\u0159isp\u00edvaj\u00ed k dosa\u017een\u00ed va\u0161ich v\u00fd\u017eivov\u00fdch c\u00edl\u016f.\" \/>\n<meta property=\"og:url\" content=\"https:\/\/herbastore.sk\/cs\/produkty\/cilena-vyziva\/microbiotic-max\/\" \/>\n<meta property=\"og:site_name\" content=\"herbastore\" \/>\n<meta property=\"article:publisher\" content=\"https:\/\/www.facebook.com\/herbastoresk\/\" \/>\n<meta property=\"article:modified_time\" content=\"2025-11-12T18:28:16+00:00\" \/>\n<meta property=\"og:image\" content=\"https:\/\/herbastore.sk\/wp-content\/uploads\/2021\/06\/Herbalife-Microbiotic-Max.jpg\" \/>\n\t<meta property=\"og:image:width\" content=\"534\" \/>\n\t<meta property=\"og:image:height\" content=\"800\" \/>\n\t<meta property=\"og:image:type\" content=\"image\/jpeg\" \/>\n<meta name=\"twitter:card\" content=\"summary_large_image\" \/>\n<meta name=\"twitter:label1\" content=\"Odhadovan\u00e1 doba \u010dten\u00ed\" \/>\n\t<meta name=\"twitter:data1\" content=\"2 minuty\" \/>\n<script type=\"application\/ld+json\" class=\"yoast-schema-graph\">{\"@context\":\"https:\/\/schema.org\",\"@graph\":[{\"@type\":\"WebPage\",\"@id\":\"https:\/\/herbastore.sk\/cs\/produkty\/cilena-vyziva\/microbiotic-max\/\",\"url\":\"https:\/\/herbastore.sk\/cs\/produkty\/cilena-vyziva\/microbiotic-max\/\",\"name\":\"Herbalife Microbiotic Max 40g - herbastore\",\"isPartOf\":{\"@id\":\"https:\/\/herbastore.sk\/cs\/#website\"},\"primaryImageOfPage\":{\"@id\":\"https:\/\/herbastore.sk\/cs\/produkty\/cilena-vyziva\/microbiotic-max\/#primaryimage\"},\"image\":{\"@id\":\"https:\/\/herbastore.sk\/cs\/produkty\/cilena-vyziva\/microbiotic-max\/#primaryimage\"},\"thumbnailUrl\":\"https:\/\/herbastore.sk\/wp-content\/uploads\/2021\/06\/Herbalife-Microbiotic-Max.jpg\",\"datePublished\":\"2021-06-11T14:01:52+00:00\",\"dateModified\":\"2025-11-12T18:28:16+00:00\",\"description\":\"Microbiotic Max je dopln\u011bk v\u00fd\u017eivy slo\u017een\u00fd z probiotik a prebiotick\u00e9 vl\u00e1kniny, kter\u00e9 p\u0159isp\u00edvaj\u00ed k dosa\u017een\u00ed va\u0161ich v\u00fd\u017eivov\u00fdch c\u00edl\u016f.\",\"breadcrumb\":{\"@id\":\"https:\/\/herbastore.sk\/cs\/produkty\/cilena-vyziva\/microbiotic-max\/#breadcrumb\"},\"inLanguage\":\"cs\",\"potentialAction\":[{\"@type\":\"ReadAction\",\"target\":[\"https:\/\/herbastore.sk\/cs\/produkty\/cilena-vyziva\/microbiotic-max\/\"]}]},{\"@type\":\"ImageObject\",\"inLanguage\":\"cs\",\"@id\":\"https:\/\/herbastore.sk\/cs\/produkty\/cilena-vyziva\/microbiotic-max\/#primaryimage\",\"url\":\"https:\/\/herbastore.sk\/wp-content\/uploads\/2021\/06\/Herbalife-Microbiotic-Max.jpg\",\"contentUrl\":\"https:\/\/herbastore.sk\/wp-content\/uploads\/2021\/06\/Herbalife-Microbiotic-Max.jpg\",\"width\":534,\"height\":800,\"caption\":\"Herbalife Microbiotic Max\"},{\"@type\":\"BreadcrumbList\",\"@id\":\"https:\/\/herbastore.sk\/cs\/produkty\/cilena-vyziva\/microbiotic-max\/#breadcrumb\",\"itemListElement\":[{\"@type\":\"ListItem\",\"position\":1,\"name\":\"Home\",\"item\":\"https:\/\/herbastore.sk\/cs\/\"},{\"@type\":\"ListItem\",\"position\":2,\"name\":\"Produkty\",\"item\":\"https:\/\/herbastore.sk\/cs\/produkty\/\"},{\"@type\":\"ListItem\",\"position\":3,\"name\":\"Microbiotic Max\"}]},{\"@type\":\"WebSite\",\"@id\":\"https:\/\/herbastore.sk\/cs\/#website\",\"url\":\"https:\/\/herbastore.sk\/cs\/\",\"name\":\"herbastore\",\"description\":\"Produkty Herbalife z pohodlia v\u00e1\u0161ho domova\",\"publisher\":{\"@id\":\"https:\/\/herbastore.sk\/cs\/#organization\"},\"potentialAction\":[{\"@type\":\"SearchAction\",\"target\":{\"@type\":\"EntryPoint\",\"urlTemplate\":\"https:\/\/herbastore.sk\/cs\/?s={search_term_string}\"},\"query-input\":{\"@type\":\"PropertyValueSpecification\",\"valueRequired\":true,\"valueName\":\"search_term_string\"}}],\"inLanguage\":\"cs\"},{\"@type\":\"Organization\",\"@id\":\"https:\/\/herbastore.sk\/cs\/#organization\",\"name\":\"herbastore.sk\",\"url\":\"https:\/\/herbastore.sk\/cs\/\",\"logo\":{\"@type\":\"ImageObject\",\"inLanguage\":\"cs\",\"@id\":\"https:\/\/herbastore.sk\/cs\/#\/schema\/logo\/image\/\",\"url\":\"https:\/\/herbastore.sk\/wp-content\/uploads\/2018\/11\/herbastore-ikona.png\",\"contentUrl\":\"https:\/\/herbastore.sk\/wp-content\/uploads\/2018\/11\/herbastore-ikona.png\",\"width\":512,\"height\":512,\"caption\":\"herbastore.sk\"},\"image\":{\"@id\":\"https:\/\/herbastore.sk\/cs\/#\/schema\/logo\/image\/\"},\"sameAs\":[\"https:\/\/www.facebook.com\/herbastoresk\/\",\"https:\/\/www.instagram.com\/herbastore.sk\/\"]}]}<\/script>\n<!-- \/ Yoast SEO plugin. -->","yoast_head_json":{"title":"Herbalife Microbiotic Max 40g - herbastore","description":"Microbiotic Max je dopln\u011bk v\u00fd\u017eivy slo\u017een\u00fd z probiotik a prebiotick\u00e9 vl\u00e1kniny, kter\u00e9 p\u0159isp\u00edvaj\u00ed k dosa\u017een\u00ed va\u0161ich v\u00fd\u017eivov\u00fdch c\u00edl\u016f.","robots":{"index":"index","follow":"follow","max-snippet":"max-snippet:-1","max-image-preview":"max-image-preview:large","max-video-preview":"max-video-preview:-1"},"canonical":"https:\/\/herbastore.sk\/cs\/produkty\/cilena-vyziva\/microbiotic-max\/","og_locale":"cs_CZ","og_type":"article","og_title":"Herbalife Microbiotic Max 40g - herbastore","og_description":"Microbiotic Max je dopln\u011bk v\u00fd\u017eivy slo\u017een\u00fd z probiotik a prebiotick\u00e9 vl\u00e1kniny, kter\u00e9 p\u0159isp\u00edvaj\u00ed k dosa\u017een\u00ed va\u0161ich v\u00fd\u017eivov\u00fdch c\u00edl\u016f.","og_url":"https:\/\/herbastore.sk\/cs\/produkty\/cilena-vyziva\/microbiotic-max\/","og_site_name":"herbastore","article_publisher":"https:\/\/www.facebook.com\/herbastoresk\/","article_modified_time":"2025-11-12T18:28:16+00:00","og_image":[{"width":534,"height":800,"url":"https:\/\/herbastore.sk\/wp-content\/uploads\/2021\/06\/Herbalife-Microbiotic-Max.jpg","type":"image\/jpeg"}],"twitter_card":"summary_large_image","twitter_misc":{"Odhadovan\u00e1 doba \u010dten\u00ed":"2 minuty"},"schema":{"@context":"https:\/\/schema.org","@graph":[{"@type":"WebPage","@id":"https:\/\/herbastore.sk\/cs\/produkty\/cilena-vyziva\/microbiotic-max\/","url":"https:\/\/herbastore.sk\/cs\/produkty\/cilena-vyziva\/microbiotic-max\/","name":"Herbalife Microbiotic Max 40g - herbastore","isPartOf":{"@id":"https:\/\/herbastore.sk\/cs\/#website"},"primaryImageOfPage":{"@id":"https:\/\/herbastore.sk\/cs\/produkty\/cilena-vyziva\/microbiotic-max\/#primaryimage"},"image":{"@id":"https:\/\/herbastore.sk\/cs\/produkty\/cilena-vyziva\/microbiotic-max\/#primaryimage"},"thumbnailUrl":"https:\/\/herbastore.sk\/wp-content\/uploads\/2021\/06\/Herbalife-Microbiotic-Max.jpg","datePublished":"2021-06-11T14:01:52+00:00","dateModified":"2025-11-12T18:28:16+00:00","description":"Microbiotic Max je dopln\u011bk v\u00fd\u017eivy slo\u017een\u00fd z probiotik a prebiotick\u00e9 vl\u00e1kniny, kter\u00e9 p\u0159isp\u00edvaj\u00ed k dosa\u017een\u00ed va\u0161ich v\u00fd\u017eivov\u00fdch c\u00edl\u016f.","breadcrumb":{"@id":"https:\/\/herbastore.sk\/cs\/produkty\/cilena-vyziva\/microbiotic-max\/#breadcrumb"},"inLanguage":"cs","potentialAction":[{"@type":"ReadAction","target":["https:\/\/herbastore.sk\/cs\/produkty\/cilena-vyziva\/microbiotic-max\/"]}]},{"@type":"ImageObject","inLanguage":"cs","@id":"https:\/\/herbastore.sk\/cs\/produkty\/cilena-vyziva\/microbiotic-max\/#primaryimage","url":"https:\/\/herbastore.sk\/wp-content\/uploads\/2021\/06\/Herbalife-Microbiotic-Max.jpg","contentUrl":"https:\/\/herbastore.sk\/wp-content\/uploads\/2021\/06\/Herbalife-Microbiotic-Max.jpg","width":534,"height":800,"caption":"Herbalife Microbiotic Max"},{"@type":"BreadcrumbList","@id":"https:\/\/herbastore.sk\/cs\/produkty\/cilena-vyziva\/microbiotic-max\/#breadcrumb","itemListElement":[{"@type":"ListItem","position":1,"name":"Home","item":"https:\/\/herbastore.sk\/cs\/"},{"@type":"ListItem","position":2,"name":"Produkty","item":"https:\/\/herbastore.sk\/cs\/produkty\/"},{"@type":"ListItem","position":3,"name":"Microbiotic Max"}]},{"@type":"WebSite","@id":"https:\/\/herbastore.sk\/cs\/#website","url":"https:\/\/herbastore.sk\/cs\/","name":"herbastore","description":"Produkty Herbalife z pohodlia v\u00e1\u0161ho domova","publisher":{"@id":"https:\/\/herbastore.sk\/cs\/#organization"},"potentialAction":[{"@type":"SearchAction","target":{"@type":"EntryPoint","urlTemplate":"https:\/\/herbastore.sk\/cs\/?s={search_term_string}"},"query-input":{"@type":"PropertyValueSpecification","valueRequired":true,"valueName":"search_term_string"}}],"inLanguage":"cs"},{"@type":"Organization","@id":"https:\/\/herbastore.sk\/cs\/#organization","name":"herbastore.sk","url":"https:\/\/herbastore.sk\/cs\/","logo":{"@type":"ImageObject","inLanguage":"cs","@id":"https:\/\/herbastore.sk\/cs\/#\/schema\/logo\/image\/","url":"https:\/\/herbastore.sk\/wp-content\/uploads\/2018\/11\/herbastore-ikona.png","contentUrl":"https:\/\/herbastore.sk\/wp-content\/uploads\/2018\/11\/herbastore-ikona.png","width":512,"height":512,"caption":"herbastore.sk"},"image":{"@id":"https:\/\/herbastore.sk\/cs\/#\/schema\/logo\/image\/"},"sameAs":["https:\/\/www.facebook.com\/herbastoresk\/","https:\/\/www.instagram.com\/herbastore.sk\/"]}]}},"_links":{"self":[{"href":"https:\/\/herbastore.sk\/cs\/wp-json\/wp\/v2\/product\/14497","targetHints":{"allow":["GET"]}}],"collection":[{"href":"https:\/\/herbastore.sk\/cs\/wp-json\/wp\/v2\/product"}],"about":[{"href":"https:\/\/herbastore.sk\/cs\/wp-json\/wp\/v2\/types\/product"}],"replies":[{"embeddable":true,"href":"https:\/\/herbastore.sk\/cs\/wp-json\/wp\/v2\/comments?post=14497"}],"wp:featuredmedia":[{"embeddable":true,"href":"https:\/\/herbastore.sk\/cs\/wp-json\/wp\/v2\/media\/14450"}],"wp:attachment":[{"href":"https:\/\/herbastore.sk\/cs\/wp-json\/wp\/v2\/media?parent=14497"}],"wp:term":[{"taxonomy":"product_brand","embeddable":true,"href":"https:\/\/herbastore.sk\/cs\/wp-json\/wp\/v2\/product_brand?post=14497"},{"taxonomy":"product_cat","embeddable":true,"href":"https:\/\/herbastore.sk\/cs\/wp-json\/wp\/v2\/product_cat?post=14497"},{"taxonomy":"product_tag","embeddable":true,"href":"https:\/\/herbastore.sk\/cs\/wp-json\/wp\/v2\/product_tag?post=14497"}],"curies":[{"name":"wp","href":"https:\/\/api.w.org\/{rel}","templated":true}]}}