{"id":13971,"date":"2021-03-07T14:30:05","date_gmt":"2021-03-07T15:07:19","guid":{"rendered":"https:\/\/herbastore.sk\/produkty\/nezarazene\/zakladni-kosmeticky-balicek\/"},"modified":"2025-02-12T21:32:20","modified_gmt":"2025-02-12T20:32:20","slug":"zakladni-kosmeticky-balicek","status":"publish","type":"product","link":"https:\/\/herbastore.sk\/cs\/produkty\/herbalife-skin\/zakladni-kosmeticky-balicek\/","title":{"rendered":"Z\u00e1kladn\u00ed kosmetick\u00fd bal\u00ed\u010dek"},"content":{"rendered":"<div class=\"container section-title-container\" ><h3 class=\"section-title section-title-normal\"><b aria-hidden=\"true\"><\/b><span class=\"section-title-main\" >1. \u010ci\u0161t\u011bn\u00ed<\/span><b aria-hidden=\"true\"><\/b><\/h3><\/div>\n<div class=\"row row-large align-middle\"  id=\"row-417331583\">\n\n\t<div id=\"col-70027318\" class=\"col medium-4 small-12 large-4\"  >\n\t\t\t\t<div class=\"col-inner text-center\"  >\n\t\t\t\n\t\t\t\n\t<div class=\"img has-hover x md-x lg-x y md-y lg-y\" id=\"image_1559603056\">\n\t\t\t\t\t\t\t\t<div class=\"img-inner dark\" >\n\t\t\t<img loading=\"lazy\" decoding=\"async\" width=\"534\" height=\"800\" src=\"https:\/\/herbastore.sk\/wp-content\/uploads\/2019\/02\/Rozjasnujuci-cistiaci-pripravok-s-citrusmi.jpg\" class=\"attachment-large size-large\" alt=\"Herbalife SKIN rozjasnujici cistici pripravek s citrusy\" srcset=\"https:\/\/herbastore.sk\/wp-content\/uploads\/2019\/02\/Rozjasnujuci-cistiaci-pripravok-s-citrusmi.jpg 534w, https:\/\/herbastore.sk\/wp-content\/uploads\/2019\/02\/Rozjasnujuci-cistiaci-pripravok-s-citrusmi-267x400.jpg 267w, https:\/\/herbastore.sk\/wp-content\/uploads\/2019\/02\/Rozjasnujuci-cistiaci-pripravok-s-citrusmi-510x764.jpg 510w\" sizes=\"auto, (max-width: 534px) 100vw, 534px\" \/>\t\t\t\t\t\t\n\t\t\t\t\t<\/div>\n\t\t\t\t\t\t\t\t\n<style>\n#image_1559603056 {\n  width: 70%;\n}\n<\/style>\n\t<\/div>\n\t\n\t\t<\/div>\n\t\t\t\t\t<\/div>\n\n\t\n\n\t<div id=\"col-1710378308\" class=\"col medium-8 small-12 large-8\"  >\n\t\t\t\t<div class=\"col-inner text-left\"  >\n\t\t\t\n\t\t\t\n<h3>Rozjas\u0148uj\u00edc\u00ed \u010dist\u00edc\u00ed p\u0159\u00edpravek s citrusy<\/h3>\n<p> Tento \u00fa\u010dinn\u00fd vyhlazuj\u00edc\u00ed a rozjas\u0148uj\u00edc\u00ed \u010distic\u00ed p\u0159\u00edpravek (gel) s obsahem citrus\u016f na <strong>norm\u00e1ln\u00ed a\u017e mastnou poko\u017eku<\/strong> z kosmetiky SKIN precizn\u011b vy\u010dist\u00ed va\u0161i ple\u0165 pomoc\u00ed hloubkov\u011b \u010dist\u00edc\u00edch jojoba perli\u010dek a dal\u0161\u00edch \u00fa\u010dinn\u00fdch slo\u017eek. Nav\u00edc ji rozz\u00e1\u0159\u00ed a zdrav\u011b osv\u011b\u017e\u00ed.<\/p>\n<a href=\"https:\/\/herbastore.sk\/cs\/produkty\/herbalife-skin\/rozjasnujici-cistici-pripravek-s-citrusy\/\" class=\"button primary is-small\" >\n\t\t<span>V\u00edce info o produktu<\/span>\n\t<i class=\"icon-angle-right\" aria-hidden=\"true\"><\/i><\/a>\n\n\t\t<\/div>\n\t\t\t\t\t<\/div>\n\n\t\n<\/div>\n<div class=\"container section-title-container\" style=\"max-width:100%;\"><h3 class=\"section-title section-title-center\"><b aria-hidden=\"true\"><\/b><span class=\"section-title-main\" >NEBO<\/span><b aria-hidden=\"true\"><\/b><\/h3><\/div>\n<div class=\"row row-large align-middle\"  id=\"row-567888546\">\n\n\t<div id=\"col-484186312\" class=\"col medium-4 small-12 large-4\"  >\n\t\t\t\t<div class=\"col-inner text-center\"  >\n\t\t\t\n\t\t\t\n\t<div class=\"img has-hover x md-x lg-x y md-y lg-y\" id=\"image_1040752211\">\n\t\t\t\t\t\t\t\t<div class=\"img-inner dark\" >\n\t\t\t<img loading=\"lazy\" decoding=\"async\" width=\"534\" height=\"800\" src=\"https:\/\/herbastore.sk\/wp-content\/uploads\/2019\/01\/Upokojujuci-cistiaci-pripravok-s-aloe-1.jpg\" class=\"attachment-large size-large\" alt=\"Herbalife SKIN zklidnujici cistici pripravek s aloe\" srcset=\"https:\/\/herbastore.sk\/wp-content\/uploads\/2019\/01\/Upokojujuci-cistiaci-pripravok-s-aloe-1.jpg 534w, https:\/\/herbastore.sk\/wp-content\/uploads\/2019\/01\/Upokojujuci-cistiaci-pripravok-s-aloe-1-267x400.jpg 267w, https:\/\/herbastore.sk\/wp-content\/uploads\/2019\/01\/Upokojujuci-cistiaci-pripravok-s-aloe-1-510x764.jpg 510w\" sizes=\"auto, (max-width: 534px) 100vw, 534px\" \/>\t\t\t\t\t\t\n\t\t\t\t\t<\/div>\n\t\t\t\t\t\t\t\t\n<style>\n#image_1040752211 {\n  width: 70%;\n}\n<\/style>\n\t<\/div>\n\t\n\t\t<\/div>\n\t\t\t\t\t<\/div>\n\n\t\n\n\t<div id=\"col-1132105724\" class=\"col medium-8 small-12 large-8\"  >\n\t\t\t\t<div class=\"col-inner text-left\"  >\n\t\t\t\n\t\t\t\n<h3>Zklid\u0148uj\u00edc\u00ed \u010dist\u00edc\u00ed p\u0159\u00edpravek s Aloe<\/h3>\n<p> Zklid\u0148uj\u00edc\u00ed \u010dist\u00edc\u00ed p\u0159\u00edpravek s Aloe na <strong>norm\u00e1ln\u00ed a\u017e suchou poko\u017eku<\/strong> z kosmetiky SKIN dokonale vy\u010dist\u00ed va\u0161i ple\u0165, a nav\u00edc ji p\u0159irozen\u011b uklidn\u00ed. Tento \u00fa\u010dinn\u00fd \u010dist\u00edc\u00ed p\u0159\u00edpravek je velmi jemn\u00fd a zanech\u00e1 ple\u0165 jasnou, hebkou a na dotek hedv\u00e1bnou.<\/p>\n<a href=\"https:\/\/herbastore.sk\/cs\/produkty\/herbalife-skin\/zklidnujici-cistici-pripravek-s-aloe\/\" class=\"button primary is-small\" >\n\t\t<span>V\u00edce info o produktu<\/span>\n\t<i class=\"icon-angle-right\" aria-hidden=\"true\"><\/i><\/a>\n\n\t\t<\/div>\n\t\t\t\t\t<\/div>\n\n\t\n<\/div>\n<div class=\"container section-title-container\" ><h3 class=\"section-title section-title-normal\"><b aria-hidden=\"true\"><\/b><span class=\"section-title-main\" >2. Uvoln\u011bn\u00ed<\/span><b aria-hidden=\"true\"><\/b><\/h3><\/div>\n<div class=\"row row-large align-middle\"  id=\"row-1916657913\">\n\n\t<div id=\"col-971033041\" class=\"col medium-4 small-12 large-4\"  >\n\t\t\t\t<div class=\"col-inner text-center\"  >\n\t\t\t\n\t\t\t\n\t<div class=\"img has-hover x md-x lg-x y md-y lg-y\" id=\"image_474104155\">\n\t\t\t\t\t\t\t\t<div class=\"img-inner dark\" >\n\t\t\t<img loading=\"lazy\" decoding=\"async\" width=\"534\" height=\"800\" src=\"https:\/\/herbastore.sk\/wp-content\/uploads\/2019\/02\/Cistiaca-ilova-maska-s-vytazkami-z-maty.jpg\" class=\"attachment-large size-large\" alt=\"Herbalife SKIN cistici jilova maska s vytazky z maty\" srcset=\"https:\/\/herbastore.sk\/wp-content\/uploads\/2019\/02\/Cistiaca-ilova-maska-s-vytazkami-z-maty.jpg 534w, https:\/\/herbastore.sk\/wp-content\/uploads\/2019\/02\/Cistiaca-ilova-maska-s-vytazkami-z-maty-267x400.jpg 267w, https:\/\/herbastore.sk\/wp-content\/uploads\/2019\/02\/Cistiaca-ilova-maska-s-vytazkami-z-maty-510x764.jpg 510w\" sizes=\"auto, (max-width: 534px) 100vw, 534px\" \/>\t\t\t\t\t\t\n\t\t\t\t\t<\/div>\n\t\t\t\t\t\t\t\t\n<style>\n#image_474104155 {\n  width: 70%;\n}\n<\/style>\n\t<\/div>\n\t\n\t\t<\/div>\n\t\t\t\t\t<\/div>\n\n\t\n\n\t<div id=\"col-623896126\" class=\"col medium-8 small-12 large-8\"  >\n\t\t\t\t<div class=\"col-inner text-left\"  >\n\t\t\t\n\t\t\t\n<h3>\u010cistic\u00ed j\u00edlov\u00e1 maska s v\u00fdta\u017eky z m\u00e1ty<\/h3>\n<p> Tato hust\u00e1, kr\u00e9mov\u00e1 j\u00edlov\u00e1 maska m\u00e1 absorbuj\u00edc\u00ed a tonizuj\u00edc\u00ed \u00fa\u010dinky bentonitov\u00e9ho j\u00edlu na odstran\u011bn\u00ed ne\u010distot a absorpci nadbyte\u010dn\u00e9ho oleje. Dop\u0159ejte sv\u00e9 pleti hloubkov\u00e9 \u010di\u0161t\u011bn\u00ed a zbavte se \u010dern\u00fdch p\u00f3r\u016f. \u010cistic\u00ed j\u00edlov\u00e1 maska s m\u00e1tou z \u0159ady Herbalife SKIN pro v\u0161echny typy pleti to i d\u00edky sv\u00e9mu p\u0159\u00edrodn\u00edmu slo\u017een\u00ed hrav\u011b zvl\u00e1dne.<\/p>\n<a href=\"https:\/\/herbastore.sk\/cs\/produkty\/herbalife-skin\/cistici-jilova-maska-s-vytazky-z-maty\/\" class=\"button primary is-small\" >\n\t\t<span>V\u00edce info o produktu<\/span>\n\t<i class=\"icon-angle-right\" aria-hidden=\"true\"><\/i><\/a>\n\n\t\t<\/div>\n\t\t\t\t\t<\/div>\n\n\t\n<\/div>\n<div class=\"container section-title-container\" ><h3 class=\"section-title section-title-normal\"><b aria-hidden=\"true\"><\/b><span class=\"section-title-main\" >3. Tonizace<\/span><b aria-hidden=\"true\"><\/b><\/h3><\/div>\n<div class=\"row row-large align-middle\"  id=\"row-2009619821\">\n\n\t<div id=\"col-1889064412\" class=\"col medium-4 small-12 large-4\"  >\n\t\t\t\t<div class=\"col-inner text-center\"  >\n\t\t\t\n\t\t\t\n\t<div class=\"img has-hover x md-x lg-x y md-y lg-y\" id=\"image_153346343\">\n\t\t\t\t\t\t\t\t<div class=\"img-inner dark\" >\n\t\t\t<img loading=\"lazy\" decoding=\"async\" width=\"534\" height=\"800\" src=\"https:\/\/herbastore.sk\/wp-content\/uploads\/2019\/02\/Povzbudzujuce-bylinkove-tonikum.jpg\" class=\"attachment-large size-large\" alt=\"Herbalife SKIN povzbuzujici bylinkove tonikum\" srcset=\"https:\/\/herbastore.sk\/wp-content\/uploads\/2019\/02\/Povzbudzujuce-bylinkove-tonikum.jpg 534w, https:\/\/herbastore.sk\/wp-content\/uploads\/2019\/02\/Povzbudzujuce-bylinkove-tonikum-267x400.jpg 267w, https:\/\/herbastore.sk\/wp-content\/uploads\/2019\/02\/Povzbudzujuce-bylinkove-tonikum-510x764.jpg 510w\" sizes=\"auto, (max-width: 534px) 100vw, 534px\" \/>\t\t\t\t\t\t\n\t\t\t\t\t<\/div>\n\t\t\t\t\t\t\t\t\n<style>\n#image_153346343 {\n  width: 70%;\n}\n<\/style>\n\t<\/div>\n\t\n\t\t<\/div>\n\t\t\t\t\t<\/div>\n\n\t\n\n\t<div id=\"col-2083455264\" class=\"col medium-8 small-12 large-8\"  >\n\t\t\t\t<div class=\"col-inner text-left\"  >\n\t\t\t\n\t\t\t\n<h3>Povzbuzuj\u00edc\u00ed bylinkov\u00e9 tonikum<\/h3>\n<p> Povzbuzuj\u00edc\u00ed bylinkov\u00e9 tonikum s p\u0159\u00edjemnou mandarinkovo-citrusovou v\u016fn\u00ed z kosmetiky Herbalife SKIN zabezpe\u010d\u00ed va\u0161\u00ed pleti dokonalou tonizaci bez ohledu na v\u00e1\u0161 typ pleti. Zanech\u00e1 va\u0161i ple\u0165 \u010distou a sv\u011b\u017e\u00ed.<\/p>\n<a href=\"https:\/\/herbastore.sk\/cs\/produkty\/herbalife-skin\/povzbuzujici-bylinkove-tonikum\/\" class=\"button primary is-small\" >\n\t\t<span>V\u00edce info o produktu<\/span>\n\t<i class=\"icon-angle-right\" aria-hidden=\"true\"><\/i><\/a>\n\n\t\t<\/div>\n\t\t\t\t\t<\/div>\n\n\t\n<\/div>\n<div class=\"container section-title-container\" ><h3 class=\"section-title section-title-normal\"><b aria-hidden=\"true\"><\/b><span class=\"section-title-main\" >4. Hydratace<\/span><b aria-hidden=\"true\"><\/b><\/h3><\/div>\n<div class=\"row row-large align-middle\"  id=\"row-326108966\">\n\n\t<div id=\"col-1081766667\" class=\"col medium-4 small-12 large-4\"  >\n\t\t\t\t<div class=\"col-inner text-center\"  >\n\t\t\t\n\t\t\t\n\t<div class=\"img has-hover x md-x lg-x y md-y lg-y\" id=\"image_1107731613\">\n\t\t\t\t\t\t\t\t<div class=\"img-inner dark\" >\n\t\t\t<img loading=\"lazy\" decoding=\"async\" width=\"534\" height=\"800\" src=\"https:\/\/herbastore.sk\/wp-content\/uploads\/2019\/02\/Denny-hydratacny-krem.jpg\" class=\"attachment-large size-large\" alt=\"Herbalife SKIN denni hydratacni krem\" srcset=\"https:\/\/herbastore.sk\/wp-content\/uploads\/2019\/02\/Denny-hydratacny-krem.jpg 534w, https:\/\/herbastore.sk\/wp-content\/uploads\/2019\/02\/Denny-hydratacny-krem-267x400.jpg 267w, https:\/\/herbastore.sk\/wp-content\/uploads\/2019\/02\/Denny-hydratacny-krem-510x764.jpg 510w\" sizes=\"auto, (max-width: 534px) 100vw, 534px\" \/>\t\t\t\t\t\t\n\t\t\t\t\t<\/div>\n\t\t\t\t\t\t\t\t\n<style>\n#image_1107731613 {\n  width: 70%;\n}\n<\/style>\n\t<\/div>\n\t\n\t\t<\/div>\n\t\t\t\t\t<\/div>\n\n\t\n\n\t<div id=\"col-739917630\" class=\"col medium-8 small-12 large-8\"  >\n\t\t\t\t<div class=\"col-inner text-left\"  >\n\t\t\t\n\t\t\t\n<h3>Denn\u00ed hydrata\u010dn\u00ed kr\u00e9m<\/h3>\n<p> V\u0161estrann\u00fd denn\u00ed hydrata\u010dn\u00ed prost\u0159edek s rozjas\u0148uj\u00edc\u00edmi prvky dod\u00e1 va\u0161\u00ed pleti zdravou barvu. Ple\u0165 vypad\u00e1 z\u00e1\u0159iv\u011b dokonce i bez make-upu. Dodejte r\u00e1no a b\u011bhem dne pleti to, co opravdu pot\u0159ebuje, aby byla st\u00e1le kr\u00e1sn\u00e1 a z\u00e1\u0159iv\u00e1. Pom\u016f\u017ee v\u00e1m Denn\u00ed hydrata\u010dn\u00ed kr\u00e9m pro v\u0161echny typy pleti z \u0159ady Herbalife SKIN, kter\u00fd krom\u011b redukce vr\u00e1sek va\u0161i ple\u0165 rozjasn\u00ed a dod\u00e1 j\u00ed zdrav\u00fd vzhled.<\/p>\n<a href=\"https:\/\/herbastore.sk\/cs\/produkty\/herbalife-skin\/denni-hydratacni-krem\/\" class=\"button primary is-small\" >\n\t\t<span>V\u00edce info o produktu<\/span>\n\t<i class=\"icon-angle-right\" aria-hidden=\"true\"><\/i><\/a>\n\n\t\t<\/div>\n\t\t\t\t\t<\/div>\n\n\t\n<\/div>\n<div class=\"container section-title-container\" ><h3 class=\"section-title section-title-center\"><b aria-hidden=\"true\"><\/b><span class=\"section-title-main\" >NEBO<\/span><b aria-hidden=\"true\"><\/b><\/h3><\/div>\n<div class=\"row row-large align-middle\"  id=\"row-843477690\">\n\n\t<div id=\"col-1461124726\" class=\"col medium-4 small-12 large-4\"  >\n\t\t\t\t<div class=\"col-inner text-center\"  >\n\t\t\t\n\t\t\t\n\t<div class=\"img has-hover x md-x lg-x y md-y lg-y\" id=\"image_63014034\">\n\t\t\t\t\t\t\t\t<div class=\"img-inner dark\" >\n\t\t\t<img loading=\"lazy\" decoding=\"async\" width=\"534\" height=\"800\" src=\"https:\/\/herbastore.sk\/wp-content\/uploads\/2019\/02\/Vyzivny-nocny-krem.jpg\" class=\"attachment-large size-large\" alt=\"Herbalife SKIN vyzivny nocni krem\" srcset=\"https:\/\/herbastore.sk\/wp-content\/uploads\/2019\/02\/Vyzivny-nocny-krem.jpg 534w, https:\/\/herbastore.sk\/wp-content\/uploads\/2019\/02\/Vyzivny-nocny-krem-267x400.jpg 267w, https:\/\/herbastore.sk\/wp-content\/uploads\/2019\/02\/Vyzivny-nocny-krem-510x764.jpg 510w\" sizes=\"auto, (max-width: 534px) 100vw, 534px\" \/>\t\t\t\t\t\t\n\t\t\t\t\t<\/div>\n\t\t\t\t\t\t\t\t\n<style>\n#image_63014034 {\n  width: 70%;\n}\n<\/style>\n\t<\/div>\n\t\n\t\t<\/div>\n\t\t\t\t\t<\/div>\n\n\t\n\n\t<div id=\"col-368713818\" class=\"col medium-8 small-12 large-8\"  >\n\t\t\t\t<div class=\"col-inner text-left\"  >\n\t\t\t\n\t\t\t\n<h3>V\u00fd\u017eivn\u00fd no\u010dn\u00ed kr\u00e9m<\/h3>\n<p> Tento bohat\u00fd, luxusn\u00ed kr\u00e9m v noci poskytne pleti velmi pot\u0159ebnou hydrataci. D\u00edky dlouhodob\u00e9 hydrataci se r\u00e1no probud\u00edte s heb\u010d\u00ed, hlad\u0161\u00ed plet\u00ed. Dejte sv\u00e9 pleti \u0161anci se p\u0159es noc dokonale zregenerovat. V\u00fd\u017eivn\u00fd no\u010dn\u00ed kr\u00e9m z kosmetiky Herbalife SKIN pro v\u0161echny typy pleti v\u00e1m k tomu dokonale pom\u016f\u017ee.<\/p>\n<a href=\"https:\/\/herbastore.sk\/cs\/produkty\/herbalife-skin\/vyzivny-nocni-krem\/\" class=\"button primary is-small\" >\n\t\t<span>V\u00edce info o produktu<\/span>\n\t<i class=\"icon-angle-right\" aria-hidden=\"true\"><\/i><\/a>\n\n\t\t<\/div>\n\t\t\t\t\t<\/div>\n\n\t\n<\/div>\n","protected":false},"excerpt":{"rendered":"","protected":false},"featured_media":13969,"comment_status":"open","ping_status":"closed","template":"","meta":{"inline_featured_image":false},"product_brand":[],"product_cat":[181,178],"product_tag":[203],"class_list":{"0":"post-13971","1":"product","2":"type-product","3":"status-publish","4":"has-post-thumbnail","6":"product_cat-akcni-balicky","7":"product_cat-herbalife-skin","8":"product_tag-hezci-plet-a-vlasy","10":"first","11":"instock","12":"sale","13":"taxable","14":"shipping-taxable","15":"purchasable","16":"product-type-variable"},"yoast_head":"<!-- This site is optimized with the Yoast SEO plugin v26.8 - https:\/\/yoast.com\/product\/yoast-seo-wordpress\/ -->\n<title>Z\u00e1kladn\u00ed kosmetick\u00fd bal\u00ed\u010dek Herbalife SKIN - herbastore<\/title>\n<meta name=\"robots\" content=\"index, follow, max-snippet:-1, max-image-preview:large, max-video-preview:-1\" \/>\n<link rel=\"canonical\" href=\"https:\/\/herbastore.sk\/cs\/produkty\/herbalife-skin\/zakladni-kosmeticky-balicek\/\" \/>\n<meta property=\"og:locale\" content=\"cs_CZ\" \/>\n<meta property=\"og:type\" content=\"article\" \/>\n<meta property=\"og:title\" content=\"Z\u00e1kladn\u00ed kosmetick\u00fd bal\u00ed\u010dek Herbalife SKIN - herbastore\" \/>\n<meta property=\"og:url\" content=\"https:\/\/herbastore.sk\/cs\/produkty\/herbalife-skin\/zakladni-kosmeticky-balicek\/\" \/>\n<meta property=\"og:site_name\" content=\"herbastore\" \/>\n<meta property=\"article:publisher\" content=\"https:\/\/www.facebook.com\/herbastoresk\/\" \/>\n<meta property=\"article:modified_time\" content=\"2025-02-12T20:32:20+00:00\" \/>\n<meta property=\"og:image\" content=\"https:\/\/herbastore.sk\/wp-content\/uploads\/2021\/03\/Herbalife-zakladny-kozmeticky-balicek.jpg\" \/>\n\t<meta property=\"og:image:width\" content=\"534\" \/>\n\t<meta property=\"og:image:height\" content=\"800\" \/>\n\t<meta property=\"og:image:type\" content=\"image\/jpeg\" \/>\n<meta name=\"twitter:card\" content=\"summary_large_image\" \/>\n<meta name=\"twitter:label1\" content=\"Odhadovan\u00e1 doba \u010dten\u00ed\" \/>\n\t<meta name=\"twitter:data1\" content=\"4 minuty\" \/>\n<script type=\"application\/ld+json\" class=\"yoast-schema-graph\">{\"@context\":\"https:\/\/schema.org\",\"@graph\":[{\"@type\":\"WebPage\",\"@id\":\"https:\/\/herbastore.sk\/cs\/produkty\/herbalife-skin\/zakladni-kosmeticky-balicek\/\",\"url\":\"https:\/\/herbastore.sk\/cs\/produkty\/herbalife-skin\/zakladni-kosmeticky-balicek\/\",\"name\":\"Z\u00e1kladn\u00ed kosmetick\u00fd bal\u00ed\u010dek Herbalife SKIN - herbastore\",\"isPartOf\":{\"@id\":\"https:\/\/herbastore.sk\/cs\/#website\"},\"primaryImageOfPage\":{\"@id\":\"https:\/\/herbastore.sk\/cs\/produkty\/herbalife-skin\/zakladni-kosmeticky-balicek\/#primaryimage\"},\"image\":{\"@id\":\"https:\/\/herbastore.sk\/cs\/produkty\/herbalife-skin\/zakladni-kosmeticky-balicek\/#primaryimage\"},\"thumbnailUrl\":\"https:\/\/herbastore.sk\/wp-content\/uploads\/2021\/03\/Herbalife-zakladny-kozmeticky-balicek.jpg\",\"datePublished\":\"2021-03-07T15:07:19+00:00\",\"dateModified\":\"2025-02-12T20:32:20+00:00\",\"breadcrumb\":{\"@id\":\"https:\/\/herbastore.sk\/cs\/produkty\/herbalife-skin\/zakladni-kosmeticky-balicek\/#breadcrumb\"},\"inLanguage\":\"cs\",\"potentialAction\":[{\"@type\":\"ReadAction\",\"target\":[\"https:\/\/herbastore.sk\/cs\/produkty\/herbalife-skin\/zakladni-kosmeticky-balicek\/\"]}]},{\"@type\":\"ImageObject\",\"inLanguage\":\"cs\",\"@id\":\"https:\/\/herbastore.sk\/cs\/produkty\/herbalife-skin\/zakladni-kosmeticky-balicek\/#primaryimage\",\"url\":\"https:\/\/herbastore.sk\/wp-content\/uploads\/2021\/03\/Herbalife-zakladny-kozmeticky-balicek.jpg\",\"contentUrl\":\"https:\/\/herbastore.sk\/wp-content\/uploads\/2021\/03\/Herbalife-zakladny-kozmeticky-balicek.jpg\",\"width\":534,\"height\":800,\"caption\":\"Herbalife zakladni kosmeticky balicek\"},{\"@type\":\"BreadcrumbList\",\"@id\":\"https:\/\/herbastore.sk\/cs\/produkty\/herbalife-skin\/zakladni-kosmeticky-balicek\/#breadcrumb\",\"itemListElement\":[{\"@type\":\"ListItem\",\"position\":1,\"name\":\"Home\",\"item\":\"https:\/\/herbastore.sk\/cs\/\"},{\"@type\":\"ListItem\",\"position\":2,\"name\":\"Produkty\",\"item\":\"https:\/\/herbastore.sk\/cs\/produkty\/\"},{\"@type\":\"ListItem\",\"position\":3,\"name\":\"Z\u00e1kladn\u00ed kosmetick\u00fd bal\u00ed\u010dek\"}]},{\"@type\":\"WebSite\",\"@id\":\"https:\/\/herbastore.sk\/cs\/#website\",\"url\":\"https:\/\/herbastore.sk\/cs\/\",\"name\":\"herbastore\",\"description\":\"Produkty Herbalife z pohodlia v\u00e1\u0161ho domova\",\"publisher\":{\"@id\":\"https:\/\/herbastore.sk\/cs\/#organization\"},\"potentialAction\":[{\"@type\":\"SearchAction\",\"target\":{\"@type\":\"EntryPoint\",\"urlTemplate\":\"https:\/\/herbastore.sk\/cs\/?s={search_term_string}\"},\"query-input\":{\"@type\":\"PropertyValueSpecification\",\"valueRequired\":true,\"valueName\":\"search_term_string\"}}],\"inLanguage\":\"cs\"},{\"@type\":\"Organization\",\"@id\":\"https:\/\/herbastore.sk\/cs\/#organization\",\"name\":\"herbastore.sk\",\"url\":\"https:\/\/herbastore.sk\/cs\/\",\"logo\":{\"@type\":\"ImageObject\",\"inLanguage\":\"cs\",\"@id\":\"https:\/\/herbastore.sk\/cs\/#\/schema\/logo\/image\/\",\"url\":\"https:\/\/herbastore.sk\/wp-content\/uploads\/2018\/11\/herbastore-ikona.png\",\"contentUrl\":\"https:\/\/herbastore.sk\/wp-content\/uploads\/2018\/11\/herbastore-ikona.png\",\"width\":512,\"height\":512,\"caption\":\"herbastore.sk\"},\"image\":{\"@id\":\"https:\/\/herbastore.sk\/cs\/#\/schema\/logo\/image\/\"},\"sameAs\":[\"https:\/\/www.facebook.com\/herbastoresk\/\",\"https:\/\/www.instagram.com\/herbastore.sk\/\"]}]}<\/script>\n<!-- \/ Yoast SEO plugin. -->","yoast_head_json":{"title":"Z\u00e1kladn\u00ed kosmetick\u00fd bal\u00ed\u010dek Herbalife SKIN - herbastore","robots":{"index":"index","follow":"follow","max-snippet":"max-snippet:-1","max-image-preview":"max-image-preview:large","max-video-preview":"max-video-preview:-1"},"canonical":"https:\/\/herbastore.sk\/cs\/produkty\/herbalife-skin\/zakladni-kosmeticky-balicek\/","og_locale":"cs_CZ","og_type":"article","og_title":"Z\u00e1kladn\u00ed kosmetick\u00fd bal\u00ed\u010dek Herbalife SKIN - herbastore","og_url":"https:\/\/herbastore.sk\/cs\/produkty\/herbalife-skin\/zakladni-kosmeticky-balicek\/","og_site_name":"herbastore","article_publisher":"https:\/\/www.facebook.com\/herbastoresk\/","article_modified_time":"2025-02-12T20:32:20+00:00","og_image":[{"width":534,"height":800,"url":"https:\/\/herbastore.sk\/wp-content\/uploads\/2021\/03\/Herbalife-zakladny-kozmeticky-balicek.jpg","type":"image\/jpeg"}],"twitter_card":"summary_large_image","twitter_misc":{"Odhadovan\u00e1 doba \u010dten\u00ed":"4 minuty"},"schema":{"@context":"https:\/\/schema.org","@graph":[{"@type":"WebPage","@id":"https:\/\/herbastore.sk\/cs\/produkty\/herbalife-skin\/zakladni-kosmeticky-balicek\/","url":"https:\/\/herbastore.sk\/cs\/produkty\/herbalife-skin\/zakladni-kosmeticky-balicek\/","name":"Z\u00e1kladn\u00ed kosmetick\u00fd bal\u00ed\u010dek Herbalife SKIN - herbastore","isPartOf":{"@id":"https:\/\/herbastore.sk\/cs\/#website"},"primaryImageOfPage":{"@id":"https:\/\/herbastore.sk\/cs\/produkty\/herbalife-skin\/zakladni-kosmeticky-balicek\/#primaryimage"},"image":{"@id":"https:\/\/herbastore.sk\/cs\/produkty\/herbalife-skin\/zakladni-kosmeticky-balicek\/#primaryimage"},"thumbnailUrl":"https:\/\/herbastore.sk\/wp-content\/uploads\/2021\/03\/Herbalife-zakladny-kozmeticky-balicek.jpg","datePublished":"2021-03-07T15:07:19+00:00","dateModified":"2025-02-12T20:32:20+00:00","breadcrumb":{"@id":"https:\/\/herbastore.sk\/cs\/produkty\/herbalife-skin\/zakladni-kosmeticky-balicek\/#breadcrumb"},"inLanguage":"cs","potentialAction":[{"@type":"ReadAction","target":["https:\/\/herbastore.sk\/cs\/produkty\/herbalife-skin\/zakladni-kosmeticky-balicek\/"]}]},{"@type":"ImageObject","inLanguage":"cs","@id":"https:\/\/herbastore.sk\/cs\/produkty\/herbalife-skin\/zakladni-kosmeticky-balicek\/#primaryimage","url":"https:\/\/herbastore.sk\/wp-content\/uploads\/2021\/03\/Herbalife-zakladny-kozmeticky-balicek.jpg","contentUrl":"https:\/\/herbastore.sk\/wp-content\/uploads\/2021\/03\/Herbalife-zakladny-kozmeticky-balicek.jpg","width":534,"height":800,"caption":"Herbalife zakladni kosmeticky balicek"},{"@type":"BreadcrumbList","@id":"https:\/\/herbastore.sk\/cs\/produkty\/herbalife-skin\/zakladni-kosmeticky-balicek\/#breadcrumb","itemListElement":[{"@type":"ListItem","position":1,"name":"Home","item":"https:\/\/herbastore.sk\/cs\/"},{"@type":"ListItem","position":2,"name":"Produkty","item":"https:\/\/herbastore.sk\/cs\/produkty\/"},{"@type":"ListItem","position":3,"name":"Z\u00e1kladn\u00ed kosmetick\u00fd bal\u00ed\u010dek"}]},{"@type":"WebSite","@id":"https:\/\/herbastore.sk\/cs\/#website","url":"https:\/\/herbastore.sk\/cs\/","name":"herbastore","description":"Produkty Herbalife z pohodlia v\u00e1\u0161ho domova","publisher":{"@id":"https:\/\/herbastore.sk\/cs\/#organization"},"potentialAction":[{"@type":"SearchAction","target":{"@type":"EntryPoint","urlTemplate":"https:\/\/herbastore.sk\/cs\/?s={search_term_string}"},"query-input":{"@type":"PropertyValueSpecification","valueRequired":true,"valueName":"search_term_string"}}],"inLanguage":"cs"},{"@type":"Organization","@id":"https:\/\/herbastore.sk\/cs\/#organization","name":"herbastore.sk","url":"https:\/\/herbastore.sk\/cs\/","logo":{"@type":"ImageObject","inLanguage":"cs","@id":"https:\/\/herbastore.sk\/cs\/#\/schema\/logo\/image\/","url":"https:\/\/herbastore.sk\/wp-content\/uploads\/2018\/11\/herbastore-ikona.png","contentUrl":"https:\/\/herbastore.sk\/wp-content\/uploads\/2018\/11\/herbastore-ikona.png","width":512,"height":512,"caption":"herbastore.sk"},"image":{"@id":"https:\/\/herbastore.sk\/cs\/#\/schema\/logo\/image\/"},"sameAs":["https:\/\/www.facebook.com\/herbastoresk\/","https:\/\/www.instagram.com\/herbastore.sk\/"]}]}},"_links":{"self":[{"href":"https:\/\/herbastore.sk\/cs\/wp-json\/wp\/v2\/product\/13971","targetHints":{"allow":["GET"]}}],"collection":[{"href":"https:\/\/herbastore.sk\/cs\/wp-json\/wp\/v2\/product"}],"about":[{"href":"https:\/\/herbastore.sk\/cs\/wp-json\/wp\/v2\/types\/product"}],"replies":[{"embeddable":true,"href":"https:\/\/herbastore.sk\/cs\/wp-json\/wp\/v2\/comments?post=13971"}],"wp:featuredmedia":[{"embeddable":true,"href":"https:\/\/herbastore.sk\/cs\/wp-json\/wp\/v2\/media\/13969"}],"wp:attachment":[{"href":"https:\/\/herbastore.sk\/cs\/wp-json\/wp\/v2\/media?parent=13971"}],"wp:term":[{"taxonomy":"product_brand","embeddable":true,"href":"https:\/\/herbastore.sk\/cs\/wp-json\/wp\/v2\/product_brand?post=13971"},{"taxonomy":"product_cat","embeddable":true,"href":"https:\/\/herbastore.sk\/cs\/wp-json\/wp\/v2\/product_cat?post=13971"},{"taxonomy":"product_tag","embeddable":true,"href":"https:\/\/herbastore.sk\/cs\/wp-json\/wp\/v2\/product_tag?post=13971"}],"curies":[{"name":"wp","href":"https:\/\/api.w.org\/{rel}","templated":true}]}}