{"id":13014,"date":"2021-01-12T16:08:39","date_gmt":"2021-01-12T21:30:52","guid":{"rendered":"https:\/\/herbastore.sk\/produkty\/nezarazene\/immune-booster\/"},"modified":"2025-03-09T21:27:24","modified_gmt":"2025-03-09T20:27:24","slug":"immune-booster","status":"publish","type":"product","link":"https:\/\/herbastore.sk\/cs\/produkty\/vitaminy-a-mineraly\/immune-booster\/","title":{"rendered":"Immune Booster"},"content":{"rendered":"<h2>Immune Booster EpiCor\u00ae &#8211; vlastnosti a \u00fa\u010dinky<\/h2>\n<p>Herbalife Immune Booster Epicor je inteligentn\u00ed v\u00fd\u017eiva pro v\u00e1\u0161 imunitn\u00ed syst\u00e9m. N\u00e1\u0161 imunitn\u00ed syst\u00e9m je neuv\u011b\u0159iteln\u011b slo\u017eit\u00e1 s\u00ed\u0165, kter\u00e1 pracuje ne\u00fanavn\u011b a potichu na denn\u00ed b\u00e1zi. Proto nev\u00e1hejte a podpo\u0159te sv\u016fj imunitn\u00ed syst\u00e9m pro efektivn\u00ed zvl\u00e1d\u00e1n\u00ed v\u0161ech proces\u016f ve va\u0161em t\u011ble.  <\/p>\n<ul>\n<li class=\"bullet-checkmark\">Obsahuje EpiCor\u00ae &#8211; v\u011bdecky ov\u011b\u0159en\u00e1 su\u0161en\u00e1 ingredience na b\u00e1zi kvasnic<\/li>\n<li class=\"bullet-checkmark\">Vysok\u00fd obsah d\u016fle\u017eit\u00fdch vitam\u00edn\u016f a miner\u00e1l\u016f, jako jsou vitaminy C a D, selen a zinek, kter\u00e9 p\u0159isp\u00edvaj\u00ed k norm\u00e1ln\u00ed funkci imunitn\u00edho syst\u00e9mu<\/li>\n<li class=\"bullet-checkmark\">Vitam\u00edn C, selen a zinek tak\u00e9 p\u0159isp\u00edvaj\u00ed k ochran\u011b bun\u011bk p\u0159ed oxidativn\u00edm stresem<\/li>\n<li class=\"bullet-checkmark\">V\u00fdrobek vhodn\u00fd pro vegetari\u00e1ny<\/li>\n<li class=\"bullet-checkmark\">Osv\u011b\u017euj\u00edc\u00ed bezov\u00e1 p\u0159\u00edchu\u0165<\/li>\n<\/ul>\n<h3>Co je EpiCor\u00ae?<\/h3>\n<p>P\u0159\u00edrodn\u00ed imunomodul\u00e1tor EpiCor\u00ae je patentovan\u00e1 sm\u011bs makronutrient\u016f s obsahem protein\u016f, antioxidant\u016f, betaglukan\u016f, vl\u00e1kniny, mastn\u00fdch kyselin, aminokyselin a mikronutrient\u016f vitam\u00edn\u016f (zejm\u00e9na skupiny B) a miner\u00e1l\u016f.<\/p>\n<blockquote><p>EpiCor\u00ae slou\u017e\u00ed k podpo\u0159e a pos\u00edlen\u00ed imunity co\u017e potvrzuj\u00ed des\u00edtky v\u011bdeck\u00fdch studi\u00ed.<\/p><\/blockquote>\n<p>Jeho mechanismus \u00fa\u010dinku, \u00fa\u010dinnost a bezpe\u010dnost byly potvrzeny na z\u00e1klad\u011b v\u00fdsledk\u016f des\u00edtek v\u011bdeck\u00fdch klinick\u00fdch studi\u00ed, publikovan\u00fdch v odborn\u00fdch \u010dl\u00e1nc\u00edch a \u010dasopisech.<\/p>\n<p><img loading=\"lazy\" decoding=\"async\" class=\"aligncenter wp-image-13011 size-full\" src=\"https:\/\/herbastore.sk\/wp-content\/uploads\/2021\/01\/Herbalife-Immune-Booster-produktovy-banner.jpg\" alt=\"Herbalife Immune Booster produktovy banner\" width=\"2048\" height=\"477\" srcset=\"https:\/\/herbastore.sk\/wp-content\/uploads\/2021\/01\/Herbalife-Immune-Booster-produktovy-banner.jpg 2048w, https:\/\/herbastore.sk\/wp-content\/uploads\/2021\/01\/Herbalife-Immune-Booster-produktovy-banner-267x62.jpg 267w, https:\/\/herbastore.sk\/wp-content\/uploads\/2021\/01\/Herbalife-Immune-Booster-produktovy-banner-534x124.jpg 534w, https:\/\/herbastore.sk\/wp-content\/uploads\/2021\/01\/Herbalife-Immune-Booster-produktovy-banner-800x186.jpg 800w, https:\/\/herbastore.sk\/wp-content\/uploads\/2021\/01\/Herbalife-Immune-Booster-produktovy-banner-1400x326.jpg 1400w, https:\/\/herbastore.sk\/wp-content\/uploads\/2021\/01\/Herbalife-Immune-Booster-produktovy-banner-768x179.jpg 768w, https:\/\/herbastore.sk\/wp-content\/uploads\/2021\/01\/Herbalife-Immune-Booster-produktovy-banner-1536x358.jpg 1536w, https:\/\/herbastore.sk\/wp-content\/uploads\/2021\/01\/Herbalife-Immune-Booster-produktovy-banner-510x119.jpg 510w\" sizes=\"auto, (max-width: 2048px) 100vw, 2048px\" \/><\/p>\n<h2>Vitam\u00edny a miner\u00e1ly obsa\u017een\u00e9 v Herbalife Immune Booster<\/h2>\n<div class=\"row\"  id=\"row-1012510947\">\n\n\t<div id=\"col-1740917399\" class=\"col medium-1\/2 large-6\"  >\n\t\t\t\t<div class=\"col-inner\"  >\n\t\t\t\n\t\t\t\n<p><strong>Selen p\u0159isp\u00edv\u00e1 k:<\/strong><\/p>\n<ul>\n<li>norm\u00e1ln\u00ed funkci imunitn\u00edho syst\u00e9mu<\/li>\n<li>ochran\u011b bun\u011bk p\u0159ed oxidativn\u00edm stresem<\/li>\n<li>zachov\u00e1n\u00ed norm\u00e1ln\u00edho stavu vlas\u016f a neht\u016f<\/li>\n<li>norm\u00e1ln\u00ed funkci \u0161t\u00edtn\u00e9 \u017el\u00e1zy<\/li>\n<\/ul>\n<p><strong>Zinek p\u0159isp\u00edv\u00e1 k:<\/strong><\/p>\n<ul>\n<li>norm\u00e1ln\u00ed funkci imunitn\u00edho syst\u00e9mu<\/li>\n<li>ochran\u011b bun\u011bk p\u0159ed oxidativn\u00edm stresem<\/li>\n<li>zachov\u00e1n\u00ed norm\u00e1ln\u00edho stavu vlas\u016f, neht\u016f a k\u016f\u017ee<\/li>\n<li>norm\u00e1ln\u00ed kognitivn\u00ed funkci<\/li>\n<\/ul>\n\t\t<\/div>\n\t\t\t\t\t<\/div>\n\n\t\n\n\t<div id=\"col-1057503426\" class=\"col medium-1\/2 large-6\"  >\n\t\t\t\t<div class=\"col-inner\"  >\n\t\t\t\n\t\t\t\n<p><strong>Vitamin C p\u0159isp\u00edv\u00e1 k:<\/strong><\/p>\n<ul>\n<li>norm\u00e1ln\u00ed funkci imunitn\u00edho syst\u00e9mu<\/li>\n<li>ochran\u011b bun\u011bk p\u0159ed oxidativn\u00edm stresem<\/li>\n<li>sn\u00ed\u017een\u00ed \u00fanavy a vy\u010derp\u00e1n\u00ed<\/li>\n<li>vitam\u00edn C zvy\u0161uje vst\u0159eb\u00e1v\u00e1n\u00ed \u017eeleza<\/li>\n<li>norm\u00e1ln\u00edmu energetick\u00e9mu metabolismu<\/li>\n<\/ul>\n<p><strong>Vitamin D p\u0159isp\u00edv\u00e1 k:<\/strong><\/p>\n<ul>\n<li>norm\u00e1ln\u00ed funkci imunitn\u00edho syst\u00e9mu<\/li>\n<li>zachov\u00e1n\u00ed norm\u00e1ln\u00edho stavu kost\u00ed a zub\u016f<\/li>\n<li>zachov\u00e1n\u00ed norm\u00e1ln\u00ed funkce sval\u016f<\/li>\n<\/ul>\n\t\t<\/div>\n\t\t\t\t\t<\/div>\n\n\t\n<\/div>\n<h2>Pou\u017eit\u00ed<\/h2>\n<p>Herbalife Immune Booster je dostupn\u00fd v praktick\u00e9 krabi\u010dce s 21 s\u00e1\u010dky a je vhodn\u00fd na cesty! U\u017e\u00edvejte Immune Booster ka\u017ed\u00fd den p\u0159id\u00e1n\u00edm jednoho s\u00e1\u010dku (3,7 g) do 150 ml vody a m\u00edchejte, dokud se nerozpust\u00ed. <\/p>\n<p>Konzumujte jeden poh\u00e1r denn\u011b k j\u00eddlu. Pou\u017e\u00edvejte tento v\u00fdrobek v r\u00e1mci vyv\u00e1\u017een\u00e9 a pestr\u00e9 stravy jako sou\u010d\u00e1st zdrav\u00e9ho aktivn\u00edho \u017eivotn\u00edho stylu. Sou\u010d\u00e1st\u00ed by m\u011bl b\u00fdt rovn\u011b\u017e pravideln\u00fd pohyb, odpo\u010dinek a regenerace. Nejd\u016fle\u017eit\u011bj\u0161\u00ed slo\u017eku tvo\u0159\u00ed samoz\u0159ejm\u011b vyv\u00e1\u017een\u00e1 strava.  <\/p>\n<p><a href=\"https:\/\/herbastore.sk\/wp-content\/uploads\/2025\/03\/herbalife-immune-booster-vyzivova-hodnota.png\"><img decoding=\"async\" class=\"aligncenter size-full wp-image-14451\" src=\"https:\/\/herbastore.sk\/wp-content\/uploads\/2025\/03\/herbalife-immune-booster-vyzivova-hodnota.png\" alt=\"Herbalife Immune Booster vyzivova hodnota\" width=\"600\" height=\"auto\"><\/a><\/p>\n<p style=\"text-align: center;\"><em>V\u00fd\u017eivov\u00e1 hodnota &#8211; Herbalife Immune Booster<\/em><\/p>\n","protected":false},"excerpt":{"rendered":"<p>77,7 g (21 s\u00e1\u010dk\u016f po 3,7 g)<\/p>\n<div class=\"is-divider divider clearfix\" ><\/div>\n<p>Immune Booster od Herbalife je osv\u011b\u017euj\u00edc\u00ed dopl\u0148kov\u00fd n\u00e1poj s p\u0159\u00edchut\u00ed \u010dern\u00e9ho bezu, kter\u00fd m\u00e1 vysok\u00fd obsah kl\u00ed\u010dov\u00fdch vitam\u00edn\u016f a miner\u00e1l\u016f, kter\u00e9 p\u0159isp\u00edvaj\u00ed k norm\u00e1ln\u00ed funkci imunitn\u00edho syst\u00e9mu.<br \/>\n<br \/>Obsahuje p\u0159\u00edrodn\u00ed EpiCor\u00ae, vitam\u00edny C a D, selen a zinek.<\/p>\n","protected":false},"featured_media":19126,"comment_status":"open","ping_status":"closed","template":"","meta":{"inline_featured_image":false},"product_brand":[],"product_cat":[187],"product_tag":[207],"class_list":{"0":"post-13014","1":"product","2":"type-product","3":"status-publish","4":"has-post-thumbnail","6":"product_cat-vitaminy-a-mineraly","7":"product_tag-podpora-imunity","9":"first","10":"instock","11":"taxable","12":"shipping-taxable","13":"purchasable","14":"product-type-simple"},"yoast_head":"<!-- This site is optimized with the Yoast SEO plugin v26.8 - https:\/\/yoast.com\/product\/yoast-seo-wordpress\/ -->\n<title>Herbalife Immune Booster 77,7 g - herbastore.sk<\/title>\n<meta name=\"description\" content=\"Immune Booster je osv\u011b\u017euj\u00edc\u00ed dopl\u0148kov\u00fd n\u00e1poj, kter\u00fd m\u00e1 vysok\u00fd obsah vitam\u00edn\u016f a miner\u00e1l\u016f pro podporu spr\u00e1vn\u00e9 funkce imunitn\u00edho syst\u00e9mu.\" \/>\n<meta name=\"robots\" content=\"index, follow, max-snippet:-1, max-image-preview:large, max-video-preview:-1\" \/>\n<link rel=\"canonical\" href=\"https:\/\/herbastore.sk\/cs\/produkty\/vitaminy-a-mineraly\/immune-booster\/\" \/>\n<meta property=\"og:locale\" content=\"cs_CZ\" \/>\n<meta property=\"og:type\" content=\"article\" \/>\n<meta property=\"og:title\" content=\"Herbalife Immune Booster 77,7 g - herbastore.sk\" \/>\n<meta property=\"og:description\" content=\"Immune Booster je osv\u011b\u017euj\u00edc\u00ed dopl\u0148kov\u00fd n\u00e1poj, kter\u00fd m\u00e1 vysok\u00fd obsah vitam\u00edn\u016f a miner\u00e1l\u016f pro podporu spr\u00e1vn\u00e9 funkce imunitn\u00edho syst\u00e9mu.\" \/>\n<meta property=\"og:url\" content=\"https:\/\/herbastore.sk\/cs\/produkty\/vitaminy-a-mineraly\/immune-booster\/\" \/>\n<meta property=\"og:site_name\" content=\"herbastore\" \/>\n<meta property=\"article:publisher\" content=\"https:\/\/www.facebook.com\/herbastoresk\/\" \/>\n<meta property=\"article:modified_time\" content=\"2025-03-09T20:27:24+00:00\" \/>\n<meta property=\"og:image\" content=\"https:\/\/herbastore.sk\/wp-content\/uploads\/2022\/09\/Herbalife-novy-Immune-Booster.jpg\" \/>\n\t<meta property=\"og:image:width\" content=\"534\" \/>\n\t<meta property=\"og:image:height\" content=\"800\" \/>\n\t<meta property=\"og:image:type\" content=\"image\/jpeg\" \/>\n<meta name=\"twitter:card\" content=\"summary_large_image\" \/>\n<meta name=\"twitter:label1\" content=\"Odhadovan\u00e1 doba \u010dten\u00ed\" \/>\n\t<meta name=\"twitter:data1\" content=\"2 minuty\" \/>\n<script type=\"application\/ld+json\" class=\"yoast-schema-graph\">{\"@context\":\"https:\/\/schema.org\",\"@graph\":[{\"@type\":\"WebPage\",\"@id\":\"https:\/\/herbastore.sk\/cs\/produkty\/vitaminy-a-mineraly\/immune-booster\/\",\"url\":\"https:\/\/herbastore.sk\/cs\/produkty\/vitaminy-a-mineraly\/immune-booster\/\",\"name\":\"Herbalife Immune Booster 77,7 g - herbastore.sk\",\"isPartOf\":{\"@id\":\"https:\/\/herbastore.sk\/cs\/#website\"},\"primaryImageOfPage\":{\"@id\":\"https:\/\/herbastore.sk\/cs\/produkty\/vitaminy-a-mineraly\/immune-booster\/#primaryimage\"},\"image\":{\"@id\":\"https:\/\/herbastore.sk\/cs\/produkty\/vitaminy-a-mineraly\/immune-booster\/#primaryimage\"},\"thumbnailUrl\":\"https:\/\/herbastore.sk\/wp-content\/uploads\/2022\/09\/Herbalife-novy-Immune-Booster.jpg\",\"datePublished\":\"2021-01-12T21:30:52+00:00\",\"dateModified\":\"2025-03-09T20:27:24+00:00\",\"description\":\"Immune Booster je osv\u011b\u017euj\u00edc\u00ed dopl\u0148kov\u00fd n\u00e1poj, kter\u00fd m\u00e1 vysok\u00fd obsah vitam\u00edn\u016f a miner\u00e1l\u016f pro podporu spr\u00e1vn\u00e9 funkce imunitn\u00edho syst\u00e9mu.\",\"breadcrumb\":{\"@id\":\"https:\/\/herbastore.sk\/cs\/produkty\/vitaminy-a-mineraly\/immune-booster\/#breadcrumb\"},\"inLanguage\":\"cs\",\"potentialAction\":[{\"@type\":\"ReadAction\",\"target\":[\"https:\/\/herbastore.sk\/cs\/produkty\/vitaminy-a-mineraly\/immune-booster\/\"]}]},{\"@type\":\"ImageObject\",\"inLanguage\":\"cs\",\"@id\":\"https:\/\/herbastore.sk\/cs\/produkty\/vitaminy-a-mineraly\/immune-booster\/#primaryimage\",\"url\":\"https:\/\/herbastore.sk\/wp-content\/uploads\/2022\/09\/Herbalife-novy-Immune-Booster.jpg\",\"contentUrl\":\"https:\/\/herbastore.sk\/wp-content\/uploads\/2022\/09\/Herbalife-novy-Immune-Booster.jpg\",\"width\":534,\"height\":800,\"caption\":\"Herbalife novy Immune Booster\"},{\"@type\":\"BreadcrumbList\",\"@id\":\"https:\/\/herbastore.sk\/cs\/produkty\/vitaminy-a-mineraly\/immune-booster\/#breadcrumb\",\"itemListElement\":[{\"@type\":\"ListItem\",\"position\":1,\"name\":\"Home\",\"item\":\"https:\/\/herbastore.sk\/cs\/\"},{\"@type\":\"ListItem\",\"position\":2,\"name\":\"Produkty\",\"item\":\"https:\/\/herbastore.sk\/cs\/produkty\/\"},{\"@type\":\"ListItem\",\"position\":3,\"name\":\"Immune Booster\"}]},{\"@type\":\"WebSite\",\"@id\":\"https:\/\/herbastore.sk\/cs\/#website\",\"url\":\"https:\/\/herbastore.sk\/cs\/\",\"name\":\"herbastore\",\"description\":\"Produkty Herbalife z pohodlia v\u00e1\u0161ho domova\",\"publisher\":{\"@id\":\"https:\/\/herbastore.sk\/cs\/#organization\"},\"potentialAction\":[{\"@type\":\"SearchAction\",\"target\":{\"@type\":\"EntryPoint\",\"urlTemplate\":\"https:\/\/herbastore.sk\/cs\/?s={search_term_string}\"},\"query-input\":{\"@type\":\"PropertyValueSpecification\",\"valueRequired\":true,\"valueName\":\"search_term_string\"}}],\"inLanguage\":\"cs\"},{\"@type\":\"Organization\",\"@id\":\"https:\/\/herbastore.sk\/cs\/#organization\",\"name\":\"herbastore.sk\",\"url\":\"https:\/\/herbastore.sk\/cs\/\",\"logo\":{\"@type\":\"ImageObject\",\"inLanguage\":\"cs\",\"@id\":\"https:\/\/herbastore.sk\/cs\/#\/schema\/logo\/image\/\",\"url\":\"https:\/\/herbastore.sk\/wp-content\/uploads\/2018\/11\/herbastore-ikona.png\",\"contentUrl\":\"https:\/\/herbastore.sk\/wp-content\/uploads\/2018\/11\/herbastore-ikona.png\",\"width\":512,\"height\":512,\"caption\":\"herbastore.sk\"},\"image\":{\"@id\":\"https:\/\/herbastore.sk\/cs\/#\/schema\/logo\/image\/\"},\"sameAs\":[\"https:\/\/www.facebook.com\/herbastoresk\/\",\"https:\/\/www.instagram.com\/herbastore.sk\/\"]}]}<\/script>\n<!-- \/ Yoast SEO plugin. -->","yoast_head_json":{"title":"Herbalife Immune Booster 77,7 g - herbastore.sk","description":"Immune Booster je osv\u011b\u017euj\u00edc\u00ed dopl\u0148kov\u00fd n\u00e1poj, kter\u00fd m\u00e1 vysok\u00fd obsah vitam\u00edn\u016f a miner\u00e1l\u016f pro podporu spr\u00e1vn\u00e9 funkce imunitn\u00edho syst\u00e9mu.","robots":{"index":"index","follow":"follow","max-snippet":"max-snippet:-1","max-image-preview":"max-image-preview:large","max-video-preview":"max-video-preview:-1"},"canonical":"https:\/\/herbastore.sk\/cs\/produkty\/vitaminy-a-mineraly\/immune-booster\/","og_locale":"cs_CZ","og_type":"article","og_title":"Herbalife Immune Booster 77,7 g - herbastore.sk","og_description":"Immune Booster je osv\u011b\u017euj\u00edc\u00ed dopl\u0148kov\u00fd n\u00e1poj, kter\u00fd m\u00e1 vysok\u00fd obsah vitam\u00edn\u016f a miner\u00e1l\u016f pro podporu spr\u00e1vn\u00e9 funkce imunitn\u00edho syst\u00e9mu.","og_url":"https:\/\/herbastore.sk\/cs\/produkty\/vitaminy-a-mineraly\/immune-booster\/","og_site_name":"herbastore","article_publisher":"https:\/\/www.facebook.com\/herbastoresk\/","article_modified_time":"2025-03-09T20:27:24+00:00","og_image":[{"width":534,"height":800,"url":"https:\/\/herbastore.sk\/wp-content\/uploads\/2022\/09\/Herbalife-novy-Immune-Booster.jpg","type":"image\/jpeg"}],"twitter_card":"summary_large_image","twitter_misc":{"Odhadovan\u00e1 doba \u010dten\u00ed":"2 minuty"},"schema":{"@context":"https:\/\/schema.org","@graph":[{"@type":"WebPage","@id":"https:\/\/herbastore.sk\/cs\/produkty\/vitaminy-a-mineraly\/immune-booster\/","url":"https:\/\/herbastore.sk\/cs\/produkty\/vitaminy-a-mineraly\/immune-booster\/","name":"Herbalife Immune Booster 77,7 g - herbastore.sk","isPartOf":{"@id":"https:\/\/herbastore.sk\/cs\/#website"},"primaryImageOfPage":{"@id":"https:\/\/herbastore.sk\/cs\/produkty\/vitaminy-a-mineraly\/immune-booster\/#primaryimage"},"image":{"@id":"https:\/\/herbastore.sk\/cs\/produkty\/vitaminy-a-mineraly\/immune-booster\/#primaryimage"},"thumbnailUrl":"https:\/\/herbastore.sk\/wp-content\/uploads\/2022\/09\/Herbalife-novy-Immune-Booster.jpg","datePublished":"2021-01-12T21:30:52+00:00","dateModified":"2025-03-09T20:27:24+00:00","description":"Immune Booster je osv\u011b\u017euj\u00edc\u00ed dopl\u0148kov\u00fd n\u00e1poj, kter\u00fd m\u00e1 vysok\u00fd obsah vitam\u00edn\u016f a miner\u00e1l\u016f pro podporu spr\u00e1vn\u00e9 funkce imunitn\u00edho syst\u00e9mu.","breadcrumb":{"@id":"https:\/\/herbastore.sk\/cs\/produkty\/vitaminy-a-mineraly\/immune-booster\/#breadcrumb"},"inLanguage":"cs","potentialAction":[{"@type":"ReadAction","target":["https:\/\/herbastore.sk\/cs\/produkty\/vitaminy-a-mineraly\/immune-booster\/"]}]},{"@type":"ImageObject","inLanguage":"cs","@id":"https:\/\/herbastore.sk\/cs\/produkty\/vitaminy-a-mineraly\/immune-booster\/#primaryimage","url":"https:\/\/herbastore.sk\/wp-content\/uploads\/2022\/09\/Herbalife-novy-Immune-Booster.jpg","contentUrl":"https:\/\/herbastore.sk\/wp-content\/uploads\/2022\/09\/Herbalife-novy-Immune-Booster.jpg","width":534,"height":800,"caption":"Herbalife novy Immune Booster"},{"@type":"BreadcrumbList","@id":"https:\/\/herbastore.sk\/cs\/produkty\/vitaminy-a-mineraly\/immune-booster\/#breadcrumb","itemListElement":[{"@type":"ListItem","position":1,"name":"Home","item":"https:\/\/herbastore.sk\/cs\/"},{"@type":"ListItem","position":2,"name":"Produkty","item":"https:\/\/herbastore.sk\/cs\/produkty\/"},{"@type":"ListItem","position":3,"name":"Immune Booster"}]},{"@type":"WebSite","@id":"https:\/\/herbastore.sk\/cs\/#website","url":"https:\/\/herbastore.sk\/cs\/","name":"herbastore","description":"Produkty Herbalife z pohodlia v\u00e1\u0161ho domova","publisher":{"@id":"https:\/\/herbastore.sk\/cs\/#organization"},"potentialAction":[{"@type":"SearchAction","target":{"@type":"EntryPoint","urlTemplate":"https:\/\/herbastore.sk\/cs\/?s={search_term_string}"},"query-input":{"@type":"PropertyValueSpecification","valueRequired":true,"valueName":"search_term_string"}}],"inLanguage":"cs"},{"@type":"Organization","@id":"https:\/\/herbastore.sk\/cs\/#organization","name":"herbastore.sk","url":"https:\/\/herbastore.sk\/cs\/","logo":{"@type":"ImageObject","inLanguage":"cs","@id":"https:\/\/herbastore.sk\/cs\/#\/schema\/logo\/image\/","url":"https:\/\/herbastore.sk\/wp-content\/uploads\/2018\/11\/herbastore-ikona.png","contentUrl":"https:\/\/herbastore.sk\/wp-content\/uploads\/2018\/11\/herbastore-ikona.png","width":512,"height":512,"caption":"herbastore.sk"},"image":{"@id":"https:\/\/herbastore.sk\/cs\/#\/schema\/logo\/image\/"},"sameAs":["https:\/\/www.facebook.com\/herbastoresk\/","https:\/\/www.instagram.com\/herbastore.sk\/"]}]}},"_links":{"self":[{"href":"https:\/\/herbastore.sk\/cs\/wp-json\/wp\/v2\/product\/13014","targetHints":{"allow":["GET"]}}],"collection":[{"href":"https:\/\/herbastore.sk\/cs\/wp-json\/wp\/v2\/product"}],"about":[{"href":"https:\/\/herbastore.sk\/cs\/wp-json\/wp\/v2\/types\/product"}],"replies":[{"embeddable":true,"href":"https:\/\/herbastore.sk\/cs\/wp-json\/wp\/v2\/comments?post=13014"}],"wp:featuredmedia":[{"embeddable":true,"href":"https:\/\/herbastore.sk\/cs\/wp-json\/wp\/v2\/media\/19126"}],"wp:attachment":[{"href":"https:\/\/herbastore.sk\/cs\/wp-json\/wp\/v2\/media?parent=13014"}],"wp:term":[{"taxonomy":"product_brand","embeddable":true,"href":"https:\/\/herbastore.sk\/cs\/wp-json\/wp\/v2\/product_brand?post=13014"},{"taxonomy":"product_cat","embeddable":true,"href":"https:\/\/herbastore.sk\/cs\/wp-json\/wp\/v2\/product_cat?post=13014"},{"taxonomy":"product_tag","embeddable":true,"href":"https:\/\/herbastore.sk\/cs\/wp-json\/wp\/v2\/product_tag?post=13014"}],"curies":[{"name":"wp","href":"https:\/\/api.w.org\/{rel}","templated":true}]}}