{"id":12430,"date":"2020-11-19T22:45:10","date_gmt":"2020-11-19T22:26:09","guid":{"rendered":"https:\/\/herbastore.sk\/produkty\/nezarazene\/kolagen-skin-booster\/"},"modified":"2025-12-11T19:58:41","modified_gmt":"2025-12-11T18:58:41","slug":"kolagen-skin-booster","status":"publish","type":"product","link":"https:\/\/herbastore.sk\/cs\/produkty\/herbalife-skin\/kolagen-skin-booster\/","title":{"rendered":"Kolagen Skin Booster"},"content":{"rendered":"<h2>Kolagen Skin Booster &#8211; vlastnosti a \u00fa\u010dinky<\/h2>\n<p> Na\u0161e poko\u017eka n\u00e1m napov\u00ed hodn\u011b o na\u0161em zdrav\u00ed. P\u0159ib\u00fdvaj\u00edc\u00edm v\u011bkem p\u0159irozen\u011b ztr\u00e1c\u00ed svou pevnost, pru\u017enost a strukturu. Proto p\u0159ich\u00e1z\u00ed spole\u010dnost Herbalife Nutrition s novinkou Collagen Skin Booster. Je obohacen s kolagenem Verisol\u00ae na podporu pru\u017enosti poko\u017eky a napom\u00e1h\u00e1 p\u0159i redukci vr\u00e1sek. Kolagen je nejv\u00edce zastoupena b\u00edlkovina v na\u0161em t\u011ble a tvo\u0159\u00ed p\u0159ibli\u017en\u011b 30% z cel\u00e9ho spektra b\u00edlkovin. A\u017e 75% kolagenu v t\u011ble se nach\u00e1z\u00ed v k\u016f\u017ei, co\u017e p\u0159i jeho nedostatku znamen\u00e1 a\u0165 u\u017e st\u00e1rnut\u00ed, ztr\u00e1tu pru\u017enosti nebo hor\u0161\u00ed regeneraci.<\/p>\n<div class=\"row\"  id=\"row-33424618\">\n\n\t<div id=\"col-1200297573\" class=\"col medium-1\/2 large-6\"  >\n\t\t\t\t<div class=\"col-inner\"  >\n\t\t\t\n\t\t\t\n<ul>\n<li class=\"bullet-checkmark\">Obsahuje Verisol\u00ae P \u2013 kolagenov\u00e9 peptidy, kter\u00e9 zlep\u0161uj\u00ed pru\u017enost poko\u017eky a podporuj\u00ed redukci vr\u00e1sek ji\u017e po \u010dty\u0159ech t\u00fddnech pou\u017e\u00edv\u00e1n\u00ed, co\u017e je v\u011bdecky prok\u00e1z\u00e1no<\/li>\n<li class=\"bullet-checkmark\">Bylo tak\u00e9 prok\u00e1z\u00e1no, \u017ee <strong>Verisol\u00ae P sni\u017euje viditeln\u00e9 projevy celulitidy ji\u017e po 3 m\u011bs\u00edc\u00edch<\/strong> pravideln\u00e9ho u\u017e\u00edv\u00e1n\u00ed<\/li>\n<li class=\"bullet-checkmark\">Podporuje zdrav\u00e9 vlasy a pevn\u00e9 nehty selenem, zinkem a biotinem<\/li>\n<li class=\"bullet-checkmark\">Bezlepkov\u00fd<\/li>\n<\/ul>\n\t\t<\/div>\n\t\t\t\t\t<\/div>\n\n\t\n\n\t<div id=\"col-1394224611\" class=\"col medium-1\/2 large-6\"  >\n\t\t\t\t<div class=\"col-inner\"  >\n\t\t\t\n\t\t\t\n<ul>\n<li class=\"bullet-checkmark\">Vysok\u00fd obsah vitam\u00ednu C, kter\u00fd p\u0159isp\u00edv\u00e1 k norm\u00e1ln\u00ed tvorb\u011b kolagenu pro spr\u00e1vnou funkci poko\u017eky<\/li>\n<li class=\"bullet-checkmark\">Vysok\u00fd obsah vitam\u00ednu E, kter\u00fd p\u0159isp\u00edv\u00e1 k ochran\u011b bun\u011bk p\u0159ed oxidativn\u00edm stresem, kter\u00fd odpov\u00edd\u00e1 za st\u00e1rnut\u00ed poko\u017eky<\/li>\n<li class=\"bullet-checkmark\">Obsahuje a\u017e 30 d\u00e1vek (v\u00fd\u017eiva pleti na cel\u00fd m\u011bs\u00edc)<\/li>\n<li class=\"bullet-checkmark\">Slazen\u00fd st\u00e9vi\u00ed, bez lepku, skv\u011bl\u00e1 chu\u0165<\/li>\n<\/ul>\n\t\t<\/div>\n\t\t\t\t\t<\/div>\n\n\t\n<\/div>\n<h2>Pou\u017eitie<\/h2>\n<p>U\u017eite Kolag\u00e9n Skin Booster ka\u017ed\u00fd de\u0148. Pridajte 1 odmerku (5,7 g) pr\u00e1\u0161ku do 250 ml vody a mie\u0161ajte, k\u00fdm sa nerozpust\u00ed. Konzumujte jeden poh\u00e1r denne k jedlu. Pou\u017e\u00edvajte tento produkt v r\u00e1mci vyv\u00e1\u017eenej a rozmanitej stravy ako s\u00fa\u010das\u0165 zdrav\u00e9ho akt\u00edvneho \u017eivotn\u00e9ho \u0161t\u00fdlu.<\/p>\n<p><a href=\"https:\/\/herbastore.sk\/wp-content\/uploads\/2020\/11\/Herbalife-Collagen-Skin-Booster-vyzivova-hodnota.jpg\"><img decoding=\"async\" class=\"aligncenter wp-image-12425 size-full\" src=\"https:\/\/herbastore.sk\/wp-content\/uploads\/2020\/11\/Herbalife-Collagen-Skin-Booster-vyzivova-hodnota.jpg\" alt=\"\" width=\"600\" height=\"auto\" srcset=\"https:\/\/herbastore.sk\/wp-content\/uploads\/2020\/11\/Herbalife-Collagen-Skin-Booster-vyzivova-hodnota.jpg 1480w, https:\/\/herbastore.sk\/wp-content\/uploads\/2020\/11\/Herbalife-Collagen-Skin-Booster-vyzivova-hodnota-267x76.jpg 267w, https:\/\/herbastore.sk\/wp-content\/uploads\/2020\/11\/Herbalife-Collagen-Skin-Booster-vyzivova-hodnota-534x152.jpg 534w, https:\/\/herbastore.sk\/wp-content\/uploads\/2020\/11\/Herbalife-Collagen-Skin-Booster-vyzivova-hodnota-800x227.jpg 800w, https:\/\/herbastore.sk\/wp-content\/uploads\/2020\/11\/Herbalife-Collagen-Skin-Booster-vyzivova-hodnota-1400x397.jpg 1400w, https:\/\/herbastore.sk\/wp-content\/uploads\/2020\/11\/Herbalife-Collagen-Skin-Booster-vyzivova-hodnota-768x218.jpg 768w, https:\/\/herbastore.sk\/wp-content\/uploads\/2020\/11\/Herbalife-Collagen-Skin-Booster-vyzivova-hodnota-510x145.jpg 510w\" sizes=\"(max-width: 1480px) 100vw, 1480px\" \/><\/a><\/p>\n<p style=\"text-align: center;\"><em>V\u00fd\u017eivov\u00e1 hodnota &#8211; Herbalife Collagen Skin Booster<\/em><\/p>\n","protected":false},"excerpt":{"rendered":"<p>171 g <div class=\"is-divider divider clearfix\" ><\/div> Herbalife Collagen Skin Booster podpo\u0159\u00ed zdrav\u00ed va\u0161\u00ed poko\u017eky zevnit\u0159 ven pro viditeln\u011b mlad\u0161\u00ed vzhled pleti. Je obohacen s kolagenem Verisol\u00ae na podporu pru\u017enosti poko\u017eky a napom\u00e1h\u00e1 p\u0159i redukci vr\u00e1sek. I d\u00edky klinicky testovan\u00fdm \u00fa\u010dinkem se prokazateln\u011b zredukuj\u00ed vr\u00e1sky ji\u017e po 4 t\u00fddnech a celulitida po 3 m\u011bs\u00edc\u00edch pou\u017e\u00edv\u00e1n\u00ed.<\/p>\n","protected":false},"featured_media":12422,"comment_status":"open","ping_status":"closed","template":"","meta":{"inline_featured_image":false},"product_brand":[],"product_cat":[319,178],"product_tag":[203],"class_list":{"0":"post-12430","1":"product","2":"type-product","3":"status-publish","4":"has-post-thumbnail","6":"product_cat-nejprodavanejsi","7":"product_cat-herbalife-skin","8":"product_tag-hezci-plet-a-vlasy","10":"first","11":"instock","12":"taxable","13":"shipping-taxable","14":"purchasable","15":"product-type-simple"},"yoast_head":"<!-- This site is optimized with the Yoast SEO plugin v26.8 - https:\/\/yoast.com\/product\/yoast-seo-wordpress\/ -->\n<title>Herbalife SKIN Kolagen Skin Booster 171 g - herbastore.sk<\/title>\n<meta name=\"description\" content=\"Herbalife SKIN Collagen Booster podpo\u0159\u00ed zdrav\u00ed va\u0161\u00ed poko\u017eky zevnit\u0159 pro viditeln\u011b mlad\u0161\u00ed vypadaj\u00edc\u00ed ple\u0165 a pom\u016f\u017ee p\u0159i redukc\u00ed vr\u00e1sek.\" \/>\n<meta name=\"robots\" content=\"index, follow, max-snippet:-1, max-image-preview:large, max-video-preview:-1\" \/>\n<link rel=\"canonical\" href=\"https:\/\/herbastore.sk\/cs\/produkty\/herbalife-skin\/kolagen-skin-booster\/\" \/>\n<meta property=\"og:locale\" content=\"cs_CZ\" \/>\n<meta property=\"og:type\" content=\"article\" \/>\n<meta property=\"og:title\" content=\"Herbalife SKIN Kolagen Skin Booster 171 g - herbastore.sk\" \/>\n<meta property=\"og:description\" content=\"Herbalife SKIN Collagen Booster podpo\u0159\u00ed zdrav\u00ed va\u0161\u00ed poko\u017eky zevnit\u0159 pro viditeln\u011b mlad\u0161\u00ed vypadaj\u00edc\u00ed ple\u0165 a pom\u016f\u017ee p\u0159i redukc\u00ed vr\u00e1sek.\" \/>\n<meta property=\"og:url\" content=\"https:\/\/herbastore.sk\/cs\/produkty\/herbalife-skin\/kolagen-skin-booster\/\" \/>\n<meta property=\"og:site_name\" content=\"herbastore\" \/>\n<meta property=\"article:publisher\" content=\"https:\/\/www.facebook.com\/herbastoresk\/\" \/>\n<meta property=\"article:modified_time\" content=\"2025-12-11T18:58:41+00:00\" \/>\n<meta property=\"og:image\" content=\"https:\/\/herbastore.sk\/wp-content\/uploads\/2020\/11\/Herbalife-Collagen-Skin-Booster.jpg\" \/>\n\t<meta property=\"og:image:width\" content=\"534\" \/>\n\t<meta property=\"og:image:height\" content=\"800\" \/>\n\t<meta property=\"og:image:type\" content=\"image\/jpeg\" \/>\n<meta name=\"twitter:card\" content=\"summary_large_image\" \/>\n<meta name=\"twitter:label1\" content=\"Odhadovan\u00e1 doba \u010dten\u00ed\" \/>\n\t<meta name=\"twitter:data1\" content=\"2 minuty\" \/>\n<script type=\"application\/ld+json\" class=\"yoast-schema-graph\">{\"@context\":\"https:\/\/schema.org\",\"@graph\":[{\"@type\":\"WebPage\",\"@id\":\"https:\/\/herbastore.sk\/cs\/produkty\/herbalife-skin\/kolagen-skin-booster\/\",\"url\":\"https:\/\/herbastore.sk\/cs\/produkty\/herbalife-skin\/kolagen-skin-booster\/\",\"name\":\"Herbalife SKIN Kolagen Skin Booster 171 g - herbastore.sk\",\"isPartOf\":{\"@id\":\"https:\/\/herbastore.sk\/cs\/#website\"},\"primaryImageOfPage\":{\"@id\":\"https:\/\/herbastore.sk\/cs\/produkty\/herbalife-skin\/kolagen-skin-booster\/#primaryimage\"},\"image\":{\"@id\":\"https:\/\/herbastore.sk\/cs\/produkty\/herbalife-skin\/kolagen-skin-booster\/#primaryimage\"},\"thumbnailUrl\":\"https:\/\/herbastore.sk\/wp-content\/uploads\/2020\/11\/Herbalife-Collagen-Skin-Booster.jpg\",\"datePublished\":\"2020-11-19T22:26:09+00:00\",\"dateModified\":\"2025-12-11T18:58:41+00:00\",\"description\":\"Herbalife SKIN Collagen Booster podpo\u0159\u00ed zdrav\u00ed va\u0161\u00ed poko\u017eky zevnit\u0159 pro viditeln\u011b mlad\u0161\u00ed vypadaj\u00edc\u00ed ple\u0165 a pom\u016f\u017ee p\u0159i redukc\u00ed vr\u00e1sek.\",\"breadcrumb\":{\"@id\":\"https:\/\/herbastore.sk\/cs\/produkty\/herbalife-skin\/kolagen-skin-booster\/#breadcrumb\"},\"inLanguage\":\"cs\",\"potentialAction\":[{\"@type\":\"ReadAction\",\"target\":[\"https:\/\/herbastore.sk\/cs\/produkty\/herbalife-skin\/kolagen-skin-booster\/\"]}]},{\"@type\":\"ImageObject\",\"inLanguage\":\"cs\",\"@id\":\"https:\/\/herbastore.sk\/cs\/produkty\/herbalife-skin\/kolagen-skin-booster\/#primaryimage\",\"url\":\"https:\/\/herbastore.sk\/wp-content\/uploads\/2020\/11\/Herbalife-Collagen-Skin-Booster.jpg\",\"contentUrl\":\"https:\/\/herbastore.sk\/wp-content\/uploads\/2020\/11\/Herbalife-Collagen-Skin-Booster.jpg\",\"width\":534,\"height\":800,\"caption\":\"Herbalife Collagen Skin Booster\"},{\"@type\":\"BreadcrumbList\",\"@id\":\"https:\/\/herbastore.sk\/cs\/produkty\/herbalife-skin\/kolagen-skin-booster\/#breadcrumb\",\"itemListElement\":[{\"@type\":\"ListItem\",\"position\":1,\"name\":\"Home\",\"item\":\"https:\/\/herbastore.sk\/cs\/\"},{\"@type\":\"ListItem\",\"position\":2,\"name\":\"Produkty\",\"item\":\"https:\/\/herbastore.sk\/cs\/produkty\/\"},{\"@type\":\"ListItem\",\"position\":3,\"name\":\"Kolagen Skin Booster\"}]},{\"@type\":\"WebSite\",\"@id\":\"https:\/\/herbastore.sk\/cs\/#website\",\"url\":\"https:\/\/herbastore.sk\/cs\/\",\"name\":\"herbastore\",\"description\":\"Produkty Herbalife z pohodlia v\u00e1\u0161ho domova\",\"publisher\":{\"@id\":\"https:\/\/herbastore.sk\/cs\/#organization\"},\"potentialAction\":[{\"@type\":\"SearchAction\",\"target\":{\"@type\":\"EntryPoint\",\"urlTemplate\":\"https:\/\/herbastore.sk\/cs\/?s={search_term_string}\"},\"query-input\":{\"@type\":\"PropertyValueSpecification\",\"valueRequired\":true,\"valueName\":\"search_term_string\"}}],\"inLanguage\":\"cs\"},{\"@type\":\"Organization\",\"@id\":\"https:\/\/herbastore.sk\/cs\/#organization\",\"name\":\"herbastore.sk\",\"url\":\"https:\/\/herbastore.sk\/cs\/\",\"logo\":{\"@type\":\"ImageObject\",\"inLanguage\":\"cs\",\"@id\":\"https:\/\/herbastore.sk\/cs\/#\/schema\/logo\/image\/\",\"url\":\"https:\/\/herbastore.sk\/wp-content\/uploads\/2018\/11\/herbastore-ikona.png\",\"contentUrl\":\"https:\/\/herbastore.sk\/wp-content\/uploads\/2018\/11\/herbastore-ikona.png\",\"width\":512,\"height\":512,\"caption\":\"herbastore.sk\"},\"image\":{\"@id\":\"https:\/\/herbastore.sk\/cs\/#\/schema\/logo\/image\/\"},\"sameAs\":[\"https:\/\/www.facebook.com\/herbastoresk\/\",\"https:\/\/www.instagram.com\/herbastore.sk\/\"]}]}<\/script>\n<!-- \/ Yoast SEO plugin. -->","yoast_head_json":{"title":"Herbalife SKIN Kolagen Skin Booster 171 g - herbastore.sk","description":"Herbalife SKIN Collagen Booster podpo\u0159\u00ed zdrav\u00ed va\u0161\u00ed poko\u017eky zevnit\u0159 pro viditeln\u011b mlad\u0161\u00ed vypadaj\u00edc\u00ed ple\u0165 a pom\u016f\u017ee p\u0159i redukc\u00ed vr\u00e1sek.","robots":{"index":"index","follow":"follow","max-snippet":"max-snippet:-1","max-image-preview":"max-image-preview:large","max-video-preview":"max-video-preview:-1"},"canonical":"https:\/\/herbastore.sk\/cs\/produkty\/herbalife-skin\/kolagen-skin-booster\/","og_locale":"cs_CZ","og_type":"article","og_title":"Herbalife SKIN Kolagen Skin Booster 171 g - herbastore.sk","og_description":"Herbalife SKIN Collagen Booster podpo\u0159\u00ed zdrav\u00ed va\u0161\u00ed poko\u017eky zevnit\u0159 pro viditeln\u011b mlad\u0161\u00ed vypadaj\u00edc\u00ed ple\u0165 a pom\u016f\u017ee p\u0159i redukc\u00ed vr\u00e1sek.","og_url":"https:\/\/herbastore.sk\/cs\/produkty\/herbalife-skin\/kolagen-skin-booster\/","og_site_name":"herbastore","article_publisher":"https:\/\/www.facebook.com\/herbastoresk\/","article_modified_time":"2025-12-11T18:58:41+00:00","og_image":[{"width":534,"height":800,"url":"https:\/\/herbastore.sk\/wp-content\/uploads\/2020\/11\/Herbalife-Collagen-Skin-Booster.jpg","type":"image\/jpeg"}],"twitter_card":"summary_large_image","twitter_misc":{"Odhadovan\u00e1 doba \u010dten\u00ed":"2 minuty"},"schema":{"@context":"https:\/\/schema.org","@graph":[{"@type":"WebPage","@id":"https:\/\/herbastore.sk\/cs\/produkty\/herbalife-skin\/kolagen-skin-booster\/","url":"https:\/\/herbastore.sk\/cs\/produkty\/herbalife-skin\/kolagen-skin-booster\/","name":"Herbalife SKIN Kolagen Skin Booster 171 g - herbastore.sk","isPartOf":{"@id":"https:\/\/herbastore.sk\/cs\/#website"},"primaryImageOfPage":{"@id":"https:\/\/herbastore.sk\/cs\/produkty\/herbalife-skin\/kolagen-skin-booster\/#primaryimage"},"image":{"@id":"https:\/\/herbastore.sk\/cs\/produkty\/herbalife-skin\/kolagen-skin-booster\/#primaryimage"},"thumbnailUrl":"https:\/\/herbastore.sk\/wp-content\/uploads\/2020\/11\/Herbalife-Collagen-Skin-Booster.jpg","datePublished":"2020-11-19T22:26:09+00:00","dateModified":"2025-12-11T18:58:41+00:00","description":"Herbalife SKIN Collagen Booster podpo\u0159\u00ed zdrav\u00ed va\u0161\u00ed poko\u017eky zevnit\u0159 pro viditeln\u011b mlad\u0161\u00ed vypadaj\u00edc\u00ed ple\u0165 a pom\u016f\u017ee p\u0159i redukc\u00ed vr\u00e1sek.","breadcrumb":{"@id":"https:\/\/herbastore.sk\/cs\/produkty\/herbalife-skin\/kolagen-skin-booster\/#breadcrumb"},"inLanguage":"cs","potentialAction":[{"@type":"ReadAction","target":["https:\/\/herbastore.sk\/cs\/produkty\/herbalife-skin\/kolagen-skin-booster\/"]}]},{"@type":"ImageObject","inLanguage":"cs","@id":"https:\/\/herbastore.sk\/cs\/produkty\/herbalife-skin\/kolagen-skin-booster\/#primaryimage","url":"https:\/\/herbastore.sk\/wp-content\/uploads\/2020\/11\/Herbalife-Collagen-Skin-Booster.jpg","contentUrl":"https:\/\/herbastore.sk\/wp-content\/uploads\/2020\/11\/Herbalife-Collagen-Skin-Booster.jpg","width":534,"height":800,"caption":"Herbalife Collagen Skin Booster"},{"@type":"BreadcrumbList","@id":"https:\/\/herbastore.sk\/cs\/produkty\/herbalife-skin\/kolagen-skin-booster\/#breadcrumb","itemListElement":[{"@type":"ListItem","position":1,"name":"Home","item":"https:\/\/herbastore.sk\/cs\/"},{"@type":"ListItem","position":2,"name":"Produkty","item":"https:\/\/herbastore.sk\/cs\/produkty\/"},{"@type":"ListItem","position":3,"name":"Kolagen Skin Booster"}]},{"@type":"WebSite","@id":"https:\/\/herbastore.sk\/cs\/#website","url":"https:\/\/herbastore.sk\/cs\/","name":"herbastore","description":"Produkty Herbalife z pohodlia v\u00e1\u0161ho domova","publisher":{"@id":"https:\/\/herbastore.sk\/cs\/#organization"},"potentialAction":[{"@type":"SearchAction","target":{"@type":"EntryPoint","urlTemplate":"https:\/\/herbastore.sk\/cs\/?s={search_term_string}"},"query-input":{"@type":"PropertyValueSpecification","valueRequired":true,"valueName":"search_term_string"}}],"inLanguage":"cs"},{"@type":"Organization","@id":"https:\/\/herbastore.sk\/cs\/#organization","name":"herbastore.sk","url":"https:\/\/herbastore.sk\/cs\/","logo":{"@type":"ImageObject","inLanguage":"cs","@id":"https:\/\/herbastore.sk\/cs\/#\/schema\/logo\/image\/","url":"https:\/\/herbastore.sk\/wp-content\/uploads\/2018\/11\/herbastore-ikona.png","contentUrl":"https:\/\/herbastore.sk\/wp-content\/uploads\/2018\/11\/herbastore-ikona.png","width":512,"height":512,"caption":"herbastore.sk"},"image":{"@id":"https:\/\/herbastore.sk\/cs\/#\/schema\/logo\/image\/"},"sameAs":["https:\/\/www.facebook.com\/herbastoresk\/","https:\/\/www.instagram.com\/herbastore.sk\/"]}]}},"_links":{"self":[{"href":"https:\/\/herbastore.sk\/cs\/wp-json\/wp\/v2\/product\/12430","targetHints":{"allow":["GET"]}}],"collection":[{"href":"https:\/\/herbastore.sk\/cs\/wp-json\/wp\/v2\/product"}],"about":[{"href":"https:\/\/herbastore.sk\/cs\/wp-json\/wp\/v2\/types\/product"}],"replies":[{"embeddable":true,"href":"https:\/\/herbastore.sk\/cs\/wp-json\/wp\/v2\/comments?post=12430"}],"wp:featuredmedia":[{"embeddable":true,"href":"https:\/\/herbastore.sk\/cs\/wp-json\/wp\/v2\/media\/12422"}],"wp:attachment":[{"href":"https:\/\/herbastore.sk\/cs\/wp-json\/wp\/v2\/media?parent=12430"}],"wp:term":[{"taxonomy":"product_brand","embeddable":true,"href":"https:\/\/herbastore.sk\/cs\/wp-json\/wp\/v2\/product_brand?post=12430"},{"taxonomy":"product_cat","embeddable":true,"href":"https:\/\/herbastore.sk\/cs\/wp-json\/wp\/v2\/product_cat?post=12430"},{"taxonomy":"product_tag","embeddable":true,"href":"https:\/\/herbastore.sk\/cs\/wp-json\/wp\/v2\/product_tag?post=12430"}],"curies":[{"name":"wp","href":"https:\/\/api.w.org\/{rel}","templated":true}]}}